{"id":219072,"date":"2021-07-07T14:20:36","date_gmt":"2021-07-07T12:20:36","guid":{"rendered":"https:\/\/www.huntersfriend.eu\/product\/final-approach-full-body-pink-foot-goose-decoy\/"},"modified":"2025-09-02T08:59:12","modified_gmt":"2025-09-02T06:59:12","slug":"final-approach-full-body-pink-foot-goose-decoy","status":"publish","type":"product","link":"https:\/\/www.huntersfriend.eu\/de\/produkt\/final-approach-full-body-pink-foot-goose-decoy\/","title":{"rendered":"Final Approach Ganzk\u00f6rper-Lockvogel f\u00fcr Kurzschnabelg\u00e4nse"},"content":{"rendered":"<p>Final Approach Last Pass Ganzk\u00f6rper-Kurzschnabelgans, 6er-Pack.<\/p>\n<ul>\n<li>Robuste Mischung aus weicherem Kunststoff f\u00fcr erh\u00f6hte Haltbarkeit und bessere Farbhaftung<\/li>\n<li>Verbessertes Farbschema f\u00fcr ein realistischeres Aussehen<\/li>\n<li>3 neu geschnitzte K\u00f6pfe f\u00fcr ein realistischeres Aussehen der Kurzschnabelgans!<\/li>\n<li>18 Zoll Fiberglas-Erdspie\u00dfe mit Griff zum einfachen Einsetzen und Herausnehmen aus dem Boden<\/li>\n<li>Inhalt: 2 ruhende, 2 aggressiv fressende und 2 fressende mit kurzem Hals<\/li>\n<\/ul>\n<p>&nbsp;<\/p>\n<p><strong>Achtung: Online-Bestellungen sind auf eine Packung pro Bestellung begrenzt. F\u00fcr gr\u00f6\u00dfere Mengen kontaktieren Sie bitte direkt den Kundenservice, um Informationen zu den Lieferkosten zu erhalten. <\/strong><\/p>\n","protected":false},"excerpt":{"rendered":"<p>6 Stk.\/Karton<\/p>\n<p><strong>Achtung: Online-Bestellungen sind auf eine Packung pro Bestellung begrenzt. F\u00fcr gr\u00f6\u00dfere Mengen kontaktieren Sie bitte direkt den Kundenservice, um Informationen zu den Lieferkosten zu erhalten. <\/strong><\/p>\n","protected":false},"featured_media":208727,"comment_status":"open","ping_status":"closed","template":"","meta":[],"product_brand":[],"product_cat":[1394],"product_tag":[],"class_list":{"0":"post-219072","1":"product","2":"type-product","3":"status-publish","4":"has-post-thumbnail","6":"product_cat-ganse-lockvogel","7":"product_shipping_class-big-de","9":"first","10":"instock","11":"sale","12":"taxable","13":"shipping-taxable","14":"purchasable","15":"product-type-simple"},"composite_virtual":false,"composite_layout":"","composite_add_to_cart_form_location":"","composite_editable_in_cart":false,"composite_sold_individually_context":"","composite_shop_price_calc":"","composite_components":[],"composite_scenarios":[],"group_of_quantity":0,"min_quantity":0,"max_quantity":"","exclude_order_quantity_value_rules":"no","exclude_category_quantity_rules":"no","combine_variations":"no","exclude_global_add_ons":[],"addons":[],"_links":{"self":[{"href":"https:\/\/www.huntersfriend.eu\/de\/wp-json\/wp\/v2\/product\/219072","targetHints":{"allow":["GET"]}}],"collection":[{"href":"https:\/\/www.huntersfriend.eu\/de\/wp-json\/wp\/v2\/product"}],"about":[{"href":"https:\/\/www.huntersfriend.eu\/de\/wp-json\/wp\/v2\/types\/product"}],"replies":[{"embeddable":true,"href":"https:\/\/www.huntersfriend.eu\/de\/wp-json\/wp\/v2\/comments?post=219072"}],"wp:featuredmedia":[{"embeddable":true,"href":"https:\/\/www.huntersfriend.eu\/de\/wp-json\/wp\/v2\/media\/208727"}],"wp:attachment":[{"href":"https:\/\/www.huntersfriend.eu\/de\/wp-json\/wp\/v2\/media?parent=219072"}],"wp:term":[{"taxonomy":"product_brand","embeddable":true,"href":"https:\/\/www.huntersfriend.eu\/de\/wp-json\/wp\/v2\/product_brand?post=219072"},{"taxonomy":"product_cat","embeddable":true,"href":"https:\/\/www.huntersfriend.eu\/de\/wp-json\/wp\/v2\/product_cat?post=219072"},{"taxonomy":"product_tag","embeddable":true,"href":"https:\/\/www.huntersfriend.eu\/de\/wp-json\/wp\/v2\/product_tag?post=219072"}],"curies":[{"name":"wp","href":"https:\/\/api.w.org\/{rel}","templated":true}]}}