{"id":219071,"date":"2021-07-07T14:20:37","date_gmt":"2021-07-07T12:20:37","guid":{"rendered":"https:\/\/www.huntersfriend.eu\/product\/219071\/"},"modified":"2024-08-27T08:09:55","modified_gmt":"2024-08-27T06:09:55","slug":"219071","status":"publish","type":"product","link":"https:\/\/www.huntersfriend.eu\/de\/produkt\/219071\/","title":{"rendered":""},"content":{"rendered":"<p>Dieses K\u00f6derpaket ist perfekt, wenn Sie auf Pfeifenten jagen oder einfach nur einen Farbklecks in Ihre Auslage bringen wollen. Die K\u00f6der wurden so ausgew\u00e4hlt, dass sie echte Pfeifenten auf dem Wasser nat\u00fcrlich imitieren. Im Lieferumfang enthalten sind 2 Pfeifenten, 2 Erpel f\u00fcr die Oberfl\u00e4chenf\u00fctterung und 2 ruhende Hennen. Der leichte, extrem haltbare Premium-EVA-Kunststoff macht diese K\u00f6der zu einer gro\u00dfartigen Erg\u00e4nzung f\u00fcr jede K\u00f6derauslage.<\/p>\n<p>Achtung! Online-Bestellungen sind auf eine Box pro Bestellung begrenzt. Bei gr\u00f6\u00dferen Mengen wenden Sie sich bitte direkt an den Kundendienst, um die Lieferkosten zu erfragen.<\/p>\n","protected":false},"excerpt":{"rendered":"<p>6 Stk. pro Packung<\/p>\n","protected":false},"featured_media":208751,"comment_status":"open","ping_status":"closed","template":"","meta":[],"product_brand":[],"product_cat":[1368],"product_tag":[],"class_list":{"0":"post-219071","1":"product","2":"type-product","3":"status-publish","4":"has-post-thumbnail","6":"product_cat-enten-lockvogel","7":"product_shipping_class-big-de","9":"first","10":"onbackorder","11":"taxable","12":"shipping-taxable","13":"purchasable","14":"product-type-simple"},"composite_virtual":false,"composite_layout":"","composite_add_to_cart_form_location":"","composite_editable_in_cart":false,"composite_sold_individually_context":"","composite_shop_price_calc":"","composite_components":[],"composite_scenarios":[],"group_of_quantity":0,"min_quantity":0,"max_quantity":"","exclude_order_quantity_value_rules":"no","exclude_category_quantity_rules":"no","combine_variations":"no","exclude_global_add_ons":[],"addons":[],"_links":{"self":[{"href":"https:\/\/www.huntersfriend.eu\/de\/wp-json\/wp\/v2\/product\/219071","targetHints":{"allow":["GET"]}}],"collection":[{"href":"https:\/\/www.huntersfriend.eu\/de\/wp-json\/wp\/v2\/product"}],"about":[{"href":"https:\/\/www.huntersfriend.eu\/de\/wp-json\/wp\/v2\/types\/product"}],"replies":[{"embeddable":true,"href":"https:\/\/www.huntersfriend.eu\/de\/wp-json\/wp\/v2\/comments?post=219071"}],"wp:featuredmedia":[{"embeddable":true,"href":"https:\/\/www.huntersfriend.eu\/de\/wp-json\/wp\/v2\/media\/208751"}],"wp:attachment":[{"href":"https:\/\/www.huntersfriend.eu\/de\/wp-json\/wp\/v2\/media?parent=219071"}],"wp:term":[{"taxonomy":"product_brand","embeddable":true,"href":"https:\/\/www.huntersfriend.eu\/de\/wp-json\/wp\/v2\/product_brand?post=219071"},{"taxonomy":"product_cat","embeddable":true,"href":"https:\/\/www.huntersfriend.eu\/de\/wp-json\/wp\/v2\/product_cat?post=219071"},{"taxonomy":"product_tag","embeddable":true,"href":"https:\/\/www.huntersfriend.eu\/de\/wp-json\/wp\/v2\/product_tag?post=219071"}],"curies":[{"name":"wp","href":"https:\/\/api.w.org\/{rel}","templated":true}]}}