{"id":219014,"date":"2021-08-03T14:20:26","date_gmt":"2021-08-03T12:20:26","guid":{"rendered":"https:\/\/www.huntersfriend.eu\/product\/final-approach-knockout-uberzug-schneetarn-fur-liege\/"},"modified":"2024-08-27T08:09:54","modified_gmt":"2024-08-27T06:09:54","slug":"final-approach-knockout-uberzug-schneetarn-fur-liege","status":"publish","type":"product","link":"https:\/\/www.huntersfriend.eu\/de\/produkt\/final-approach-knockout-uberzug-schneetarn-fur-liege\/","title":{"rendered":"Final Approach Knockout &#8211; \u00dcberzug Schneetarn f\u00fcr Liege"},"content":{"rendered":"<p>DIESES PRODUKT IST NUR DER \u00dcBERZUG F\u00dcR DAS KNOCK-OUT-ROLLO &#8211; DAS ROLLO IST NICHT ENTHALTEN.<\/p>\n<p>&nbsp;<\/p>\n<p>Wir haben das ERSTE Liege im Jahr 1993 entworfen! Und jetzt, 27 Jahre sp\u00e4ter, bringen wir unsere Liegen wieder auf das n\u00e4chste Level! Die neue &#8222;KO&#8220;-Liege wird die V\u00f6gel mit einer unglaublichen Tarnung ausknocken und auch alle anderen Wettbewerber auf dem Markt f\u00fcr Liegen ausstechen.<\/p>\n<p>Es ist das am schnellsten auf- und abbaubare sowie das haltbarste Rollo auf dem Markt. Es l\u00e4sst sich in Sekundenschnelle auf- und abbauen und schnell verstauen. Dank des robusten Rahmens und der St\u00fctzst\u00e4be k\u00f6nnen Sie beim Ein- und Aussteigen so viel Druck auf die Jalousie aus\u00fcben, wie nie zuvor.<\/p>\n<p>MERKMALE<br \/>Neu gestalteter Klapprahmen f\u00fcr schnelles Auf- und Abwickeln<br \/>Abnehmbare Stangen und Kopfst\u00fctzen f\u00fcr zus\u00e4tzliche Haltbarkeit und Stabilit\u00e4t<br \/>Brandneues R\u00fcckennetz, um den Hinterkopf zu verbergen, wenn Sie sich zur Beobachtung umdrehen<br \/>Original-Stoppelriemen \u2122 f\u00fcr zus\u00e4tzliche Verstecke an der Liege<br \/>Original Schnellzugriffstaschen<br \/>Reinigungsklappe mit Rei\u00dfverschluss an den F\u00fc\u00dfen zum schnellen Entfernen von Verschmutzungen in der Liege<br \/>Strapazierf\u00e4higer Tarnstoff mit wasserabweisender Unterseite<br \/>Bequeme gepolsterte Kopfst\u00fctze<br \/>40&#8243; B x 85&#8243; L x 18&#8243; H, wiegt nur 20 lbs.<\/p>\n","protected":false},"excerpt":{"rendered":"<p>Wei\u00df<\/p>\n","protected":false},"featured_media":221870,"comment_status":"open","ping_status":"closed","template":"","meta":[],"product_brand":[],"product_cat":[1145],"product_tag":[],"class_list":{"0":"post-219014","1":"product","2":"type-product","3":"status-publish","4":"has-post-thumbnail","6":"product_cat-sonstiges","8":"first","9":"outofstock","10":"taxable","11":"shipping-taxable","12":"purchasable","13":"product-type-simple"},"composite_virtual":false,"composite_layout":"","composite_add_to_cart_form_location":"","composite_editable_in_cart":false,"composite_sold_individually_context":"","composite_shop_price_calc":"","composite_components":[],"composite_scenarios":[],"group_of_quantity":0,"min_quantity":0,"max_quantity":"","exclude_order_quantity_value_rules":"no","exclude_category_quantity_rules":"no","combine_variations":"no","exclude_global_add_ons":[],"addons":[],"_links":{"self":[{"href":"https:\/\/www.huntersfriend.eu\/de\/wp-json\/wp\/v2\/product\/219014","targetHints":{"allow":["GET"]}}],"collection":[{"href":"https:\/\/www.huntersfriend.eu\/de\/wp-json\/wp\/v2\/product"}],"about":[{"href":"https:\/\/www.huntersfriend.eu\/de\/wp-json\/wp\/v2\/types\/product"}],"replies":[{"embeddable":true,"href":"https:\/\/www.huntersfriend.eu\/de\/wp-json\/wp\/v2\/comments?post=219014"}],"wp:featuredmedia":[{"embeddable":true,"href":"https:\/\/www.huntersfriend.eu\/de\/wp-json\/wp\/v2\/media\/221870"}],"wp:attachment":[{"href":"https:\/\/www.huntersfriend.eu\/de\/wp-json\/wp\/v2\/media?parent=219014"}],"wp:term":[{"taxonomy":"product_brand","embeddable":true,"href":"https:\/\/www.huntersfriend.eu\/de\/wp-json\/wp\/v2\/product_brand?post=219014"},{"taxonomy":"product_cat","embeddable":true,"href":"https:\/\/www.huntersfriend.eu\/de\/wp-json\/wp\/v2\/product_cat?post=219014"},{"taxonomy":"product_tag","embeddable":true,"href":"https:\/\/www.huntersfriend.eu\/de\/wp-json\/wp\/v2\/product_tag?post=219014"}],"curies":[{"name":"wp","href":"https:\/\/api.w.org\/{rel}","templated":true}]}}