{"id":219012,"date":"2021-08-11T11:20:30","date_gmt":"2021-08-11T09:20:30","guid":{"rendered":"https:\/\/www.huntersfriend.eu\/product\/trophy-ridge-v-plus-rh-lh\/"},"modified":"2025-08-27T11:18:22","modified_gmt":"2025-08-27T09:18:22","slug":"trophy-ridge-v-plus-rh-lh","status":"publish","type":"product","link":"https:\/\/www.huntersfriend.eu\/de\/produkt\/trophy-ridge-v-plus-rh-lh\/","title":{"rendered":"Trophy Ridge V Plus  RH\/LH"},"content":{"rendered":"<p>Die n\u00e4chste Generation des ber\u00fchmten Whicker Biscuits.<\/p>\n<p>Der Whisker Biscuit V-Plus bietet Wind- und H\u00f6henverstellung, um die Genauigkeit und Pr\u00e4zision bei jedem Schuss zu erh\u00f6hen. Die patentierte V-Notch-Technologie zentriert Ihren Pfeil mit weniger Ber\u00fchrungspunkten als das urspr\u00fcngliche Whisker Biscuit Design.<\/p>\n","protected":false},"excerpt":{"rendered":"<p>Die n\u00e4chste Generation des ber\u00fchmten Whicker Biscuits. Der Whisker Biscuit V-Plus bietet Wind- und H\u00f6henverstellung, um die Genauigkeit und Pr\u00e4zision bei jedem Schuss zu erh\u00f6hen. Die patentierte V-Notch-Technologie zentriert Ihren Pfeil mit weniger Ber\u00fchrungspunkten als das urspr\u00fcngliche Whisker Biscuit Design.<\/p>\n","protected":false},"featured_media":220242,"comment_status":"open","ping_status":"closed","template":"","meta":[],"product_brand":[],"product_cat":[1230],"product_tag":[],"class_list":{"0":"post-219012","1":"product","2":"type-product","3":"status-publish","4":"has-post-thumbnail","6":"product_cat-compound-full-capture-rest","8":"first","9":"instock","10":"taxable","11":"shipping-taxable","12":"purchasable","13":"product-type-simple"},"composite_virtual":false,"composite_layout":"","composite_add_to_cart_form_location":"","composite_editable_in_cart":false,"composite_sold_individually_context":"","composite_shop_price_calc":"","composite_components":[],"composite_scenarios":[],"group_of_quantity":0,"min_quantity":0,"max_quantity":"","exclude_order_quantity_value_rules":"no","exclude_category_quantity_rules":"no","combine_variations":"no","exclude_global_add_ons":[],"addons":[],"_links":{"self":[{"href":"https:\/\/www.huntersfriend.eu\/de\/wp-json\/wp\/v2\/product\/219012","targetHints":{"allow":["GET"]}}],"collection":[{"href":"https:\/\/www.huntersfriend.eu\/de\/wp-json\/wp\/v2\/product"}],"about":[{"href":"https:\/\/www.huntersfriend.eu\/de\/wp-json\/wp\/v2\/types\/product"}],"replies":[{"embeddable":true,"href":"https:\/\/www.huntersfriend.eu\/de\/wp-json\/wp\/v2\/comments?post=219012"}],"wp:featuredmedia":[{"embeddable":true,"href":"https:\/\/www.huntersfriend.eu\/de\/wp-json\/wp\/v2\/media\/220242"}],"wp:attachment":[{"href":"https:\/\/www.huntersfriend.eu\/de\/wp-json\/wp\/v2\/media?parent=219012"}],"wp:term":[{"taxonomy":"product_brand","embeddable":true,"href":"https:\/\/www.huntersfriend.eu\/de\/wp-json\/wp\/v2\/product_brand?post=219012"},{"taxonomy":"product_cat","embeddable":true,"href":"https:\/\/www.huntersfriend.eu\/de\/wp-json\/wp\/v2\/product_cat?post=219012"},{"taxonomy":"product_tag","embeddable":true,"href":"https:\/\/www.huntersfriend.eu\/de\/wp-json\/wp\/v2\/product_tag?post=219012"}],"curies":[{"name":"wp","href":"https:\/\/api.w.org\/{rel}","templated":true}]}}