{"id":218659,"date":"2021-08-17T08:20:31","date_gmt":"2021-08-17T06:20:31","guid":{"rendered":"https:\/\/www.huntersfriend.eu\/product\/nap-hellrazor-jagdspitzen\/"},"modified":"2026-04-16T07:22:04","modified_gmt":"2026-04-16T05:22:04","slug":"nap-hellrazor-jagdspitzen","status":"publish","type":"product","link":"https:\/\/www.huntersfriend.eu\/de\/produkt\/nap-hellrazor-jagdspitzen\/","title":{"rendered":"NAP Hellrazor Jagdspitzen"},"content":{"rendered":"<p>Ein einteilige Jagdspitze mit fester Klinge aus massivem Stahl, das rasiermesserscharf ist und immer seine Aufgabe erf\u00fcllt. Das ist der HellRazor.<\/p>\n<p>Ganz aus Stahl! Ein St\u00fcck! Rasiermesserscharf und ohne lose Klingen! HellRazor-Breitspitzen mit fester Klinge sind die ultimativen, einteiligen Jagdspitzen, die f\u00fcr maximale Pr\u00e4zision und Durchschlagskraft mit den schnellen Hochleistungsb\u00f6gen von heute entwickelt wurden.<\/p>\n<p>\u00dcbung macht den Meister! Verwenden Sie nicht Ihre Jagdk\u00f6pfe zum \u00dcben, wir f\u00fchren einen speziellen \u00dcbungskopf, mit dem Sie Ihr Setup perfekt abstimmen k\u00f6nnen.<\/p>\n","protected":false},"excerpt":{"rendered":"<p>3 Stk.\/Packung<\/p>\n","protected":false},"featured_media":212370,"comment_status":"open","ping_status":"closed","template":"","meta":[],"product_brand":[],"product_cat":[1079,1222],"product_tag":[],"class_list":{"0":"post-218659","1":"product","2":"type-product","3":"status-publish","4":"has-post-thumbnail","6":"product_cat-jagd-spitzen","7":"product_cat-sonderangebote","9":"first","10":"instock","11":"sale","12":"taxable","13":"shipping-taxable","14":"purchasable","15":"product-type-variable","16":"has-default-attributes"},"composite_virtual":false,"composite_layout":"","composite_add_to_cart_form_location":"","composite_editable_in_cart":false,"composite_sold_individually_context":"","composite_shop_price_calc":"","composite_components":[],"composite_scenarios":[],"group_of_quantity":0,"min_quantity":0,"max_quantity":"","exclude_order_quantity_value_rules":"no","exclude_category_quantity_rules":"no","combine_variations":"no","exclude_global_add_ons":[],"addons":[],"_links":{"self":[{"href":"https:\/\/www.huntersfriend.eu\/de\/wp-json\/wp\/v2\/product\/218659","targetHints":{"allow":["GET"]}}],"collection":[{"href":"https:\/\/www.huntersfriend.eu\/de\/wp-json\/wp\/v2\/product"}],"about":[{"href":"https:\/\/www.huntersfriend.eu\/de\/wp-json\/wp\/v2\/types\/product"}],"replies":[{"embeddable":true,"href":"https:\/\/www.huntersfriend.eu\/de\/wp-json\/wp\/v2\/comments?post=218659"}],"wp:featuredmedia":[{"embeddable":true,"href":"https:\/\/www.huntersfriend.eu\/de\/wp-json\/wp\/v2\/media\/212370"}],"wp:attachment":[{"href":"https:\/\/www.huntersfriend.eu\/de\/wp-json\/wp\/v2\/media?parent=218659"}],"wp:term":[{"taxonomy":"product_brand","embeddable":true,"href":"https:\/\/www.huntersfriend.eu\/de\/wp-json\/wp\/v2\/product_brand?post=218659"},{"taxonomy":"product_cat","embeddable":true,"href":"https:\/\/www.huntersfriend.eu\/de\/wp-json\/wp\/v2\/product_cat?post=218659"},{"taxonomy":"product_tag","embeddable":true,"href":"https:\/\/www.huntersfriend.eu\/de\/wp-json\/wp\/v2\/product_tag?post=218659"}],"curies":[{"name":"wp","href":"https:\/\/api.w.org\/{rel}","templated":true}]}}