{"id":218658,"date":"2021-08-24T14:20:34","date_gmt":"2021-08-24T12:20:34","guid":{"rendered":"https:\/\/www.huntersfriend.eu\/product\/cbe-tactic-micro-5-pin-visier\/"},"modified":"2025-09-02T08:57:13","modified_gmt":"2025-09-02T06:57:13","slug":"cbe-tactic-micro-5-pin-visier","status":"publish","type":"product","link":"https:\/\/www.huntersfriend.eu\/de\/produkt\/cbe-tactic-micro-5-pin-visier\/","title":{"rendered":"CBE TACTIC MICRO 5-PIN-VISIER"},"content":{"rendered":"<p>&#8211; Intelligente Halterung mit Mehrfachpositionierung<br \/>\n&#8211; Elevation \u2013 Mikroelevations-Gruppenverstellung mit visuellen lasergravierten Markierungen f\u00fcr pr\u00e4zise Einstellungen<br \/>\n&#8211; Seitenverstellung \u2013 Mikro-Seitenverstellungs-Gruppenverstellung mit visuellen lasergravierten Markierungen f\u00fcr pr\u00e4zise Einstellungen<br \/>\n&#8211; Erh\u00e4ltlich mit einem 5-Pin-Geh\u00e4use, das f\u00fcr Einstellungen lasergraviert ist<br \/>\n&#8211; 0,019&#8243; Klingenstifte \u2013 Fluoreszierender Peep-Ausrichtungsring<br \/>\n&#8211; Visierlicht inklusive<br \/>\n&#8211; Entwickelt, um f\u00fcr Linksh\u00e4nder umklappbar zu sein<\/p>\n<p><em><strong>Produktgewicht: 7,1 Unzen\/201 Gramm<\/strong><\/em><\/p>\n","protected":false},"excerpt":{"rendered":"<p>5-Pin, Schwarz, musta, 0,019, RH\/LH<\/p>\n","protected":false},"featured_media":220850,"comment_status":"open","ping_status":"closed","template":"","meta":[],"product_brand":[],"product_cat":[1119,1222],"product_tag":[],"class_list":{"0":"post-218658","1":"product","2":"type-product","3":"status-publish","4":"has-post-thumbnail","6":"product_cat-jagd-visiere","7":"product_cat-sonderangebote","9":"first","10":"instock","11":"sale","12":"taxable","13":"shipping-taxable","14":"purchasable","15":"product-type-simple"},"composite_virtual":false,"composite_layout":"","composite_add_to_cart_form_location":"","composite_editable_in_cart":false,"composite_sold_individually_context":"","composite_shop_price_calc":"","composite_components":[],"composite_scenarios":[],"group_of_quantity":0,"min_quantity":0,"max_quantity":"","exclude_order_quantity_value_rules":"no","exclude_category_quantity_rules":"no","combine_variations":"no","exclude_global_add_ons":[],"addons":[],"_links":{"self":[{"href":"https:\/\/www.huntersfriend.eu\/de\/wp-json\/wp\/v2\/product\/218658","targetHints":{"allow":["GET"]}}],"collection":[{"href":"https:\/\/www.huntersfriend.eu\/de\/wp-json\/wp\/v2\/product"}],"about":[{"href":"https:\/\/www.huntersfriend.eu\/de\/wp-json\/wp\/v2\/types\/product"}],"replies":[{"embeddable":true,"href":"https:\/\/www.huntersfriend.eu\/de\/wp-json\/wp\/v2\/comments?post=218658"}],"wp:featuredmedia":[{"embeddable":true,"href":"https:\/\/www.huntersfriend.eu\/de\/wp-json\/wp\/v2\/media\/220850"}],"wp:attachment":[{"href":"https:\/\/www.huntersfriend.eu\/de\/wp-json\/wp\/v2\/media?parent=218658"}],"wp:term":[{"taxonomy":"product_brand","embeddable":true,"href":"https:\/\/www.huntersfriend.eu\/de\/wp-json\/wp\/v2\/product_brand?post=218658"},{"taxonomy":"product_cat","embeddable":true,"href":"https:\/\/www.huntersfriend.eu\/de\/wp-json\/wp\/v2\/product_cat?post=218658"},{"taxonomy":"product_tag","embeddable":true,"href":"https:\/\/www.huntersfriend.eu\/de\/wp-json\/wp\/v2\/product_tag?post=218658"}],"curies":[{"name":"wp","href":"https:\/\/api.w.org\/{rel}","templated":true}]}}