{"id":218640,"date":"2021-09-14T08:20:16","date_gmt":"2021-09-14T06:20:16","guid":{"rendered":"https:\/\/www.huntersfriend.eu\/product\/hawk-helium-1pk-climbing-stick\/"},"modified":"2025-09-02T08:58:13","modified_gmt":"2025-09-02T06:58:13","slug":"hawk-helium-1pk-climbing-stick","status":"publish","type":"product","link":"https:\/\/www.huntersfriend.eu\/de\/produkt\/hawk-helium-1pk-climbing-stick\/","title":{"rendered":"Hawk Helium 1 St\u00fcck Kletterstock"},"content":{"rendered":"<p>M\u00f6glicherweise die leichtesten und tragbarsten Kletterst\u00e4be auf dem Markt! Die Helium-Kletterst\u00e4be verf\u00fcgen \u00fcber eine Flugzeugaluminiumkonstruktion mit gewichtssparenden Aussparungen, wodurch jedes 76 cm lange Segment nur 1,3 kg wiegt. Doppelseitige, griffige Trittfl\u00e4chen bieten un\u00fcbertroffene Stabilit\u00e4t beim Auf- und Abstieg. F\u00fcr einen stromlinienf\u00f6rmigen Transport lassen sich die Trittfl\u00e4chen zusammenklappen und die St\u00e4be passen dank unserer Silent-Lock-Technologie-Saugn\u00e4pfe eng ineinander. Um die Tarnung und den einfachen Aufbau zu verbessern, wurde an jedem Stab ein ger\u00e4uschloses Versa-Button-Gurt-System angebracht, um Ger\u00e4usche beim Aufbau zu minimieren, und TreeDigger\u2122-Z\u00e4hne bei\u00dfen sich in die Rinde, um zus\u00e4tzliche Sicherheit beim Klettern zu gew\u00e4hrleisten.    <\/p>\n<p><strong>MERKMALE<\/strong><\/p>\n<ul>\n<li>Leichtgewichtige Tragbarkeit \u2013 Flugzeugaluminiumkonstruktion<\/li>\n<li>Silent-Lock-Technologie \u2013 Trittfl\u00e4chen rasten dank NEUEM Saugnapfdesign leise zusammen<\/li>\n<li>Ger\u00e4uschloser Versa-Button \u2013 verhindert Ger\u00e4usche beim Verpacken und Installieren<\/li>\n<li>Tree-Digger\u2122-Z\u00e4hne \u2013 bei\u00dfen sich in die Rinde f\u00fcr ultimative Stabilit\u00e4t<\/li>\n<\/ul>\n<p>Alle HAWK Kletterst\u00e4be sind nach TMA-Standards getestet.<\/p>\n<p><strong>SPEZIFIKATIONEN <\/strong><\/p>\n<ul>\n<li>Konstruktion \u2013 Aluminiumstab<\/li>\n<li>L\u00e4nge \u2013 76 cm (pro Stab)<\/li>\n<li>Breite \u2013 25 cm<\/li>\n<li>Gewicht (je) \u2013 1,3 kg<\/li>\n<li>Tragf\u00e4higkeit \u2013 135 kg<\/li>\n<\/ul>\n","protected":false},"excerpt":{"rendered":"<p>1 St\u00fcck Treestand Kletterstock<\/p>\n","protected":false},"featured_media":256330,"comment_status":"open","ping_status":"closed","template":"","meta":[],"product_brand":[],"product_cat":[1414,1171],"product_tag":[],"class_list":{"0":"post-218640","1":"product","2":"type-product","3":"status-publish","4":"has-post-thumbnail","6":"product_cat-baumleitern","7":"product_cat-sitz-und-schirm-zubehoer","8":"product_shipping_class-medium-de","10":"first","11":"instock","12":"taxable","13":"shipping-taxable","14":"purchasable","15":"product-type-simple"},"composite_virtual":false,"composite_layout":"","composite_add_to_cart_form_location":"","composite_editable_in_cart":false,"composite_sold_individually_context":"","composite_shop_price_calc":"","composite_components":[],"composite_scenarios":[],"group_of_quantity":0,"min_quantity":0,"max_quantity":"","exclude_order_quantity_value_rules":"no","exclude_category_quantity_rules":"no","combine_variations":"no","exclude_global_add_ons":[],"addons":[],"_links":{"self":[{"href":"https:\/\/www.huntersfriend.eu\/de\/wp-json\/wp\/v2\/product\/218640","targetHints":{"allow":["GET"]}}],"collection":[{"href":"https:\/\/www.huntersfriend.eu\/de\/wp-json\/wp\/v2\/product"}],"about":[{"href":"https:\/\/www.huntersfriend.eu\/de\/wp-json\/wp\/v2\/types\/product"}],"replies":[{"embeddable":true,"href":"https:\/\/www.huntersfriend.eu\/de\/wp-json\/wp\/v2\/comments?post=218640"}],"wp:featuredmedia":[{"embeddable":true,"href":"https:\/\/www.huntersfriend.eu\/de\/wp-json\/wp\/v2\/media\/256330"}],"wp:attachment":[{"href":"https:\/\/www.huntersfriend.eu\/de\/wp-json\/wp\/v2\/media?parent=218640"}],"wp:term":[{"taxonomy":"product_brand","embeddable":true,"href":"https:\/\/www.huntersfriend.eu\/de\/wp-json\/wp\/v2\/product_brand?post=218640"},{"taxonomy":"product_cat","embeddable":true,"href":"https:\/\/www.huntersfriend.eu\/de\/wp-json\/wp\/v2\/product_cat?post=218640"},{"taxonomy":"product_tag","embeddable":true,"href":"https:\/\/www.huntersfriend.eu\/de\/wp-json\/wp\/v2\/product_tag?post=218640"}],"curies":[{"name":"wp","href":"https:\/\/api.w.org\/{rel}","templated":true}]}}