{"id":218634,"date":"2021-09-15T11:23:58","date_gmt":"2021-09-15T09:23:58","guid":{"rendered":"https:\/\/www.huntersfriend.eu\/product\/buck-gardner-canada-hammer\/"},"modified":"2024-08-29T08:06:21","modified_gmt":"2024-08-29T06:06:21","slug":"buck-gardner-canada-hammer","status":"publish","type":"product","link":"https:\/\/www.huntersfriend.eu\/de\/produkt\/buck-gardner-canada-hammer\/","title":{"rendered":"Buck Gardner Canada Hammer"},"content":{"rendered":"<p>Unser Original-Locker f\u00fcr Kanadag\u00e4nse mit kurzem Blatt ist immer noch der am einfachsten zu bedienende G\u00e4nselocker aller Zeiten. Dieser Ruf besticht durch eine schnelle Bewegung\u00a0 und Reaktionsf\u00e4higkeit des Blattes. Der Locker wird von Hand gestimmt, um eine Leistung zu gew\u00e4hrleisten, die den Preis weit \u00fcbersteigt. Das Quick-Tune\u2122 System macht das Reinigen, Nachstimmen und Wiederzusammenbauen einfach. Der doppelte O-Ring-Einsatz bildet eine luftdichte Abdichtung mit dem Korpus, um die Klangqualit\u00e4t zu verbessern.<\/p>\n","protected":false},"excerpt":{"rendered":"<p>Kanadagans Locker<\/p>\n","protected":false},"featured_media":213839,"comment_status":"open","ping_status":"closed","template":"","meta":[],"product_brand":[],"product_cat":[1402],"product_tag":[],"class_list":{"0":"post-218634","1":"product","2":"type-product","3":"status-publish","4":"has-post-thumbnail","6":"product_cat-ganselocker","8":"first","9":"onbackorder","10":"taxable","11":"shipping-taxable","12":"purchasable","13":"product-type-simple"},"composite_virtual":false,"composite_layout":"","composite_add_to_cart_form_location":"","composite_editable_in_cart":false,"composite_sold_individually_context":"","composite_shop_price_calc":"","composite_components":[],"composite_scenarios":[],"group_of_quantity":0,"min_quantity":0,"max_quantity":"","exclude_order_quantity_value_rules":"no","exclude_category_quantity_rules":"no","combine_variations":"no","exclude_global_add_ons":[],"addons":[],"_links":{"self":[{"href":"https:\/\/www.huntersfriend.eu\/de\/wp-json\/wp\/v2\/product\/218634","targetHints":{"allow":["GET"]}}],"collection":[{"href":"https:\/\/www.huntersfriend.eu\/de\/wp-json\/wp\/v2\/product"}],"about":[{"href":"https:\/\/www.huntersfriend.eu\/de\/wp-json\/wp\/v2\/types\/product"}],"replies":[{"embeddable":true,"href":"https:\/\/www.huntersfriend.eu\/de\/wp-json\/wp\/v2\/comments?post=218634"}],"wp:featuredmedia":[{"embeddable":true,"href":"https:\/\/www.huntersfriend.eu\/de\/wp-json\/wp\/v2\/media\/213839"}],"wp:attachment":[{"href":"https:\/\/www.huntersfriend.eu\/de\/wp-json\/wp\/v2\/media?parent=218634"}],"wp:term":[{"taxonomy":"product_brand","embeddable":true,"href":"https:\/\/www.huntersfriend.eu\/de\/wp-json\/wp\/v2\/product_brand?post=218634"},{"taxonomy":"product_cat","embeddable":true,"href":"https:\/\/www.huntersfriend.eu\/de\/wp-json\/wp\/v2\/product_cat?post=218634"},{"taxonomy":"product_tag","embeddable":true,"href":"https:\/\/www.huntersfriend.eu\/de\/wp-json\/wp\/v2\/product_tag?post=218634"}],"curies":[{"name":"wp","href":"https:\/\/api.w.org\/{rel}","templated":true}]}}