{"id":218570,"date":"2021-06-01T14:20:25","date_gmt":"2021-06-01T12:20:25","guid":{"rendered":"https:\/\/www.huntersfriend.eu\/product\/bearpaw-winter-schieshandschuhe\/"},"modified":"2026-03-26T13:45:08","modified_gmt":"2026-03-26T11:45:08","slug":"bearpaw-winter-schieshandschuhe","status":"publish","type":"product","link":"https:\/\/www.huntersfriend.eu\/de\/produkt\/bearpaw-winter-schieshandschuhe\/","title":{"rendered":"Bearpaw Winter-Bogenhandschuhe"},"content":{"rendered":"<p>Wenn die Tage kalt, aber die Sonne hell ist, m\u00f6chten viele Bogensch\u00fctzen trotzdem raus und schie\u00dfen! Das Problem war schon immer, einen Schie\u00dfhandschuh zu finden, der vor K\u00e4lte sch\u00fctzt. Mit normalen Schie\u00dfhandschuhen werden Ihre Finger zu kalt, um gut schie\u00dfen zu k\u00f6nnen. Mit unseren neuen Winterhandschuhen k\u00f6nnen Sie den ganzen Tag in der K\u00e4lte schie\u00dfen, mit bequemen H\u00e4nden und warmen Fingern! Unsere neuen Winterhandschuhe sind aus weichem und warmem Fleece gefertigt, um Ihre H\u00e4nde vor der K\u00e4lte zu sch\u00fctzen. Sie haben Rindsleder an den Handfl\u00e4chen f\u00fcr einen guten, festen Griff am Bogen und an den Fingerspitzen, um ein gutes Gef\u00fchl f\u00fcr die Sehne zu vermitteln und sanfte Abl\u00e4sse f\u00fcr pr\u00e4zises Schie\u00dfen zu gew\u00e4hrleisten. Wenn Sie das ganze Jahr \u00fcber, auch in der kalten Jahreszeit, mit Ihren B\u00f6gen schie\u00dfen m\u00f6chten, bestellen Sie noch heute ein Paar unserer Winterhandschuhe, damit Sie auch an den k\u00e4ltesten Tagen bequem schie\u00dfen k\u00f6nnen.      <\/p>\n<p><b>Der perfekte Schie\u00dfhandschuh f\u00fcr die kalten Herbst- und Wintertage!<\/b><\/p>\n<ul>\n<li>Gr\u00f6\u00dfen: XS, S, M, L, XL, XXL<br \/>\nDie Handschuhe fallen eine Nummer gr\u00f6\u00dfer aus als unsere Lederhandschuhe. Aus diesem Grund empfehlen wir eine Nummer kleiner. <\/li>\n<li>Handschuhmaterial: weiches, warmes Winterfleece<\/li>\n<li>Material Handfl\u00e4che und Fingerspitzen: Rindsleder<\/li>\n<li>Ein Paar Schie\u00dfhandschuhe<\/li>\n<\/ul>\n","protected":false},"excerpt":{"rendered":"<p>Paar<\/p>\n","protected":false},"featured_media":205184,"comment_status":"open","ping_status":"closed","template":"","meta":[],"product_brand":[],"product_cat":[1081,1222],"product_tag":[],"class_list":{"0":"post-218570","1":"product","2":"type-product","3":"status-publish","4":"has-post-thumbnail","6":"product_cat-schiess-handschuhe","7":"product_cat-sonderangebote","9":"first","10":"instock","11":"sale","12":"taxable","13":"shipping-taxable","14":"purchasable","15":"product-type-variable"},"composite_virtual":false,"composite_layout":"","composite_add_to_cart_form_location":"","composite_editable_in_cart":false,"composite_sold_individually_context":"","composite_shop_price_calc":"","composite_components":[],"composite_scenarios":[],"group_of_quantity":0,"min_quantity":0,"max_quantity":"","exclude_order_quantity_value_rules":"no","exclude_category_quantity_rules":"no","combine_variations":"no","exclude_global_add_ons":[],"addons":[],"_links":{"self":[{"href":"https:\/\/www.huntersfriend.eu\/de\/wp-json\/wp\/v2\/product\/218570","targetHints":{"allow":["GET"]}}],"collection":[{"href":"https:\/\/www.huntersfriend.eu\/de\/wp-json\/wp\/v2\/product"}],"about":[{"href":"https:\/\/www.huntersfriend.eu\/de\/wp-json\/wp\/v2\/types\/product"}],"replies":[{"embeddable":true,"href":"https:\/\/www.huntersfriend.eu\/de\/wp-json\/wp\/v2\/comments?post=218570"}],"wp:featuredmedia":[{"embeddable":true,"href":"https:\/\/www.huntersfriend.eu\/de\/wp-json\/wp\/v2\/media\/205184"}],"wp:attachment":[{"href":"https:\/\/www.huntersfriend.eu\/de\/wp-json\/wp\/v2\/media?parent=218570"}],"wp:term":[{"taxonomy":"product_brand","embeddable":true,"href":"https:\/\/www.huntersfriend.eu\/de\/wp-json\/wp\/v2\/product_brand?post=218570"},{"taxonomy":"product_cat","embeddable":true,"href":"https:\/\/www.huntersfriend.eu\/de\/wp-json\/wp\/v2\/product_cat?post=218570"},{"taxonomy":"product_tag","embeddable":true,"href":"https:\/\/www.huntersfriend.eu\/de\/wp-json\/wp\/v2\/product_tag?post=218570"}],"curies":[{"name":"wp","href":"https:\/\/api.w.org\/{rel}","templated":true}]}}