{"id":218568,"date":"2021-09-15T11:24:05","date_gmt":"2021-09-15T09:24:05","guid":{"rendered":"https:\/\/www.huntersfriend.eu\/product\/buck-gardner-tall-timber\/"},"modified":"2026-02-25T10:36:06","modified_gmt":"2026-02-25T08:36:06","slug":"buck-gardner-tall-timber","status":"publish","type":"product","link":"https:\/\/www.huntersfriend.eu\/de\/produkt\/buck-gardner-tall-timber\/","title":{"rendered":"Buck Gardner Tall Timber Entenlocker"},"content":{"rendered":"<p>Der Buck Gardner Tall Timber Entenlocker ist ein Entenlocker aus Polycarbonat mit Einzelzunge, der in \u00fcberflutetem Gr\u00fcnlandholz entstanden ist. Der Tall Timber ist f\u00fcr bellende Lockrufe und aggressives Futtergeplapper gemacht, um ihre Aufmerksamkeit zu erregen und Enten durch die B\u00e4ume nach unten zu locken.  Ob Sie nun um Enten auf \u00f6ffentlichem Waldgebiet konkurrieren oder Ihr eigenes Waldst\u00fcck besitzen, der Tall Timber verf\u00fcgt \u00fcber den aggressiven, kehligen Klang, den Sie ben\u00f6tigen, um sich abzuheben.<\/p>\n<p><strong>Farbe:<\/strong> Blau\/Fluoreszierendes Gr\u00fcn<\/p>\n","protected":false},"excerpt":{"rendered":"<p>Blue-FL. green<\/p>\n","protected":false},"featured_media":221683,"comment_status":"open","ping_status":"closed","template":"","meta":[],"product_brand":[],"product_cat":[2804,1400],"product_tag":[3067],"class_list":{"0":"post-218568","1":"product","2":"type-product","3":"status-publish","4":"has-post-thumbnail","6":"product_cat-andlockbeten","7":"product_cat-entenlocker","8":"product_tag-entenlocker","10":"first","11":"instock","12":"taxable","13":"shipping-taxable","14":"purchasable","15":"product-type-simple"},"composite_virtual":false,"composite_layout":"","composite_add_to_cart_form_location":"","composite_editable_in_cart":false,"composite_sold_individually_context":"","composite_shop_price_calc":"","composite_components":[],"composite_scenarios":[],"group_of_quantity":0,"min_quantity":0,"max_quantity":"","exclude_order_quantity_value_rules":"no","exclude_category_quantity_rules":"no","combine_variations":"no","exclude_global_add_ons":[],"addons":[],"_links":{"self":[{"href":"https:\/\/www.huntersfriend.eu\/de\/wp-json\/wp\/v2\/product\/218568","targetHints":{"allow":["GET"]}}],"collection":[{"href":"https:\/\/www.huntersfriend.eu\/de\/wp-json\/wp\/v2\/product"}],"about":[{"href":"https:\/\/www.huntersfriend.eu\/de\/wp-json\/wp\/v2\/types\/product"}],"replies":[{"embeddable":true,"href":"https:\/\/www.huntersfriend.eu\/de\/wp-json\/wp\/v2\/comments?post=218568"}],"wp:featuredmedia":[{"embeddable":true,"href":"https:\/\/www.huntersfriend.eu\/de\/wp-json\/wp\/v2\/media\/221683"}],"wp:attachment":[{"href":"https:\/\/www.huntersfriend.eu\/de\/wp-json\/wp\/v2\/media?parent=218568"}],"wp:term":[{"taxonomy":"product_brand","embeddable":true,"href":"https:\/\/www.huntersfriend.eu\/de\/wp-json\/wp\/v2\/product_brand?post=218568"},{"taxonomy":"product_cat","embeddable":true,"href":"https:\/\/www.huntersfriend.eu\/de\/wp-json\/wp\/v2\/product_cat?post=218568"},{"taxonomy":"product_tag","embeddable":true,"href":"https:\/\/www.huntersfriend.eu\/de\/wp-json\/wp\/v2\/product_tag?post=218568"}],"curies":[{"name":"wp","href":"https:\/\/api.w.org\/{rel}","templated":true}]}}