{"id":218563,"date":"2021-06-01T11:40:36","date_gmt":"2021-06-01T09:40:36","guid":{"rendered":"https:\/\/www.huntersfriend.eu\/product\/218563\/"},"modified":"2025-12-14T09:21:05","modified_gmt":"2025-12-14T07:21:05","slug":"bearpaw-mohican-recurve-handle","status":"publish","type":"product","link":"https:\/\/www.huntersfriend.eu\/de\/produkt\/bearpaw-mohican-recurve-handle\/","title":{"rendered":"Bearpaw Mohican Recurve-Griffst\u00fcck"},"content":{"rendered":"<p>Das Griffst\u00fcck wird aus \u00e4u\u00dferst stabilem Actionwood gefertigt und verleiht diesem zerlegbaren Recurvebogen gro\u00dfe Stabilit\u00e4t und D\u00e4mpfung. Gemeinsam mit dem Hersteller konnte Bearpaw ein Griffst\u00fcck entwerfen, das wirklich sicher und fest in der Hand liegt und zudem gro\u00dfartig aussieht! Die dunkle Optik des Griffst\u00fccks erg\u00e4nzt perfekt das Erscheinungsbild der schwarzen Wurfarme und macht den Mohican zu einem wahren Blickfang!  <\/p>\n<ul>\n<li>Griffl\u00e4nge: 19 Zoll<\/li>\n<li>Holzgriff: Dunkles Actionwood mit Akzentstreifen aus Esche und Macore<\/li>\n<li>Standard-Griffst\u00fcckzubeh\u00f6r: Eins\u00e4tze f\u00fcr Visier oder Bogenk\u00f6cher, Stabilisator oder Angelrute und Plungerbutton<\/li>\n<li>Garantie: F\u00fcr die B\u00f6gen wird eine Garantie gegen Bruch oder Delaminierung f\u00fcr einen Zeitraum von zwei (2) Jahren gew\u00e4hrt. (Ausgenommen bei TROCKENSCHUSS) <\/li>\n<\/ul>\n<p>Dies ist der perfekte Bogen, um mit dem Bogenschie\u00dfen zu beginnen. Ausgezeichnete Qualit\u00e4t zu einem fantastischen Preis-Leistungs-Verh\u00e4ltnis. <\/p>\n","protected":false},"excerpt":{"rendered":"<p>Das Griffst\u00fcck wird aus \u00e4u\u00dferst stabilem Actionwood gefertigt und verleiht diesem zerlegbaren Recurvebogen gro\u00dfe Stabilit\u00e4t und D\u00e4mpfung. Gemeinsam mit dem Hersteller konnte Bearpaw ein Griffst\u00fcck entwerfen, das wirklich sicher und fest in der Hand liegt und zudem gro\u00dfartig aussieht! Die dunkle Optik des Griffst\u00fccks erg\u00e4nzt perfekt das Erscheinungsbild der schwarzen Wurfarme und macht den Mohican [&#8230;]\n","protected":false},"featured_media":206792,"comment_status":"open","ping_status":"closed","template":"","meta":[],"product_brand":[],"product_cat":[1258,1222],"product_tag":[],"class_list":{"0":"post-218563","1":"product","2":"type-product","3":"status-publish","4":"has-post-thumbnail","6":"product_cat-recurve-griffe-traditionell","7":"product_cat-sonderangebote","9":"first","10":"instock","11":"sale","12":"taxable","13":"shipping-taxable","14":"purchasable","15":"product-type-variable"},"composite_virtual":false,"composite_layout":"","composite_add_to_cart_form_location":"","composite_editable_in_cart":false,"composite_sold_individually_context":"","composite_shop_price_calc":"","composite_components":[],"composite_scenarios":[],"group_of_quantity":0,"min_quantity":0,"max_quantity":"","exclude_order_quantity_value_rules":"no","exclude_category_quantity_rules":"no","combine_variations":"no","exclude_global_add_ons":[],"addons":[],"_links":{"self":[{"href":"https:\/\/www.huntersfriend.eu\/de\/wp-json\/wp\/v2\/product\/218563","targetHints":{"allow":["GET"]}}],"collection":[{"href":"https:\/\/www.huntersfriend.eu\/de\/wp-json\/wp\/v2\/product"}],"about":[{"href":"https:\/\/www.huntersfriend.eu\/de\/wp-json\/wp\/v2\/types\/product"}],"replies":[{"embeddable":true,"href":"https:\/\/www.huntersfriend.eu\/de\/wp-json\/wp\/v2\/comments?post=218563"}],"wp:featuredmedia":[{"embeddable":true,"href":"https:\/\/www.huntersfriend.eu\/de\/wp-json\/wp\/v2\/media\/206792"}],"wp:attachment":[{"href":"https:\/\/www.huntersfriend.eu\/de\/wp-json\/wp\/v2\/media?parent=218563"}],"wp:term":[{"taxonomy":"product_brand","embeddable":true,"href":"https:\/\/www.huntersfriend.eu\/de\/wp-json\/wp\/v2\/product_brand?post=218563"},{"taxonomy":"product_cat","embeddable":true,"href":"https:\/\/www.huntersfriend.eu\/de\/wp-json\/wp\/v2\/product_cat?post=218563"},{"taxonomy":"product_tag","embeddable":true,"href":"https:\/\/www.huntersfriend.eu\/de\/wp-json\/wp\/v2\/product_tag?post=218563"}],"curies":[{"name":"wp","href":"https:\/\/api.w.org\/{rel}","templated":true}]}}