{"id":218562,"date":"2021-09-20T08:20:21","date_gmt":"2021-09-20T06:20:21","guid":{"rendered":"https:\/\/www.huntersfriend.eu\/product\/wasp-z-force-100-gr\/"},"modified":"2025-09-02T08:57:13","modified_gmt":"2025-09-02T06:57:13","slug":"wasp-z-force-100-gr","status":"publish","type":"product","link":"https:\/\/www.huntersfriend.eu\/de\/produkt\/wasp-z-force-100-gr\/","title":{"rendered":"Wasp Z-Force 100 Grain"},"content":{"rendered":"<p>Die 100-Grain Z-Force mechanische Jagdspitze verf\u00fcgt \u00fcber ein einzigartiges Kugellagersystem, das bei jedem Schuss ein korrektes \u00d6ffnen der Klingen gew\u00e4hrleistet. Ihr Schnittdurchmesser von 1 5\/8 Zoll arbeitet zusammen mit ihrer massiven Stahlh\u00fclse und ihren drei Klingen, um die t\u00f6dlichste, r\u00fcckw\u00e4rts ausfahrende Spitze auf dem heutigen Markt f\u00fcr Jagdspitzen zu sein. Wird im 3er-Pack geliefert.  <\/p>\n","protected":false},"excerpt":{"rendered":"<p>100 Grain \u2013 3er-Pack<\/p>\n","protected":false},"featured_media":217317,"comment_status":"open","ping_status":"closed","template":"","meta":[],"product_brand":[],"product_cat":[1079,1222],"product_tag":[],"class_list":{"0":"post-218562","1":"product","2":"type-product","3":"status-publish","4":"has-post-thumbnail","6":"product_cat-jagd-spitzen","7":"product_cat-sonderangebote","9":"first","10":"instock","11":"sale","12":"taxable","13":"shipping-taxable","14":"purchasable","15":"product-type-simple"},"composite_virtual":false,"composite_layout":"","composite_add_to_cart_form_location":"","composite_editable_in_cart":false,"composite_sold_individually_context":"","composite_shop_price_calc":"","composite_components":[],"composite_scenarios":[],"group_of_quantity":0,"min_quantity":0,"max_quantity":"","exclude_order_quantity_value_rules":"no","exclude_category_quantity_rules":"no","combine_variations":"no","exclude_global_add_ons":[],"addons":[],"_links":{"self":[{"href":"https:\/\/www.huntersfriend.eu\/de\/wp-json\/wp\/v2\/product\/218562","targetHints":{"allow":["GET"]}}],"collection":[{"href":"https:\/\/www.huntersfriend.eu\/de\/wp-json\/wp\/v2\/product"}],"about":[{"href":"https:\/\/www.huntersfriend.eu\/de\/wp-json\/wp\/v2\/types\/product"}],"replies":[{"embeddable":true,"href":"https:\/\/www.huntersfriend.eu\/de\/wp-json\/wp\/v2\/comments?post=218562"}],"wp:featuredmedia":[{"embeddable":true,"href":"https:\/\/www.huntersfriend.eu\/de\/wp-json\/wp\/v2\/media\/217317"}],"wp:attachment":[{"href":"https:\/\/www.huntersfriend.eu\/de\/wp-json\/wp\/v2\/media?parent=218562"}],"wp:term":[{"taxonomy":"product_brand","embeddable":true,"href":"https:\/\/www.huntersfriend.eu\/de\/wp-json\/wp\/v2\/product_brand?post=218562"},{"taxonomy":"product_cat","embeddable":true,"href":"https:\/\/www.huntersfriend.eu\/de\/wp-json\/wp\/v2\/product_cat?post=218562"},{"taxonomy":"product_tag","embeddable":true,"href":"https:\/\/www.huntersfriend.eu\/de\/wp-json\/wp\/v2\/product_tag?post=218562"}],"curies":[{"name":"wp","href":"https:\/\/api.w.org\/{rel}","templated":true}]}}