{"id":218554,"date":"2021-09-21T11:04:07","date_gmt":"2021-09-21T09:04:07","guid":{"rendered":"https:\/\/www.huntersfriend.eu\/product\/skylon-carbon-edge-6-2-fertigpfeile\/"},"modified":"2025-09-02T08:57:27","modified_gmt":"2025-09-02T06:57:27","slug":"skylon-carbon-edge-6-2-fertigpfeile","status":"publish","type":"product","link":"https:\/\/www.huntersfriend.eu\/de\/produkt\/skylon-carbon-edge-6-2-fertigpfeile\/","title":{"rendered":"Skylon Carbon Edge 6.2 fertige Pfeile"},"content":{"rendered":"<h3>Ein sch\u00f6ner, preisg\u00fcnstiger Pfeil, der werkseitig mit 2-Zoll-Vanes befiedert ist<\/h3>\n<p>Material: 24-TON Carbon<br \/>\nInnendurchmesser: 6,2 mm \/ 0,244&#8243;<br \/>\nGeradheitstoleranz: <span class=\"st\">\u00b1<\/span>0,005&#8243; <\/p>\n<table class=\"uk-table uk-table-striped uk-table-condensed uk-table-hover\">\n<thead>\n<tr>\n<th>SPINE<\/th>\n<th>AUSSENDURCHMESSER<\/th>\n<th>GRAIN PRO ZOLL<\/th>\n<th>L\u00c4NGE<\/th>\n<\/tr>\n<\/thead>\n<tbody>\n<tr>\n<td>0,800&#8243;<\/td>\n<td>6,85 mm<\/td>\n<td>4,20<\/td>\n<td>33&#8243;<\/td>\n<\/tr>\n<tr>\n<td>0,700&#8243;<\/td>\n<td>7,00 mm<\/td>\n<td>5,12<\/td>\n<td>33&#8243;<\/td>\n<\/tr>\n<tr>\n<td>0,600&#8243;<\/td>\n<td>7,05 mm<\/td>\n<td>5,58<\/td>\n<td>33&#8243;<\/td>\n<\/tr>\n<tr>\n<td>0,500&#8243;<\/td>\n<td>7,12 mm<\/td>\n<td>5,80<\/td>\n<td>33&#8243;<\/td>\n<\/tr>\n<tr>\n<td>0,400&#8243;<\/td>\n<td>7,35 mm<\/td>\n<td>7,33<\/td>\n<td>33&#8243;<\/td>\n<\/tr>\n<tr>\n<td>0,350&#8243;<\/td>\n<td>7,39 mm<\/td>\n<td>7,61<\/td>\n<td>33&#8243;<\/td>\n<\/tr>\n<tr>\n<td>0,300&#8243;<\/td>\n<td>7,55 mm<\/td>\n<td>8,50<\/td>\n<td>33&#8243;<\/td>\n<\/tr>\n<\/tbody>\n<\/table>\n<h3><span lang=\"EN-US\" style=\"color: #555555; font-size: 14.4px;\"><br \/>\nDiese Spine-Tabelle ist f\u00fcr moderne Compound-B\u00f6gen mit IBO-Geschwindigkeiten zwischen 280-330 fps normalisiert. F\u00fcr schnellere B\u00f6gen lesen Sie die Tabelle einen Block nach unten und rechts. F\u00fcr langsamere B\u00f6gen lesen Sie die Tabelle einen Block nach oben und links. Die Tabelle ist nicht f\u00fcr traditionelle B\u00f6gen anwendbar. HINWEIS: Die tats\u00e4chlichen Pfeil-Spine-Durchbiegungen entsprechen nicht notwendigerweise den vom Hersteller vermarkteten Spine-Gr\u00f6\u00dfen (Gold Tip 5575, Carbon Force 200, Carbon Express 60\/75 usw.). Die Spine-Gr\u00f6\u00dfensysteme der Hersteller      <\/span><strong style=\"color: #555555; font-size: 14.4px;\"><span lang=\"EN-US\">k\u00f6nnen willk\u00fcrlich sein<\/span><\/strong><span lang=\"EN-US\" style=\"color: #555555; font-size: 14.4px;\"> (100, 200, 300, 400) und spiegeln m\u00f6glicherweise nicht die tats\u00e4chlichen Spine-Durchbiegungen der Pfeile wider. Beispielsweise hat ein &#8222;Carbon Express Maxima 250&#8243; eine tats\u00e4chliche Spine-Durchbiegung von 0,404&#8243;, nicht 0,250&#8220;, wie die Gr\u00f6\u00dfenangabe vermuten l\u00e4sst. In diesem Fall ist das Bewertungssystem willk\u00fcrlich. Um auf der sicheren Seite zu sein, gehen Sie NICHT davon aus, dass die ver\u00f6ffentlichte Spine-Gr\u00f6\u00dfe eines Pfeils mit der tats\u00e4chlichen Durchbiegung des Pfeils \u00fcbereinstimmt. Beachten Sie die tats\u00e4chlichen Pfeilspezifikationsdaten oben, bevor Sie diese Tabelle verwenden, um eine geeignete Spine-Steifigkeit f\u00fcr Ihren Bogen auszuw\u00e4hlen.     <em><strong>Wenn Sie Hilfe ben\u00f6tigen, rufen Sie unseren Pro-Shop unter +358 45 208 6292 an oder schreiben Sie uns eine E-Mail f\u00fcr Unterst\u00fctzung.<\/strong><\/em><\/span><\/h3>\n<p>&nbsp;<\/p>\n","protected":false},"excerpt":{"rendered":"<p>Erh\u00e4ltlich in 300, 340, 400 und 500 Spine, inklusive Nocken und Inserts. Befiederte Pfeile mit 2&#8243; Federn.<\/p>\n","protected":false},"featured_media":214256,"comment_status":"open","ping_status":"closed","template":"","meta":[],"product_brand":[],"product_cat":[1100],"product_tag":[],"class_list":{"0":"post-218554","1":"product","2":"type-product","3":"status-publish","4":"has-post-thumbnail","6":"product_cat-karbon-jagd-pfeile","8":"first","9":"instock","10":"taxable","11":"shipping-taxable","12":"purchasable","13":"product-type-variable"},"composite_virtual":false,"composite_layout":"","composite_add_to_cart_form_location":"","composite_editable_in_cart":false,"composite_sold_individually_context":"","composite_shop_price_calc":"","composite_components":[],"composite_scenarios":[],"group_of_quantity":0,"min_quantity":0,"max_quantity":"","exclude_order_quantity_value_rules":"no","exclude_category_quantity_rules":"no","combine_variations":"no","exclude_global_add_ons":false,"addons":[{"name":"Zuschnitt","type":"multiple_choice","position":0,"required":true,"title_format":"label","default":"","description_enable":false,"description":null,"placeholder_enable":false,"placeholder":null,"display":"select","restrictions_type":"any_text","adjust_price":false,"price":"","price_type":"flat_fee","restrictions":false,"min":"0","max":"0","options":[{"label":"Nicht schneiden","price":"","price_type":"flat_fee","image":0,"visibility":true},{"label":"Bitte schneiden - f\u00fcgen Sie die gew\u00fcnschte L\u00e4nge im Infofeld beim Auschecken hinzu","price":"","price_type":"flat_fee","image":0,"visibility":true}]},{"name":"Eins\u00e4tze","type":"multiple_choice","position":1,"required":true,"title_format":"label","default":"","description_enable":false,"description":null,"placeholder_enable":false,"placeholder":null,"display":"select","restrictions_type":"any_text","adjust_price":false,"price":"","price_type":"flat_fee","restrictions":false,"min":"0","max":"0","options":[{"label":"Eins\u00e4tze installieren (Dies ist dauerhaft!)","price":"","price_type":"flat_fee","image":0,"visibility":true},{"label":"Eins\u00e4tze nicht installieren (lose beilegen)","price":"","price_type":"flat_fee","image":0,"visibility":true}]}],"_links":{"self":[{"href":"https:\/\/www.huntersfriend.eu\/de\/wp-json\/wp\/v2\/product\/218554","targetHints":{"allow":["GET"]}}],"collection":[{"href":"https:\/\/www.huntersfriend.eu\/de\/wp-json\/wp\/v2\/product"}],"about":[{"href":"https:\/\/www.huntersfriend.eu\/de\/wp-json\/wp\/v2\/types\/product"}],"replies":[{"embeddable":true,"href":"https:\/\/www.huntersfriend.eu\/de\/wp-json\/wp\/v2\/comments?post=218554"}],"wp:featuredmedia":[{"embeddable":true,"href":"https:\/\/www.huntersfriend.eu\/de\/wp-json\/wp\/v2\/media\/214256"}],"wp:attachment":[{"href":"https:\/\/www.huntersfriend.eu\/de\/wp-json\/wp\/v2\/media?parent=218554"}],"wp:term":[{"taxonomy":"product_brand","embeddable":true,"href":"https:\/\/www.huntersfriend.eu\/de\/wp-json\/wp\/v2\/product_brand?post=218554"},{"taxonomy":"product_cat","embeddable":true,"href":"https:\/\/www.huntersfriend.eu\/de\/wp-json\/wp\/v2\/product_cat?post=218554"},{"taxonomy":"product_tag","embeddable":true,"href":"https:\/\/www.huntersfriend.eu\/de\/wp-json\/wp\/v2\/product_tag?post=218554"}],"curies":[{"name":"wp","href":"https:\/\/api.w.org\/{rel}","templated":true}]}}