{"id":218549,"date":"2021-06-14T11:23:15","date_gmt":"2021-06-14T09:23:15","guid":{"rendered":"https:\/\/www.huntersfriend.eu\/product\/hme-anschnall-wildkamerahalter\/"},"modified":"2025-07-15T05:42:32","modified_gmt":"2025-07-15T03:42:32","slug":"hme-anschnall-wildkamerahalter","status":"publish","type":"product","link":"https:\/\/www.huntersfriend.eu\/de\/produkt\/hme-anschnall-wildkamerahalter\/","title":{"rendered":"HME Anschnall Wildkamerahalter"},"content":{"rendered":"<p>Diese superstarke Konstruktion l\u00e4sst sich in weniger als einer Minute anbringen und bietet eine felsenfeste Unterst\u00fctzung f\u00fcr das Montagesystem der Wildkamera.<\/p>\n<ul>\n<li>Mit Ratschengurt f\u00fcr sicheren Halt am Baum<\/li>\n<li>Schwenk-\/Neigefunktion f\u00fcr perfekte Kameraposition<\/li>\n<\/ul>\n","protected":false},"excerpt":{"rendered":"<p>Verstellbare Wildkamerahalterung an einem Balken<\/p>\n","protected":false},"featured_media":209435,"comment_status":"open","ping_status":"closed","template":"","meta":[],"product_brand":[],"product_cat":[2069],"product_tag":[],"class_list":{"0":"post-218549","1":"product","2":"type-product","3":"status-publish","4":"has-post-thumbnail","6":"product_cat-wildkamera-zubehor","8":"first","9":"outofstock","10":"taxable","11":"shipping-taxable","12":"purchasable","13":"product-type-simple"},"composite_virtual":false,"composite_layout":"","composite_add_to_cart_form_location":"","composite_editable_in_cart":false,"composite_sold_individually_context":"","composite_shop_price_calc":"","composite_components":[],"composite_scenarios":[],"group_of_quantity":0,"min_quantity":0,"max_quantity":"","exclude_order_quantity_value_rules":"no","exclude_category_quantity_rules":"no","combine_variations":"no","exclude_global_add_ons":[],"addons":[],"_links":{"self":[{"href":"https:\/\/www.huntersfriend.eu\/de\/wp-json\/wp\/v2\/product\/218549","targetHints":{"allow":["GET"]}}],"collection":[{"href":"https:\/\/www.huntersfriend.eu\/de\/wp-json\/wp\/v2\/product"}],"about":[{"href":"https:\/\/www.huntersfriend.eu\/de\/wp-json\/wp\/v2\/types\/product"}],"replies":[{"embeddable":true,"href":"https:\/\/www.huntersfriend.eu\/de\/wp-json\/wp\/v2\/comments?post=218549"}],"wp:featuredmedia":[{"embeddable":true,"href":"https:\/\/www.huntersfriend.eu\/de\/wp-json\/wp\/v2\/media\/209435"}],"wp:attachment":[{"href":"https:\/\/www.huntersfriend.eu\/de\/wp-json\/wp\/v2\/media?parent=218549"}],"wp:term":[{"taxonomy":"product_brand","embeddable":true,"href":"https:\/\/www.huntersfriend.eu\/de\/wp-json\/wp\/v2\/product_brand?post=218549"},{"taxonomy":"product_cat","embeddable":true,"href":"https:\/\/www.huntersfriend.eu\/de\/wp-json\/wp\/v2\/product_cat?post=218549"},{"taxonomy":"product_tag","embeddable":true,"href":"https:\/\/www.huntersfriend.eu\/de\/wp-json\/wp\/v2\/product_tag?post=218549"}],"curies":[{"name":"wp","href":"https:\/\/api.w.org\/{rel}","templated":true}]}}