{"id":218262,"date":"2021-09-01T14:21:09","date_gmt":"2021-09-01T12:21:09","guid":{"rendered":"https:\/\/www.huntersfriend.eu\/product\/armytek-halterung-awm-01\/"},"modified":"2025-09-02T08:58:59","modified_gmt":"2025-09-02T06:58:59","slug":"armytek-halterung-awm-01","status":"publish","type":"product","link":"https:\/\/www.huntersfriend.eu\/de\/produkt\/armytek-halterung-awm-01\/","title":{"rendered":"Armytek Halterung AWM-01"},"content":{"rendered":"<p>Armytek Universal-Waffenhalterung. Sorgf\u00e4ltig konstruiert f\u00fcr die Montage an fast allen Waffentypen, einschlie\u00dflich nebeneinanderliegender und \u00fcbereinanderliegender Doppell\u00e4ufe. <\/p>\n<ul>\n<li>Aus robustem Stahl f\u00fcr maximale Zuverl\u00e4ssigkeit gefertigt.<\/li>\n<li>Hitzebest\u00e4ndiges Silikon im Inneren, um Kratzer und das Herunterfallen der Taschenlampe durch R\u00fccksto\u00df zu vermeiden.<\/li>\n<li>Verl\u00e4ngerte Schrauben zur Montage an L\u00e4ufen mit gr\u00f6\u00dferem Durchmesser.<\/li>\n<li><strong>5 Jahre sorgenfreie Garantie<\/strong><\/li>\n<\/ul>\n<h3><strong>Technische Merkmale der Halterung<\/strong><\/h3>\n<p>Halterungsdurchmesser: 8 \u2013 23,5 mm und 10,5 \u2013 26 mm \u2013 der Bereich des Halterungsdurchmessers (bei Montage von Taschenlampen mit 25,4 mm Geh\u00e4usedurchmesser)<\/p>\n<p>Verwendbar mit Waffen: Schrotflinten und Gewehre<\/p>\n<p>Erm\u00f6glicht die Montage von Taschenlampen mit einem Kopfdurchmesser von: bis zu 42 mm<\/p>\n","protected":false},"excerpt":{"rendered":"<p>Armytek Universal-Waffenhalterung. Sorgf\u00e4ltig konstruiert f\u00fcr die Montage an fast allen Waffentypen, einschlie\u00dflich nebeneinanderliegender und \u00fcbereinanderliegender Doppell\u00e4ufe. Aus robustem Stahl f\u00fcr maximale Zuverl\u00e4ssigkeit gefertigt. Hitzebest\u00e4ndiges Silikon im Inneren, um Kratzer und das Herunterfallen der Taschenlampe durch R\u00fccksto\u00df zu vermeiden. Verl\u00e4ngerte Schrauben zur Montage an L\u00e4ufen mit gr\u00f6\u00dferem Durchmesser. 5 Jahre sorgenfreie Garantie Technische Merkmale der Halterung [&#8230;]\n","protected":false},"featured_media":213063,"comment_status":"open","ping_status":"closed","template":"","meta":[],"product_brand":[],"product_cat":[1408],"product_tag":[],"class_list":{"0":"post-218262","1":"product","2":"type-product","3":"status-publish","4":"has-post-thumbnail","6":"product_cat-jagdlampen","8":"first","9":"instock","10":"taxable","11":"shipping-taxable","12":"purchasable","13":"product-type-simple"},"composite_virtual":false,"composite_layout":"","composite_add_to_cart_form_location":"","composite_editable_in_cart":false,"composite_sold_individually_context":"","composite_shop_price_calc":"","composite_components":[],"composite_scenarios":[],"group_of_quantity":0,"min_quantity":0,"max_quantity":"","exclude_order_quantity_value_rules":"no","exclude_category_quantity_rules":"no","combine_variations":"no","exclude_global_add_ons":[],"addons":[],"_links":{"self":[{"href":"https:\/\/www.huntersfriend.eu\/de\/wp-json\/wp\/v2\/product\/218262","targetHints":{"allow":["GET"]}}],"collection":[{"href":"https:\/\/www.huntersfriend.eu\/de\/wp-json\/wp\/v2\/product"}],"about":[{"href":"https:\/\/www.huntersfriend.eu\/de\/wp-json\/wp\/v2\/types\/product"}],"replies":[{"embeddable":true,"href":"https:\/\/www.huntersfriend.eu\/de\/wp-json\/wp\/v2\/comments?post=218262"}],"wp:featuredmedia":[{"embeddable":true,"href":"https:\/\/www.huntersfriend.eu\/de\/wp-json\/wp\/v2\/media\/213063"}],"wp:attachment":[{"href":"https:\/\/www.huntersfriend.eu\/de\/wp-json\/wp\/v2\/media?parent=218262"}],"wp:term":[{"taxonomy":"product_brand","embeddable":true,"href":"https:\/\/www.huntersfriend.eu\/de\/wp-json\/wp\/v2\/product_brand?post=218262"},{"taxonomy":"product_cat","embeddable":true,"href":"https:\/\/www.huntersfriend.eu\/de\/wp-json\/wp\/v2\/product_cat?post=218262"},{"taxonomy":"product_tag","embeddable":true,"href":"https:\/\/www.huntersfriend.eu\/de\/wp-json\/wp\/v2\/product_tag?post=218262"}],"curies":[{"name":"wp","href":"https:\/\/api.w.org\/{rel}","templated":true}]}}