{"id":218261,"date":"2021-09-01T14:21:20","date_gmt":"2021-09-01T12:21:20","guid":{"rendered":"https:\/\/www.huntersfriend.eu\/product\/218261\/"},"modified":"2024-08-26T09:01:57","modified_gmt":"2024-08-26T07:01:57","slug":"218261","status":"publish","type":"product","link":"https:\/\/www.huntersfriend.eu\/de\/produkt\/218261\/","title":{"rendered":""},"content":{"rendered":"<p>Die kompakte Gr\u00f6\u00dfe macht das leistungsstarke Handy C2 Vape Edition ideal f\u00fcr das st\u00e4ndige Tragen und die Powerbank-Funktion erm\u00f6glicht es, alle Ger\u00e4te unterwegs aufzuladen. Das spezielle Design des Ladeger\u00e4ts verhindert, dass die Batterien herausfallen, was besonders praktisch ist, wenn es als Powerbank verwendet wird.<\/p>\n<ul>\n<li>L\u00e4dt 18650 Li-Ion 3000mAh Akku f\u00fcr 2 Stunden.<\/li>\n<li>Ultra-schnelle Ladung mit 2 unabh\u00e4ngigen Steckpl\u00e4tzen und 2A Strom f\u00fcr jeden Steckplatz.<\/li>\n<li>Unterst\u00fctzt IMR und Li-Ion 4.2V mit pr\u00e4zisem Ladealgorithmus zur Verl\u00e4ngerung der Batterielebensdauer.<\/li>\n<li>Eingebaute Powerbank unterst\u00fctzt Ger\u00e4te mit einem Ladestrom von bis zu 2,5 A.<\/li>\n<li>Spezielles &#8218;Wings&#8216;-Design f\u00fcr zuverl\u00e4ssigen Transport von Batterien ohne zus\u00e4tzliche Silikonstreifen.<\/li>\n<li>Automatische Erkennung von Verpolung.<\/li>\n<li>Automatische Beendigung des Ladevorgangs nach Beendigung des Ladevorgangs je nach Akku.<\/li>\n<li>Die Powerbank ist mit iPhone und iPad kompatibel.<\/li>\n<li><strong>5 Jahre Garantie ohne Probleme.<\/strong><\/li>\n<\/ul>\n<p><strong>Technische Details des Ladeger\u00e4ts<\/strong><\/p>\n<p>Anzahl der Kan\u00e4le: 2<\/p>\n<p>Akku-Typ: Li-Ion<\/p>\n<p>Akku-Kompatibilit\u00e4t: 18650, 18700<\/p>\n<p>Anzeigeart: 2*4 Farb-LEDs<\/p>\n<p>Spannung pro Kanal: 4.2 V<\/p>\n<p>Ladestrom f\u00fcr einen Kanal: 2A<\/p>\n<p>Eingang: USB Typ-C DC 5V \/ 4A<\/p>\n<p>Powerbank-Funktion: DC 5V \/ 2,5A<\/p>\n<p>Gewicht: 68g<\/p>\n<p>Im Lieferumfang enthalten: USB-Typ-C-Kabel, Handbuch<\/p>\n","protected":false},"excerpt":{"rendered":"<p>Powerbank Funktion.<\/p>\n","protected":false},"featured_media":226590,"comment_status":"open","ping_status":"closed","template":"","meta":[],"product_brand":[],"product_cat":[1331,1408],"product_tag":[],"class_list":{"0":"post-218261","1":"product","2":"type-product","3":"status-publish","4":"has-post-thumbnail","6":"product_cat-hunting-lights","7":"product_cat-jagdlampen","9":"first","10":"onbackorder","11":"taxable","12":"shipping-taxable","13":"purchasable","14":"product-type-simple"},"composite_virtual":false,"composite_layout":"","composite_add_to_cart_form_location":"","composite_editable_in_cart":false,"composite_sold_individually_context":"","composite_shop_price_calc":"","composite_components":[],"composite_scenarios":[],"group_of_quantity":0,"min_quantity":0,"max_quantity":"","exclude_order_quantity_value_rules":"no","exclude_category_quantity_rules":"no","combine_variations":"no","exclude_global_add_ons":[],"addons":[],"_links":{"self":[{"href":"https:\/\/www.huntersfriend.eu\/de\/wp-json\/wp\/v2\/product\/218261","targetHints":{"allow":["GET"]}}],"collection":[{"href":"https:\/\/www.huntersfriend.eu\/de\/wp-json\/wp\/v2\/product"}],"about":[{"href":"https:\/\/www.huntersfriend.eu\/de\/wp-json\/wp\/v2\/types\/product"}],"replies":[{"embeddable":true,"href":"https:\/\/www.huntersfriend.eu\/de\/wp-json\/wp\/v2\/comments?post=218261"}],"wp:featuredmedia":[{"embeddable":true,"href":"https:\/\/www.huntersfriend.eu\/de\/wp-json\/wp\/v2\/media\/226590"}],"wp:attachment":[{"href":"https:\/\/www.huntersfriend.eu\/de\/wp-json\/wp\/v2\/media?parent=218261"}],"wp:term":[{"taxonomy":"product_brand","embeddable":true,"href":"https:\/\/www.huntersfriend.eu\/de\/wp-json\/wp\/v2\/product_brand?post=218261"},{"taxonomy":"product_cat","embeddable":true,"href":"https:\/\/www.huntersfriend.eu\/de\/wp-json\/wp\/v2\/product_cat?post=218261"},{"taxonomy":"product_tag","embeddable":true,"href":"https:\/\/www.huntersfriend.eu\/de\/wp-json\/wp\/v2\/product_tag?post=218261"}],"curies":[{"name":"wp","href":"https:\/\/api.w.org\/{rel}","templated":true}]}}