{"id":218259,"date":"2021-09-01T14:21:33","date_gmt":"2021-09-01T12:21:33","guid":{"rendered":"https:\/\/www.huntersfriend.eu\/product\/armytek-barracuda-pro-xhp35-hi-warm\/"},"modified":"2025-11-19T10:43:11","modified_gmt":"2025-11-19T08:43:11","slug":"armytek-barracuda-pro-xhp35-hi-warm","status":"publish","type":"product","link":"https:\/\/www.huntersfriend.eu\/de\/produkt\/armytek-barracuda-pro-xhp35-hi-warm\/","title":{"rendered":"Armytek barracuda pro XHP35 HI White"},"content":{"rendered":"<h3>Die Armytek Barracuda Pro XHP35 HI warm ist eine leichte, zuverl\u00e4ssige Taschenlampe mit gro\u00dfer Reichweite f\u00fcr Suchoperationen.<\/h3>\n<p><img decoding=\"async\" class=\"transparent aligncenter\" src=\"https:\/\/www.huntersfriend.eu\/app\/uploads\/2023\/09\/set-barracuda_pro-en.png\" alt=\"Armytek barracuda\"><\/p>\n<ul>\n<li>Extreme Helligkeit \u2013 1.390 OTF Lumen<\/li>\n<li>Unerreichte Leuchtweite von bis zu 775 Metern zur effizienten Ausleuchtung gro\u00dfer Fl\u00e4chen<\/li>\n<li>Extrem robuste Materialien und eine widerstandsf\u00e4hige Konstruktion garantieren vollst\u00e4ndigen Schutz vor starken St\u00f6\u00dfen oder Vibrationen.<\/li>\n<li>Leichte Taschenlampe mit konstantem Licht und ausfallsicherer Zuverl\u00e4ssigkeit<\/li>\n<li>Einfache Bedienung und kontinuierliche Laufzeiten \u2013 1 Stunde im Maximalmodus und fast 22 Stunden im mittleren Modus.<\/li>\n<li>Konstante Helligkeit auch bei fast entladenen Batterien und bei -25 \u00b0C Au\u00dfentemperatur.<\/li>\n<li>Der h\u00f6chste IP68 Staub- und Wasserdichtigkeitsstandard \u2013 mehr als 5 Stunden bei 50 Metern Tiefe.<\/li>\n<li>Garantierte Haltbarkeit \u2013 h\u00e4lt dem R\u00fccksto\u00df jeder Waffengattung und einem Fall aus 30 Metern H\u00f6he stand.<\/li>\n<\/ul>\n<p><strong>Batterien sind nicht im Lieferumfang enthalten.<\/strong><\/p>\n<h3>SPEZIFIKATION<img decoding=\"async\" class=\"alignright\" src=\"https:\/\/www.huntersfriend.eu\/app\/uploads\/2023\/09\/icon_features_barracuda-pro-xhp35hi_02.png\"><\/h3>\n<p><strong>Licht  Optik<\/strong><\/p>\n<p>Farbtemperatur: Warm<\/p>\n<p>LED: XHP35 HI<\/p>\n<p>Optik: Glatter Reflektor<\/p>\n<p>Lichtleistung, Lumen: 1390 lm<\/p>\n<p>Leuchtweite, Meter: 771 m<\/p>\n<p>Helligkeitsstabilisierungstyp: VOLL (konstante Helligkeit)<\/p>\n<p>Hotspot: 5\u00b0<\/p>\n<p>Spill: 40\u00b0<\/p>\n<p>&nbsp;<\/p>\n<p><strong>Modi<\/strong><\/p>\n<p>Anzahl der Modi: 9<\/p>\n<p>Laufzeit im Maximalmodus: 1h<\/p>\n<p>Laufzeit im Minimalmodus: 500 Tage<\/p>\n<p>Strobe-Modus:<\/p>\n<p>&#8211;<\/p>\n<p><strong>Abmessungen  Gewicht<\/strong><\/p>\n<p>Kopfdurchmesser: 64 mm<\/p>\n<p>Geh\u00e4usedurchmesser: 25,4 mm<\/p>\n<p>Gewicht (ohne Batterie): 303 g<\/p>\n<p>&nbsp;<\/p>\n<p><strong>K\u00f6rper<\/strong><\/p>\n<p>Material: Flugzeugaluminium<\/p>\n<p>Abriebfeste Oberfl\u00e4che: Premium Typ III Harteloxierung 400HV<\/p>\n<p>Wasserdicht- und Staubdicht-Standard: IP68 (h\u00f6chste)<\/p>\n<p>Sichere Tauchtiefe: 50 m<\/p>\n<p>Sichere Fallh\u00f6he: 30 m<\/p>\n<p>Betriebstemperaturen: -25..+40 \u00b0C<\/p>\n<p>&nbsp;<\/p>\n<p><strong>Elektronik<\/strong><\/p>\n<p>Verwendung von Batterien mit PCB: &#8211;<\/p>\n<p>Verwendung von Batterien ohne PCB: &#8211;<\/p>\n<p>Schutz vor versehentlichem Einschalten: &#8211;<\/p>\n<p>Farbige Akkustandsanzeige: &#8211;<\/p>\n<p>Anzeige f\u00fcr niedrigen Batteriestand: &#8211;<\/p>\n","protected":false},"excerpt":{"rendered":"<p>Die Armytek Barracuda Pro XHP35 HI warm ist eine leichte, zuverl\u00e4ssige Taschenlampe mit gro\u00dfer Reichweite f\u00fcr Suchoperationen. Extreme Helligkeit \u2013 1.390 OTF Lumen Unerreichte Leuchtweite von bis zu 775 Metern zur effizienten Ausleuchtung gro\u00dfer Fl\u00e4chen Extrem robuste Materialien und eine widerstandsf\u00e4hige Konstruktion garantieren vollst\u00e4ndigen Schutz vor starken St\u00f6\u00dfen oder Vibrationen. Leichte Taschenlampe mit konstantem Licht [&#8230;]\n","protected":false},"featured_media":213084,"comment_status":"open","ping_status":"closed","template":"","meta":[],"product_brand":[],"product_cat":[1145],"product_tag":[],"class_list":{"0":"post-218259","1":"product","2":"type-product","3":"status-publish","4":"has-post-thumbnail","6":"product_cat-sonstiges","8":"first","9":"outofstock","10":"taxable","11":"shipping-taxable","12":"purchasable","13":"product-type-simple"},"composite_virtual":false,"composite_layout":"","composite_add_to_cart_form_location":"","composite_editable_in_cart":false,"composite_sold_individually_context":"","composite_shop_price_calc":"","composite_components":[],"composite_scenarios":[],"group_of_quantity":0,"min_quantity":0,"max_quantity":"","exclude_order_quantity_value_rules":"no","exclude_category_quantity_rules":"no","combine_variations":"no","exclude_global_add_ons":[],"addons":[],"_links":{"self":[{"href":"https:\/\/www.huntersfriend.eu\/de\/wp-json\/wp\/v2\/product\/218259","targetHints":{"allow":["GET"]}}],"collection":[{"href":"https:\/\/www.huntersfriend.eu\/de\/wp-json\/wp\/v2\/product"}],"about":[{"href":"https:\/\/www.huntersfriend.eu\/de\/wp-json\/wp\/v2\/types\/product"}],"replies":[{"embeddable":true,"href":"https:\/\/www.huntersfriend.eu\/de\/wp-json\/wp\/v2\/comments?post=218259"}],"wp:featuredmedia":[{"embeddable":true,"href":"https:\/\/www.huntersfriend.eu\/de\/wp-json\/wp\/v2\/media\/213084"}],"wp:attachment":[{"href":"https:\/\/www.huntersfriend.eu\/de\/wp-json\/wp\/v2\/media?parent=218259"}],"wp:term":[{"taxonomy":"product_brand","embeddable":true,"href":"https:\/\/www.huntersfriend.eu\/de\/wp-json\/wp\/v2\/product_brand?post=218259"},{"taxonomy":"product_cat","embeddable":true,"href":"https:\/\/www.huntersfriend.eu\/de\/wp-json\/wp\/v2\/product_cat?post=218259"},{"taxonomy":"product_tag","embeddable":true,"href":"https:\/\/www.huntersfriend.eu\/de\/wp-json\/wp\/v2\/product_tag?post=218259"}],"curies":[{"name":"wp","href":"https:\/\/api.w.org\/{rel}","templated":true}]}}