{"id":218255,"date":"2021-09-01T14:21:47","date_gmt":"2021-09-01T12:21:47","guid":{"rendered":"https:\/\/www.huntersfriend.eu\/product\/armytek-elf-v2-c2-multifunktionsleuchte-warm\/"},"modified":"2025-09-02T08:59:42","modified_gmt":"2025-09-02T06:59:42","slug":"armytek-elf-v2-c2-multifunktionsleuchte-warm","status":"publish","type":"product","link":"https:\/\/www.huntersfriend.eu\/de\/produkt\/armytek-elf-v2-c2-multifunktionsleuchte-warm\/","title":{"rendered":"Armytek Elf V2 C2 Micro-USB warm"},"content":{"rendered":"<h3>Die Armytek Elf V2 C2 Micro-USB warm bietet erh\u00f6hte Helligkeit und beh\u00e4lt ihre einfache Bedienung bei!<\/h3>\n<p><img decoding=\"async\" class=\"size-medium wp-image-227886 aligncenter\" src=\"https:\/\/www.huntersfriend.eu\/app\/uploads\/2021\/09\/ELF2-600x62.png\" alt=\"\" width=\"600\" height=\"62\" srcset=\"https:\/\/www.huntersfriend.eu\/app\/uploads\/2021\/09\/ELF2-600x62.png 600w, https:\/\/www.huntersfriend.eu\/app\/uploads\/2021\/09\/ELF2-768x80.png 768w, https:\/\/www.huntersfriend.eu\/app\/uploads\/2021\/09\/ELF2-300x31.png 300w, https:\/\/www.huntersfriend.eu\/app\/uploads\/2021\/09\/ELF2-200x21.png 200w, https:\/\/www.huntersfriend.eu\/app\/uploads\/2021\/09\/ELF2-190x20.png 190w, https:\/\/www.huntersfriend.eu\/app\/uploads\/2021\/09\/ELF2-750x78.png 750w, https:\/\/www.huntersfriend.eu\/app\/uploads\/2021\/09\/ELF2.png 801w\" sizes=\"(max-width: 600px) 100vw, 600px\" \/><\/p>\n<p>Elf C2 V2 Micro USB Warm ist die neue Version der beliebten Micro-USB-Taschenlampe mit Lampenmodus. Sie zeichnet sich durch einfache Bedienung und eine universelle Buchse zum bequemen Aufladen zu Hause, im B\u00fcro oder im Freien aus. <\/p>\n<p>Multifunktionales Modell mit bis zu 1023 Lumen Lichtleistung und bis zu 104 Metern Leuchtweite f\u00fcr Outdoor-Aktivit\u00e4ten, Sport, Renovierungsarbeiten und den professionellen Einsatz. Die Elf C2 funktioniert rekordverd\u00e4chtige 6,5 Monate im Modus mit minimaler Helligkeit und unbegrenzt als Lampe \u2013 ohne Batterien, direkt von jeder USB-Stromquelle. Der universelle Ladeschlitz macht das st\u00e4ndige Mitf\u00fchren eines Ladeger\u00e4ts \u00fcberfl\u00fcssig: Jeder besitzt ein Micro-USB-Kabel. Ein eingebauter Magnet zur Befestigung an Metalloberfl\u00e4chen, ein abnehmbarer Clip und eine Stirnbandhalterung sind im Lieferumfang enthalten.   <\/p>\n<p>Das Standardgeh\u00e4use der Armytek Multifunktions-Taschenlampen erm\u00f6glicht die Verwendung der Elf C2 zusammen mit der Fahrradhalterung ABM-01 zum Radfahren und der Helmhalterung AHM-02 f\u00fcr industrielle Arbeiten.<\/p>\n<h3>Elf C2 \u2013 Multifunktions-Taschenlampe 4 in 1<\/h3>\n<p><strong>Stirnlampe<\/strong><\/p>\n<ul>\n<li>Einfache Einhandbedienung, zuverl\u00e4ssige Kopfhalterung<\/li>\n<li>Solides Geh\u00e4use ohne lange Kabel, schwache Gummiverbindungen und unn\u00f6tige K\u00e4sten<\/li>\n<li>Die Taschenlampe l\u00e4sst sich leicht in der Halterung installieren, entfernen und um 180\u00b0 drehen<\/li>\n<li>Schnellverschluss-Gummiring bietet zus\u00e4tzliche Fixierung<\/li>\n<\/ul>\n<p><strong>T\u00e4gliches Tragelichtsystem<img decoding=\"async\" class=\"size-full wp-image-227890 alignright\" src=\"https:\/\/www.huntersfriend.eu\/app\/uploads\/2021\/09\/Set-Elf-C2-400x600_en-tama.png\" alt=\"\" width=\"600\" height=\"400\" srcset=\"https:\/\/www.huntersfriend.eu\/app\/uploads\/2021\/09\/Set-Elf-C2-400x600_en-tama.png 600w, https:\/\/www.huntersfriend.eu\/app\/uploads\/2021\/09\/Set-Elf-C2-400x600_en-tama-300x200.png 300w, https:\/\/www.huntersfriend.eu\/app\/uploads\/2021\/09\/Set-Elf-C2-400x600_en-tama-200x133.png 200w, https:\/\/www.huntersfriend.eu\/app\/uploads\/2021\/09\/Set-Elf-C2-400x600_en-tama-90x60.png 90w, https:\/\/www.huntersfriend.eu\/app\/uploads\/2021\/09\/Set-Elf-C2-400x600_en-tama-135x90.png 135w\" sizes=\"(max-width: 600px) 100vw, 600px\" \/><\/strong><\/p>\n<ul>\n<li>Kompaktes Design<\/li>\n<li>Praktischer seitlicher Knopf<\/li>\n<li>Spezielles mattes, abriebfestes Finish ohne grobe R\u00e4ndelung<\/li>\n<li>Starker eingebauter Magnet und abnehmbarer robuster Stahlclip<\/li>\n<\/ul>\n<p><strong>Fahrradbeleuchtung<\/strong><\/p>\n<ul>\n<li>Geh\u00e4use aus haltbarem und leichtem Flugzeug-Aluminium<\/li>\n<li>Verbesserte Sto\u00dffestigkeit, neue Federn f\u00fcr effizientere Taschenlampenleistung und besseren Schutz von Batterie und Treiber<\/li>\n<li>Konstantes Licht ohne Flackern<\/li>\n<li>Optionale Schnellverschluss-Halterung<\/li>\n<\/ul>\n<p><strong>Lampenmodus<\/strong><\/p>\n<ul>\n<li>Funktioniert ohne Batterien direkt von einer Powerbank oder einem beliebigen USB-Adapter<\/li>\n<\/ul>\n<h3>Technische Daten<\/h3>\n<p><strong>Licht  Optik<\/strong><\/p>\n<ul>\n<li>Farbtemperatur: Warm<\/li>\n<li>LED: Samsung LH351D<\/li>\n<li>Optik: TIR<\/li>\n<li>Lichtleistung, Lumen: 1023 lm<\/li>\n<li>Leuchtweite, Meter: 104 m<\/li>\n<li>Art der Helligkeitsstabilisierung: Digital (CPU Helligkeitsregelung)<\/li>\n<li>Hotspot:Streuung: 70\u00b0:120\u00b0<\/li>\n<\/ul>\n<p><strong>Modi<\/strong><\/p>\n<ul>\n<li>Anzahl der Modi: 6<\/li>\n<li>Laufzeit im Maximalmodus: 2 h 32 min (605 lm nach 4 min)<\/li>\n<li>Laufzeit im minimalen Modus: 200 d<\/li>\n<li>Stroboskopmodus: Nein<\/li>\n<\/ul>\n<p><strong>Abmessungen  Gewicht<\/strong><\/p>\n<ul>\n<li>Kopfdurchmesser: 33 mm<\/li>\n<li>K\u00f6rperdurchmesser: 20,4 mm<\/li>\n<li>L\u00e4nge: 111,3 mm<\/li>\n<li>Gewicht (ohne Batterie): 65 g<\/li>\n<\/ul>\n<p><strong>K\u00f6rper<\/strong><\/p>\n<ul>\n<li>Material: Flugzeugaluminium<\/li>\n<li>Abriebfeste Oberfl\u00e4che: Premium Typ III Harteloxierung 400HV<\/li>\n<li>Wasser- und Staubschutzklasse: IP68<\/li>\n<li>Sichere Tauchtiefe: 10 m<\/li>\n<li>Sichere Fallh\u00f6he: 10 m<\/li>\n<li>Betriebstemperaturen: -25..+40 \u00b0C<\/li>\n<\/ul>\n<p><strong>Elektronik<\/strong><\/p>\n<ul>\n<li>Akkukompatibilit\u00e4t: 1&#215;18650 Li-Ion<\/li>\n<li>M\u00f6glichkeit, Batterien mit PCB zu verwenden: Nein<\/li>\n<li>M\u00f6glichkeit zur Verwendung von Akkus ohne PCB: Ja<\/li>\n<li>Schutz vor versehentlichem Einschalten: Ja<\/li>\n<li>Farbige Batteriestatus-Anzeige: Ja<\/li>\n<li>Anzeige bei niedrigem Akkustand: Ja<\/li>\n<\/ul>\n","protected":false},"excerpt":{"rendered":"<p>1023 Lumen, sis. 18650 3200 mAh akku<\/p>\n","protected":false},"featured_media":227893,"comment_status":"open","ping_status":"closed","template":"","meta":[],"product_brand":[],"product_cat":[1408],"product_tag":[],"class_list":{"0":"post-218255","1":"product","2":"type-product","3":"status-publish","4":"has-post-thumbnail","6":"product_cat-jagdlampen","8":"first","9":"onbackorder","10":"taxable","11":"shipping-taxable","12":"purchasable","13":"product-type-simple"},"composite_virtual":false,"composite_layout":"","composite_add_to_cart_form_location":"","composite_editable_in_cart":false,"composite_sold_individually_context":"","composite_shop_price_calc":"","composite_components":[],"composite_scenarios":[],"group_of_quantity":0,"min_quantity":0,"max_quantity":"","exclude_order_quantity_value_rules":"no","exclude_category_quantity_rules":"no","combine_variations":"no","exclude_global_add_ons":[],"addons":[],"_links":{"self":[{"href":"https:\/\/www.huntersfriend.eu\/de\/wp-json\/wp\/v2\/product\/218255","targetHints":{"allow":["GET"]}}],"collection":[{"href":"https:\/\/www.huntersfriend.eu\/de\/wp-json\/wp\/v2\/product"}],"about":[{"href":"https:\/\/www.huntersfriend.eu\/de\/wp-json\/wp\/v2\/types\/product"}],"replies":[{"embeddable":true,"href":"https:\/\/www.huntersfriend.eu\/de\/wp-json\/wp\/v2\/comments?post=218255"}],"wp:featuredmedia":[{"embeddable":true,"href":"https:\/\/www.huntersfriend.eu\/de\/wp-json\/wp\/v2\/media\/227893"}],"wp:attachment":[{"href":"https:\/\/www.huntersfriend.eu\/de\/wp-json\/wp\/v2\/media?parent=218255"}],"wp:term":[{"taxonomy":"product_brand","embeddable":true,"href":"https:\/\/www.huntersfriend.eu\/de\/wp-json\/wp\/v2\/product_brand?post=218255"},{"taxonomy":"product_cat","embeddable":true,"href":"https:\/\/www.huntersfriend.eu\/de\/wp-json\/wp\/v2\/product_cat?post=218255"},{"taxonomy":"product_tag","embeddable":true,"href":"https:\/\/www.huntersfriend.eu\/de\/wp-json\/wp\/v2\/product_tag?post=218255"}],"curies":[{"name":"wp","href":"https:\/\/api.w.org\/{rel}","templated":true}]}}