{"id":218249,"date":"2021-09-01T14:21:04","date_gmt":"2021-09-01T12:21:04","guid":{"rendered":"https:\/\/www.huntersfriend.eu\/product\/armytek-fernschalter-ars-01\/"},"modified":"2025-09-02T08:59:25","modified_gmt":"2025-09-02T06:59:25","slug":"armytek-fernschalter-ars-01","status":"publish","type":"product","link":"https:\/\/www.huntersfriend.eu\/de\/produkt\/armytek-fernschalter-ars-01\/","title":{"rendered":"Armytek ARS-01 gerades Kabel 25 cm"},"content":{"rendered":"<p>Armytek ARS-01 gerades Kabel 25 cm. Fernbedienungen werden f\u00fcr verschiedene Anwendungen ben\u00f6tigt, wenn es problematisch ist, eine Taschenlampe direkt ein- und auszuschalten. Taktische Fernschalter m\u00fcssen die gleichen Haltbarkeitseigenschaften wie eine hochwertige Taschenlampe aufweisen. <\/p>\n<p>Armytek Fernbedienungen werden aus starken und zuverl\u00e4ssigen Materialien hergestellt und erm\u00f6glichen eine komfortable Nutzung am Gewehrlauf oder Fahrradlenker. Je nach gew\u00fcnschter L\u00e4nge k\u00f6nnen Sie einen Fernschalter mit flachem oder spiralf\u00f6rmigem Kabel w\u00e4hlen, um ihn an Ihre Ausr\u00fcstung anzupassen, f\u00fcr einfachen und schnellen Zugriff auf die taktische Taschenlampe. <\/p>\n<p>Die Kabell\u00e4nge betr\u00e4gt 25 cm.<\/p>\n<p><em>Warnung! Der Fernschalter ist nicht mit alten Versionen dieser Taschenlampen kompatibel. Er bietet nur eine ferngesteuerte Momentan-Einschaltfunktion. <\/em><\/p>\n","protected":false},"excerpt":{"rendered":"<p>25cm<\/p>\n","protected":false},"featured_media":213049,"comment_status":"open","ping_status":"closed","template":"","meta":[],"product_brand":[],"product_cat":[1408],"product_tag":[],"class_list":{"0":"post-218249","1":"product","2":"type-product","3":"status-publish","4":"has-post-thumbnail","6":"product_cat-jagdlampen","8":"first","9":"instock","10":"taxable","11":"shipping-taxable","12":"purchasable","13":"product-type-simple"},"composite_virtual":false,"composite_layout":"","composite_add_to_cart_form_location":"","composite_editable_in_cart":false,"composite_sold_individually_context":"","composite_shop_price_calc":"","composite_components":[],"composite_scenarios":[],"group_of_quantity":0,"min_quantity":0,"max_quantity":"","exclude_order_quantity_value_rules":"no","exclude_category_quantity_rules":"no","combine_variations":"no","exclude_global_add_ons":[],"addons":[],"_links":{"self":[{"href":"https:\/\/www.huntersfriend.eu\/de\/wp-json\/wp\/v2\/product\/218249","targetHints":{"allow":["GET"]}}],"collection":[{"href":"https:\/\/www.huntersfriend.eu\/de\/wp-json\/wp\/v2\/product"}],"about":[{"href":"https:\/\/www.huntersfriend.eu\/de\/wp-json\/wp\/v2\/types\/product"}],"replies":[{"embeddable":true,"href":"https:\/\/www.huntersfriend.eu\/de\/wp-json\/wp\/v2\/comments?post=218249"}],"wp:featuredmedia":[{"embeddable":true,"href":"https:\/\/www.huntersfriend.eu\/de\/wp-json\/wp\/v2\/media\/213049"}],"wp:attachment":[{"href":"https:\/\/www.huntersfriend.eu\/de\/wp-json\/wp\/v2\/media?parent=218249"}],"wp:term":[{"taxonomy":"product_brand","embeddable":true,"href":"https:\/\/www.huntersfriend.eu\/de\/wp-json\/wp\/v2\/product_brand?post=218249"},{"taxonomy":"product_cat","embeddable":true,"href":"https:\/\/www.huntersfriend.eu\/de\/wp-json\/wp\/v2\/product_cat?post=218249"},{"taxonomy":"product_tag","embeddable":true,"href":"https:\/\/www.huntersfriend.eu\/de\/wp-json\/wp\/v2\/product_tag?post=218249"}],"curies":[{"name":"wp","href":"https:\/\/api.w.org\/{rel}","templated":true}]}}