{"id":218248,"date":"2021-09-01T14:21:47","date_gmt":"2021-09-01T12:21:47","guid":{"rendered":"https:\/\/www.huntersfriend.eu\/product\/armytek-elf-v2-c1-multifunktionale-leuchte\/"},"modified":"2025-09-02T08:58:43","modified_gmt":"2025-09-02T06:58:43","slug":"armytek-elf-v2-c1-multifunktionale-leuchte","status":"publish","type":"product","link":"https:\/\/www.huntersfriend.eu\/de\/produkt\/armytek-elf-v2-c1-multifunktionale-leuchte\/","title":{"rendered":"Armytek Elf v2 C1 Micro-USB Wei\u00df"},"content":{"rendered":"<h3>Armytek Elf v2 C1 Micro-USB Multifunktions-Taschenlampe mit Lampenmodus.<\/h3>\n<p><img decoding=\"async\" class=\"size-medium wp-image-227844 aligncenter\" src=\"https:\/\/www.huntersfriend.eu\/app\/uploads\/2021\/09\/Elf-C1_en_white_2-600x56.png\" alt=\"\" width=\"600\" height=\"56\" srcset=\"https:\/\/www.huntersfriend.eu\/app\/uploads\/2021\/09\/Elf-C1_en_white_2-600x56.png 600w, https:\/\/www.huntersfriend.eu\/app\/uploads\/2021\/09\/Elf-C1_en_white_2-768x72.png 768w, https:\/\/www.huntersfriend.eu\/app\/uploads\/2021\/09\/Elf-C1_en_white_2-300x28.png 300w, https:\/\/www.huntersfriend.eu\/app\/uploads\/2021\/09\/Elf-C1_en_white_2-200x19.png 200w, https:\/\/www.huntersfriend.eu\/app\/uploads\/2021\/09\/Elf-C1_en_white_2-190x18.png 190w, https:\/\/www.huntersfriend.eu\/app\/uploads\/2021\/09\/Elf-C1_en_white_2-750x70.png 750w, https:\/\/www.huntersfriend.eu\/app\/uploads\/2021\/09\/Elf-C1_en_white_2.png 801w\" sizes=\"(max-width: 600px) 100vw, 600px\" \/><\/p>\n<p>Die Elf C1 ist eine kompakte und leichte Multifunktions-Taschenlampe mit grundlegenden Modi und Micro-USB-Ladeger\u00e4t.<\/p>\n<p>Optimales Gewicht, beeindruckende Helligkeit und einfache Bedienung. Die Taschenlampe erm\u00f6glicht eine angenehmere Freizeitgestaltung im Freien f\u00fcr L\u00e4ufer, Bergsteiger, H\u00f6hlenforscher und Angler. <\/p>\n<p>Beeindruckende 1000 Lumen in einem Geh\u00e4use mit nur 56 Gramm Gewicht. Die Elf C1 ist eine hervorragende Haupt- oder zus\u00e4tzliche Lichtquelle f\u00fcr jede t\u00e4gliche Aktivit\u00e4t. Sie k\u00f6nnen die Taschenlampe f\u00fcr einen Abendspaziergang, zur Jagd, zum Angeln oder Wandern mitnehmen. Sie nimmt nicht viel Platz ein, passt problemlos in eine Tasche und ben\u00f6tigt zwei Monate lang bei minimaler Helligkeit kein Aufladen. Die Taschenlampe funktioniert auch im Lampenmodus \u2013 \u00fcber eine USB-Stromquelle, ohne Batterie. Die Micro-USB-Buchse macht das Mitf\u00fchren eines Ladeger\u00e4ts \u00fcberfl\u00fcssig: Jedes Micro-USB-Kabel ist zum Aufladen geeignet. Ein leistungsstarker eingebauter Magnet, ein abnehmbarer Clip und ein Stirnband bieten vielf\u00e4ltige Befestigungsm\u00f6glichkeiten, und eine zus\u00e4tzliche \u00d6ffnung an der Endkappe macht die Elf C1 zu einer vollwertigen 5-in-1-Multifunktions-Taschenlampe.      <\/p>\n<p>Das Geh\u00e4use der Taschenlampe ist kompatibel mit der Fahrradhalterung ABM-01 und der universellen Schutzhelm-Halterung AHM-02.<\/p>\n<h3>Elf C1 \u2013 Multifunktions-Taschenlampe 5-in-1<\/h3>\n<p><strong>Stirnlampe<\/strong><\/p>\n<ul>\n<li>Einfache Einhandbedienung, zuverl\u00e4ssige Kopfhalterung<\/li>\n<li>Solides Geh\u00e4use ohne lange Kabel, schwache Gummiverbindungen und unn\u00f6tige K\u00e4sten<\/li>\n<li>Die Taschenlampe l\u00e4sst sich leicht in der Halterung installieren, entfernen und um 180\u00b0 drehen<\/li>\n<\/ul>\n<p><strong>T\u00e4gliches Tragelichtsystem<img decoding=\"async\" class=\"size-full wp-image-227846 alignright\" src=\"https:\/\/www.huntersfriend.eu\/app\/uploads\/2021\/09\/Set-Elf-C2-400x600px_en.png\" alt=\"\" width=\"600\" height=\"400\" srcset=\"https:\/\/www.huntersfriend.eu\/app\/uploads\/2021\/09\/Set-Elf-C2-400x600px_en.png 600w, https:\/\/www.huntersfriend.eu\/app\/uploads\/2021\/09\/Set-Elf-C2-400x600px_en-300x200.png 300w, https:\/\/www.huntersfriend.eu\/app\/uploads\/2021\/09\/Set-Elf-C2-400x600px_en-200x133.png 200w, https:\/\/www.huntersfriend.eu\/app\/uploads\/2021\/09\/Set-Elf-C2-400x600px_en-90x60.png 90w, https:\/\/www.huntersfriend.eu\/app\/uploads\/2021\/09\/Set-Elf-C2-400x600px_en-135x90.png 135w\" sizes=\"(max-width: 600px) 100vw, 600px\" \/><\/strong><\/p>\n<ul>\n<li>Kompaktes Design<\/li>\n<li>Praktischer seitlicher Knopf<\/li>\n<li>Spezielles mattes, abriebfestes Finish ohne grobe R\u00e4ndelung<\/li>\n<li>Starker eingebauter Magnet und abnehmbarer robuster Stahlclip<\/li>\n<\/ul>\n<p><strong>Fahrradbeleuchtung<\/strong><\/p>\n<ul>\n<li>Geh\u00e4use aus haltbarem und leichtem Flugzeug-Aluminium<\/li>\n<li> Verbesserte Sto\u00dffestigkeit, neue Federn f\u00fcr eine effizientere Taschenlampenleistung und besseren Batterie- und Treiberschutz<\/li>\n<li>Konstantes Licht ohne Flackern<\/li>\n<li>Optionale Schnellverschluss-Halterung<\/li>\n<\/ul>\n<p><strong>Schl\u00fcsselanh\u00e4nger-Licht<\/strong><\/p>\n<ul>\n<li>Kompakt und leicht f\u00fcr noch bequemeren Transport in der Tasche<\/li>\n<li>Loch f\u00fcr Schl\u00fcsselring oder Trageschlaufe im Endst\u00fcck<\/li>\n<\/ul>\n<p><strong>Lampenmodus<\/strong><\/p>\n<ul>\n<li> Funktioniert ohne Batterien direkt \u00fcber eine Powerbank oder einen beliebigen USB-Adapter<\/li>\n<\/ul>\n<h3>Technische Daten<\/h3>\n<p><strong>Licht  Optik<\/strong><\/p>\n<ul>\n<li>Farbtemperatur: Wei\u00df<\/li>\n<li>LED: Samsung LH351D<\/li>\n<li>Optik: TIR<\/li>\n<li>Lichtleistung, Lumen: 1000 lm<\/li>\n<li>Leuchtweite, Meter: 103 m<\/li>\n<li>Art der Helligkeitsstabilisierung: Digital (CPU Helligkeitsregelung)<\/li>\n<li>Hotspot:Streuung: 70\u00b0:120\u00b0<\/li>\n<\/ul>\n<p><strong>Modi<\/strong><\/p>\n<ul>\n<li>Anzahl der Modi: 6<\/li>\n<li>Laufzeit im Maximalmodus: 52 Min. (530 lm nach 4 Min.)<\/li>\n<li>Laufzeit im minimalen Modus: 60 d<\/li>\n<li>Stroboskopmodus: Nein<\/li>\n<\/ul>\n<p><strong>Abmessungen  Gewicht<\/strong><\/p>\n<ul>\n<li>Kopfdurchmesser: 33 mm<\/li>\n<li>K\u00f6rperdurchmesser: 20,4 mm<\/li>\n<li>L\u00e4nge: 75,9 mm<\/li>\n<li>Gewicht (ohne Batterie): 56 g<\/li>\n<\/ul>\n<p><strong>K\u00f6rper<\/strong><\/p>\n<ul>\n<li>Material: Flugzeugaluminium<\/li>\n<li>Abriebfeste Oberfl\u00e4che: Premium Typ III Harteloxierung 400HV<\/li>\n<li>Wasser- und Staubschutzklasse: IP68<\/li>\n<li>Sichere Tauchtiefe: 10 m<\/li>\n<li>Sichere Fallh\u00f6he: 10 m<\/li>\n<li>Betriebstemperaturen: -25..+40 \u00b0C<\/li>\n<\/ul>\n<p><strong>Elektronik<\/strong><\/p>\n<ul>\n<li>Batteriekompatibilit\u00e4t: 1&#215;18350 Li-Ion<\/li>\n<li>M\u00f6glichkeit zur Verwendung von Akkus mit PCB: Ja<\/li>\n<li>M\u00f6glichkeit zur Verwendung von Akkus ohne PCB: Ja<\/li>\n<li>Schutz vor versehentlichem Einschalten: Ja<\/li>\n<li>Farbige Batteriestatus-Anzeige: Ja<\/li>\n<li>Anzeige bei niedrigem Akkustand: Ja<\/li>\n<\/ul>\n<p>&nbsp;<\/p>\n","protected":false},"excerpt":{"rendered":"<p>Armytek Elf v2 C1 Micro-USB Multifunktions-Taschenlampe mit Lampenmodus. Die Elf C1 ist eine kompakte und leichte Multifunktions-Taschenlampe mit grundlegenden Modi und Micro-USB-Ladeger\u00e4t. Optimales Gewicht, beeindruckende Helligkeit und einfache Bedienung. Die Taschenlampe erm\u00f6glicht eine angenehmere Freizeitgestaltung im Freien f\u00fcr L\u00e4ufer, Bergsteiger, H\u00f6hlenforscher und Angler. Beeindruckende 1000 Lumen in einem Geh\u00e4use mit nur 56 Gramm Gewicht. Die [&#8230;]\n","protected":false},"featured_media":213252,"comment_status":"open","ping_status":"closed","template":"","meta":[],"product_brand":[],"product_cat":[1408],"product_tag":[],"class_list":{"0":"post-218248","1":"product","2":"type-product","3":"status-publish","4":"has-post-thumbnail","6":"product_cat-jagdlampen","8":"first","9":"instock","10":"taxable","11":"shipping-taxable","12":"purchasable","13":"product-type-simple"},"composite_virtual":false,"composite_layout":"","composite_add_to_cart_form_location":"","composite_editable_in_cart":false,"composite_sold_individually_context":"","composite_shop_price_calc":"","composite_components":[],"composite_scenarios":[],"group_of_quantity":0,"min_quantity":0,"max_quantity":"","exclude_order_quantity_value_rules":"no","exclude_category_quantity_rules":"no","combine_variations":"no","exclude_global_add_ons":[],"addons":[],"_links":{"self":[{"href":"https:\/\/www.huntersfriend.eu\/de\/wp-json\/wp\/v2\/product\/218248","targetHints":{"allow":["GET"]}}],"collection":[{"href":"https:\/\/www.huntersfriend.eu\/de\/wp-json\/wp\/v2\/product"}],"about":[{"href":"https:\/\/www.huntersfriend.eu\/de\/wp-json\/wp\/v2\/types\/product"}],"replies":[{"embeddable":true,"href":"https:\/\/www.huntersfriend.eu\/de\/wp-json\/wp\/v2\/comments?post=218248"}],"wp:featuredmedia":[{"embeddable":true,"href":"https:\/\/www.huntersfriend.eu\/de\/wp-json\/wp\/v2\/media\/213252"}],"wp:attachment":[{"href":"https:\/\/www.huntersfriend.eu\/de\/wp-json\/wp\/v2\/media?parent=218248"}],"wp:term":[{"taxonomy":"product_brand","embeddable":true,"href":"https:\/\/www.huntersfriend.eu\/de\/wp-json\/wp\/v2\/product_brand?post=218248"},{"taxonomy":"product_cat","embeddable":true,"href":"https:\/\/www.huntersfriend.eu\/de\/wp-json\/wp\/v2\/product_cat?post=218248"},{"taxonomy":"product_tag","embeddable":true,"href":"https:\/\/www.huntersfriend.eu\/de\/wp-json\/wp\/v2\/product_tag?post=218248"}],"curies":[{"name":"wp","href":"https:\/\/api.w.org\/{rel}","templated":true}]}}