{"id":218247,"date":"2021-09-01T14:22:01","date_gmt":"2021-09-01T12:22:01","guid":{"rendered":"https:\/\/www.huntersfriend.eu\/product\/armytek-predator-pro-magnet-usb\/"},"modified":"2025-09-02T08:58:53","modified_gmt":"2025-09-02T06:58:53","slug":"armytek-predator-pro-magnet-usb","status":"publish","type":"product","link":"https:\/\/www.huntersfriend.eu\/de\/produkt\/armytek-predator-pro-magnet-usb\/","title":{"rendered":"Armytek Predator Pro Magnet USB"},"content":{"rendered":"<h3>Armytek Predator Pro Magnet USB. Die taktische Taschenlampe von Armytek mit der gr\u00f6\u00dften Leuchtweite, jetzt mit magnetischem Ladeger\u00e4t. <\/h3>\n<p>Die Predator Pro ist ein taktisches Modell mit einem schmalen Strahl und beeindruckender Leuchtweite f\u00fcr spezielle Aufgaben und die Jagd. Die Taschenlampe der neuen Generation hat die besten Eigenschaften der Vorg\u00e4ngerversion beibehalten und gleichzeitig ein High-Tech-Update erhalten. <\/p>\n<p>Ein klarer zentraler Lichtpunkt mit minimaler Streuung erm\u00f6glicht es, Objekte in einer Entfernung von bis zu 501 Metern auszuleuchten. Ideal f\u00fcr den Einsatz in einer Entfernung von 100\u2013300 Metern. Die Taschenlampe wird mit einem schnellen magnetischen Ladeger\u00e4t und einem 18650 Li-Ion 3500 mAh Akku geliefert. Sie kann sofort nach dem Auspacken verwendet und von jeder USB-Stromquelle geladen werden: einem Wand- oder Auto-Adapter sowie einer Powerbank.   <\/p>\n<p>Silikongriff, ger\u00e4uschloser taktischer Endschalter, Kompatibilit\u00e4t mit allen Waffenhalterungen, originale Fernschalter und Farbfilter: Das durchdachte Design garantiert die effizienteste taktische Anwendung.<\/p>\n<h3>Neue Funktionen.<\/h3>\n<p><strong>Maximale Leuchtweite:<\/strong> Ein speziell pr\u00e4zise berechneter Reflektor f\u00fcr die High Intensity LED-Modifikation, der die 1,5-fache Leuchtweite im Vergleich zu einer gew\u00f6hnlichen LED bietet, und geh\u00e4rtetes Glas mit Antireflexbeschichtung f\u00fcr maximale Leuchtweite erzeugen einen klaren zentralen Lichtpunkt mit minimaler Streuung bei 1500 Lumen Helligkeit. Der Streulichtdurchmesser betr\u00e4gt 9 Meter bei 100 Metern Entfernung. <\/p>\n<p><strong>Innovative Elektronik und Firmware:<\/strong> Optimierte Laufzeiten und verbesserte Helligkeit.<\/p>\n<p><strong>Neuer taktischer Schalter:<\/strong> Ger\u00e4uschloser elektronischer Schalter verhindert die Preisgabe des Standorts bei der Jagd oder w\u00e4hrend spezieller Eins\u00e4tze.<\/p>\n<p><strong>Schnelles magnetisches Ladeger\u00e4t:<\/strong> Der mitgelieferte 18650 Li-Ion 3500 mAh Akku wird in 3 Stunden und 40 Minuten aufgeladen.<\/p>\n<p><strong>Verbesserte Federn:<\/strong> Neue Federn f\u00fcr besseren Schutz des Akkus und des Treibers sowie erh\u00f6hte Leistungseffizienz.<\/p>\n<p><strong>Erh\u00f6hte Zuverl\u00e4ssigkeit:<\/strong> Spezielle Platzierung und Fixierung des Treibers im Taschenlampengeh\u00e4use.<\/p>\n<p><strong>Stilvolles Geh\u00e4use:<\/strong> Matte Eloxierung, lakonischer Stil, neues Unternehmensbranding.<\/p>\n<p><strong>Erweitertes Set:<\/strong> Hochleistungsakku mit 3500 mAh und schnelles magnetisches USB-Ladeger\u00e4t inklusive. Die Taschenlampe ist sofort einsatzbereit. <\/p>\n<p><strong>Kompatibilit\u00e4t mit magnetischem Fernschalter:<\/strong> Optionaler magnetischer Fernschalter f\u00fcr momentanes Einschalten (nur bei gedr\u00fccktem Knopf) und f\u00fcr Dauerlicht. Einfache Verbindung mit einer Bewegung, kein Abschrauben der Endkappe erforderlich. <\/p>\n<h3>SPEZIFIKATION<\/h3>\n<p><strong>Licht  Optik<\/strong><\/p>\n<p>Farbtemperatur: Wei\u00df<\/p>\n<p>LED: Cree XHP35HI<\/p>\n<p>Optik: Glatter Reflektor<\/p>\n<p>Lichtleistung, Lumen: 1500 lm<\/p>\n<p>Leuchtweite, Meter: 501 m<\/p>\n<p>Art der Helligkeitsstabilisierung: Vollst\u00e4ndig (konstantes Licht)<\/p>\n<p>Hotspot:Streuung: 5\u00b0:40\u00b0<\/p>\n<p>&nbsp;<\/p>\n<p><strong>Modi<\/strong><\/p>\n<p>Anzahl der Modi: 6<\/p>\n<p>Laufzeit im maximalen Modus: 1 Std. 33 Min. (700 lm nach 3 Min.)<\/p>\n<p>Laufzeit im minimalen Modus: 32 Std.<\/p>\n<p>Stroboskopmodus: Ja<\/p>\n<p>&nbsp;<\/p>\n<p><strong>Abmessungen  Gewicht<\/strong><\/p>\n<p>Kopfdurchmesser: 41 mm<\/p>\n<p>Geh\u00e4usedurchmesser: 25,4 mm<\/p>\n<p>L\u00e4nge: 160 mm<\/p>\n<p>Gewicht (ohne Akku): 136 g<\/p>\n<p>&nbsp;<\/p>\n<p><strong>K\u00f6rper<\/strong><\/p>\n<p>Material: Flugzeugaluminium<\/p>\n<p>Abriebfeste Oberfl\u00e4che: Premium Typ III Harteloxierung 400HV<\/p>\n<p>Wasser- und Staubschutzklasse: IP68<\/p>\n<p>Sichere Tauchtiefe: 25 m<\/p>\n<p>Sichere Fallh\u00f6he: 25 m<\/p>\n<p>Betriebstemperaturen: -40..+40 \u00b0C<\/p>\n<p>&nbsp;<\/p>\n<p><strong>Elektronik<\/strong><\/p>\n<p>Akkukompatibilit\u00e4t: 1&#215;18650 Li-Ion<\/p>\n<p>M\u00f6glichkeit zur Verwendung von Akkus mit PCB: Ja<\/p>\n<p>M\u00f6glichkeit zur Verwendung von Akkus ohne PCB: Ja<\/p>\n<p>Schutz vor versehentlichem Einschalten: Ja<\/p>\n<p>Farbige Akkustandsanzeige: &#8211;<\/p>\n<p>Anzeige bei niedrigem Akkustand: Ja<\/p>\n","protected":false},"excerpt":{"rendered":"<p>Armytek Predator Pro Magnet USB. Die taktische Taschenlampe von Armytek mit der gr\u00f6\u00dften Leuchtweite, jetzt mit magnetischem Ladeger\u00e4t. Die Predator Pro ist ein taktisches Modell mit einem schmalen Strahl und beeindruckender Leuchtweite f\u00fcr spezielle Aufgaben und die Jagd. Die Taschenlampe der neuen Generation hat die besten Eigenschaften der Vorg\u00e4ngerversion beibehalten und gleichzeitig ein High-Tech-Update erhalten. [&#8230;]\n","protected":false},"featured_media":213258,"comment_status":"open","ping_status":"closed","template":"","meta":[],"product_brand":[],"product_cat":[1408],"product_tag":[],"class_list":{"0":"post-218247","1":"product","2":"type-product","3":"status-publish","4":"has-post-thumbnail","6":"product_cat-jagdlampen","8":"first","9":"instock","10":"taxable","11":"shipping-taxable","12":"purchasable","13":"product-type-simple"},"composite_virtual":false,"composite_layout":"","composite_add_to_cart_form_location":"","composite_editable_in_cart":false,"composite_sold_individually_context":"","composite_shop_price_calc":"","composite_components":[],"composite_scenarios":[],"group_of_quantity":0,"min_quantity":0,"max_quantity":"","exclude_order_quantity_value_rules":"no","exclude_category_quantity_rules":"no","combine_variations":"no","exclude_global_add_ons":[],"addons":[],"_links":{"self":[{"href":"https:\/\/www.huntersfriend.eu\/de\/wp-json\/wp\/v2\/product\/218247","targetHints":{"allow":["GET"]}}],"collection":[{"href":"https:\/\/www.huntersfriend.eu\/de\/wp-json\/wp\/v2\/product"}],"about":[{"href":"https:\/\/www.huntersfriend.eu\/de\/wp-json\/wp\/v2\/types\/product"}],"replies":[{"embeddable":true,"href":"https:\/\/www.huntersfriend.eu\/de\/wp-json\/wp\/v2\/comments?post=218247"}],"wp:featuredmedia":[{"embeddable":true,"href":"https:\/\/www.huntersfriend.eu\/de\/wp-json\/wp\/v2\/media\/213258"}],"wp:attachment":[{"href":"https:\/\/www.huntersfriend.eu\/de\/wp-json\/wp\/v2\/media?parent=218247"}],"wp:term":[{"taxonomy":"product_brand","embeddable":true,"href":"https:\/\/www.huntersfriend.eu\/de\/wp-json\/wp\/v2\/product_brand?post=218247"},{"taxonomy":"product_cat","embeddable":true,"href":"https:\/\/www.huntersfriend.eu\/de\/wp-json\/wp\/v2\/product_cat?post=218247"},{"taxonomy":"product_tag","embeddable":true,"href":"https:\/\/www.huntersfriend.eu\/de\/wp-json\/wp\/v2\/product_tag?post=218247"}],"curies":[{"name":"wp","href":"https:\/\/api.w.org\/{rel}","templated":true}]}}