{"id":218245,"date":"2021-09-01T14:22:28","date_gmt":"2021-09-01T12:22:28","guid":{"rendered":"https:\/\/www.huntersfriend.eu\/product\/armytek-wizard-v4-c2-pro-max-usb\/"},"modified":"2026-02-25T10:36:09","modified_gmt":"2026-02-25T08:36:09","slug":"armytek-wizard-v4-c2-pro-max-usb","status":"publish","type":"product","link":"https:\/\/www.huntersfriend.eu\/de\/produkt\/armytek-wizard-v4-c2-pro-max-usb\/","title":{"rendered":"Armytek Wizard v4 C2 Pro Max USB Wei\u00df"},"content":{"rendered":"<h3>Armytek Wizard v4 C2 Pro Max USB Wei\u00df bietet eine Helligkeit wie nie zuvor!<\/h3>\n<p><img decoding=\"async\" class=\"size-medium wp-image-227940 aligncenter\" src=\"https:\/\/www.huntersfriend.eu\/app\/uploads\/2021\/09\/Wizard-C2-Pro-Max_en_white-600x57.png\" alt=\"\" width=\"600\" height=\"57\" srcset=\"https:\/\/www.huntersfriend.eu\/app\/uploads\/2021\/09\/Wizard-C2-Pro-Max_en_white-600x57.png 600w, https:\/\/www.huntersfriend.eu\/app\/uploads\/2021\/09\/Wizard-C2-Pro-Max_en_white-768x73.png 768w, https:\/\/www.huntersfriend.eu\/app\/uploads\/2021\/09\/Wizard-C2-Pro-Max_en_white-300x28.png 300w, https:\/\/www.huntersfriend.eu\/app\/uploads\/2021\/09\/Wizard-C2-Pro-Max_en_white-200x19.png 200w, https:\/\/www.huntersfriend.eu\/app\/uploads\/2021\/09\/Wizard-C2-Pro-Max_en_white-190x18.png 190w, https:\/\/www.huntersfriend.eu\/app\/uploads\/2021\/09\/Wizard-C2-Pro-Max_en_white-750x71.png 750w, https:\/\/www.huntersfriend.eu\/app\/uploads\/2021\/09\/Wizard-C2-Pro-Max_en_white.png 801w\" sizes=\"(max-width: 600px) 100vw, 600px\" \/><\/p>\n<p>Der Wizard C2 Pro Max ist das neueste Modell der weltweit gefragten multifunktionalen Armytek Wizard Produktreihe. Nicht nur hell, sondern eine erstaunliche Lichtleistung von 4000 Lumen. <\/p>\n<p>Das breite Flutlicht der Taschenlampe ist optimal sowohl f\u00fcr den Betrieb aus n\u00e4chster N\u00e4he als auch zur Ausleuchtung gro\u00dfer Fl\u00e4chen. Geeignet f\u00fcr Service- und Industriearbeiten, Outdoor-Aktivit\u00e4ten oder Sport. <\/p>\n<p>Die Hauptvorteile der Taschenlampe sind breite Abstrahlwinkel von 110\u00b0:150\u00b0 und ein noch sanfterer \u00dcbergang zwischen Hotspot und Streulicht. In Kombination mit verl\u00e4ngerten Laufzeiten dank des 21700 Li-Ion-Akkus mit gr\u00f6\u00dferer Kapazit\u00e4t machen diese Eigenschaften die Nutzung so bequem wie m\u00f6glich. Ein schnelles magnetisches USB-Ladeger\u00e4t l\u00e4dt die Taschenlampe in nur 5 Stunden und 20 Minuten auf.  <\/p>\n<p>Dank des Batterieadapters im Set funktioniert die Taschenlampe auch mit der g\u00e4ngigen 18650 Stromversorgung. Stirnbandhalterung, Clip, Fahrradhalterung ABM-01 und der Magnet in der Endkappe bieten verschiedene Befestigungsm\u00f6glichkeiten. <\/p>\n<p>Der Wizard C2 Pro Max ist mit originalen Helmhalterungen kompatibel.<\/p>\n<h3>Wizard C2 Pro Max \u2014 Multifunktions-Taschenlampe 3 in 1<\/h3>\n<p><strong>Stirnlampe<\/strong><\/p>\n<ul>\n<li>Einfache Einhandbedienung, zuverl\u00e4ssige Kopfhalterung<\/li>\n<li>Solides Geh\u00e4use ohne lange Kabel, schwache Gummiverbindungen und unn\u00f6tige K\u00e4sten<\/li>\n<li>Die Taschenlampe l\u00e4sst sich leicht in der Halterung installieren, entfernen und um 180\u00b0 drehen<\/li>\n<li>Schnellverschluss-Gummiring bietet zus\u00e4tzliche Fixierung<\/li>\n<\/ul>\n<p><strong>T\u00e4gliches Tragelichtsystem<img decoding=\"async\" class=\"size-full wp-image-227945 alignright\" src=\"https:\/\/www.huntersfriend.eu\/app\/uploads\/2021\/09\/Wizard-C2-Pro-Max.png\" alt=\"\" width=\"600\" height=\"400\" srcset=\"https:\/\/www.huntersfriend.eu\/app\/uploads\/2021\/09\/Wizard-C2-Pro-Max.png 600w, https:\/\/www.huntersfriend.eu\/app\/uploads\/2021\/09\/Wizard-C2-Pro-Max-300x200.png 300w, https:\/\/www.huntersfriend.eu\/app\/uploads\/2021\/09\/Wizard-C2-Pro-Max-200x133.png 200w, https:\/\/www.huntersfriend.eu\/app\/uploads\/2021\/09\/Wizard-C2-Pro-Max-90x60.png 90w, https:\/\/www.huntersfriend.eu\/app\/uploads\/2021\/09\/Wizard-C2-Pro-Max-135x90.png 135w\" sizes=\"(max-width: 600px) 100vw, 600px\" \/><\/strong><\/p>\n<ul>\n<li>Kompaktes Design<\/li>\n<li>Praktischer seitlicher Knopf<\/li>\n<li>Spezielles mattes, abriebfestes Finish ohne grobe R\u00e4ndelung<\/li>\n<li>Starker eingebauter Magnet und abnehmbarer robuster Stahlclip<\/li>\n<\/ul>\n<p><strong>Fahrradbeleuchtung<\/strong><\/p>\n<ul>\n<li>Geh\u00e4use aus haltbarem und leichtem Flugzeug-Aluminium<\/li>\n<li>Verbesserte Sto\u00dffestigkeit, neue Federn f\u00fcr effizientere Taschenlampenleistung und besseren Schutz von Batterie und Treiber<\/li>\n<li>Konstantes Licht ohne Flackern<\/li>\n<li>Schnellverschluss-Halterung im Set<\/li>\n<\/ul>\n<h3>Technische Daten<\/h3>\n<p><strong>Licht  Optik<\/strong><\/p>\n<ul>\n<li>Farbtemperatur: Wei\u00df<\/li>\n<li>LED: Cree XHP70.2<\/li>\n<li>Optik: TIR<\/li>\n<li>Lichtleistung, Lumen: 4000 lm<\/li>\n<li>Leuchtweite, Meter: 114 m<\/li>\n<li>Art der Helligkeitsstabilisierung: Vollst\u00e4ndig (konstantes Licht)<\/li>\n<li>Hotspot:Streulicht: 110\u00b0:150\u00b0<\/li>\n<\/ul>\n<p><strong>Modi<\/strong><\/p>\n<ul>\n<li>Anzahl der Modi: 6 einfache Modi standardm\u00e4\u00dfig \/ 10 erweiterte Modi<\/li>\n<li>Laufzeit im Maximalmodus: 3 Std. 15 Min. (900 lm nach 50 Sek.)<\/li>\n<li>Laufzeit im Minimalmodus: 2 Monate<\/li>\n<li>Stroboskopmodus: Ja<\/li>\n<\/ul>\n<p><strong>Abmessungen  Gewicht<\/strong><\/p>\n<ul>\n<li>Kopfdurchmesser: 34,4 mm<\/li>\n<li>Geh\u00e4usedurchmesser: 23,6 mm<\/li>\n<li>L\u00e4nge: 121,5 mm<\/li>\n<li>Gewicht (ohne Akku): 79 g<\/li>\n<\/ul>\n<p><strong>K\u00f6rper<\/strong><\/p>\n<ul>\n<li>Material: Flugzeugaluminium<\/li>\n<li>Abriebfeste Oberfl\u00e4che: Premium Typ III Harteloxierung 400HV<\/li>\n<li>Wasser- und Staubschutzklasse: IP68<\/li>\n<li>Sichere Tauchtiefe: 10 m<\/li>\n<li>Sichere Fallh\u00f6he: 10 m<\/li>\n<li>Betriebstemperaturen: -25..+40 \u00b0C<\/li>\n<\/ul>\n<p><strong>Elektronik<\/strong><\/p>\n<ul>\n<li>Akku-Kompatibilit\u00e4t: 1&#215;21700 Li-Ion, 1&#215;18650 Li-Ion (mit Akku-Adapter)<\/li>\n<li>M\u00f6glichkeit zur Verwendung von Akkus mit PCB: Ja<\/li>\n<li>M\u00f6glichkeit zur Verwendung von Akkus ohne PCB: Ja<\/li>\n<li>Schutz vor versehentlichem Einschalten: Ja<\/li>\n<li>Farbige Batteriestatus-Anzeige: Ja<\/li>\n<li>Anzeige bei niedrigem Akkustand: Ja<\/li>\n<\/ul>\n","protected":false},"excerpt":{"rendered":"<p>4000 Lumen, inklusive Ladeger\u00e4t und 5000 mAh-Akku<\/p>\n","protected":false},"featured_media":227947,"comment_status":"open","ping_status":"closed","template":"","meta":[],"product_brand":[],"product_cat":[2525,1408],"product_tag":[],"class_list":{"0":"post-218245","1":"product","2":"type-product","3":"status-publish","4":"has-post-thumbnail","6":"product_cat-jaktlampor","7":"product_cat-jagdlampen","9":"first","10":"outofstock","11":"taxable","12":"shipping-taxable","13":"purchasable","14":"product-type-simple"},"composite_virtual":false,"composite_layout":"","composite_add_to_cart_form_location":"","composite_editable_in_cart":false,"composite_sold_individually_context":"","composite_shop_price_calc":"","composite_components":[],"composite_scenarios":[],"group_of_quantity":0,"min_quantity":0,"max_quantity":"","exclude_order_quantity_value_rules":"no","exclude_category_quantity_rules":"no","combine_variations":"no","exclude_global_add_ons":[],"addons":[],"_links":{"self":[{"href":"https:\/\/www.huntersfriend.eu\/de\/wp-json\/wp\/v2\/product\/218245","targetHints":{"allow":["GET"]}}],"collection":[{"href":"https:\/\/www.huntersfriend.eu\/de\/wp-json\/wp\/v2\/product"}],"about":[{"href":"https:\/\/www.huntersfriend.eu\/de\/wp-json\/wp\/v2\/types\/product"}],"replies":[{"embeddable":true,"href":"https:\/\/www.huntersfriend.eu\/de\/wp-json\/wp\/v2\/comments?post=218245"}],"wp:featuredmedia":[{"embeddable":true,"href":"https:\/\/www.huntersfriend.eu\/de\/wp-json\/wp\/v2\/media\/227947"}],"wp:attachment":[{"href":"https:\/\/www.huntersfriend.eu\/de\/wp-json\/wp\/v2\/media?parent=218245"}],"wp:term":[{"taxonomy":"product_brand","embeddable":true,"href":"https:\/\/www.huntersfriend.eu\/de\/wp-json\/wp\/v2\/product_brand?post=218245"},{"taxonomy":"product_cat","embeddable":true,"href":"https:\/\/www.huntersfriend.eu\/de\/wp-json\/wp\/v2\/product_cat?post=218245"},{"taxonomy":"product_tag","embeddable":true,"href":"https:\/\/www.huntersfriend.eu\/de\/wp-json\/wp\/v2\/product_tag?post=218245"}],"curies":[{"name":"wp","href":"https:\/\/api.w.org\/{rel}","templated":true}]}}