{"id":218242,"date":"2021-09-01T14:22:29","date_gmt":"2021-09-01T12:22:29","guid":{"rendered":"https:\/\/www.huntersfriend.eu\/product\/armytek-wizard-v4-c2-pro-usb-warm\/"},"modified":"2026-02-25T10:36:10","modified_gmt":"2026-02-25T08:36:10","slug":"armytek-wizard-v4-c2-pro-usb-warm","status":"publish","type":"product","link":"https:\/\/www.huntersfriend.eu\/de\/produkt\/armytek-wizard-v4-c2-pro-usb-warm\/","title":{"rendered":"Armytek Wizard v4 C2 Pro Magnet USB warm"},"content":{"rendered":"<h3>Die Armytek Wizard v4 C2 Pro Magnet USB warm Multifunktionslampe ist jetzt noch heller, zuverl\u00e4ssiger und praktischer!<\/h3>\n<p><img decoding=\"async\" class=\"size-medium wp-image-227969 aligncenter\" src=\"https:\/\/www.huntersfriend.eu\/app\/uploads\/2021\/09\/Wizard-C2-Pro_en_warmuusi-600x62.png\" alt=\"\" width=\"600\" height=\"62\" srcset=\"https:\/\/www.huntersfriend.eu\/app\/uploads\/2021\/09\/Wizard-C2-Pro_en_warmuusi-600x62.png 600w, https:\/\/www.huntersfriend.eu\/app\/uploads\/2021\/09\/Wizard-C2-Pro_en_warmuusi-768x80.png 768w, https:\/\/www.huntersfriend.eu\/app\/uploads\/2021\/09\/Wizard-C2-Pro_en_warmuusi-300x31.png 300w, https:\/\/www.huntersfriend.eu\/app\/uploads\/2021\/09\/Wizard-C2-Pro_en_warmuusi-200x21.png 200w, https:\/\/www.huntersfriend.eu\/app\/uploads\/2021\/09\/Wizard-C2-Pro_en_warmuusi-190x20.png 190w, https:\/\/www.huntersfriend.eu\/app\/uploads\/2021\/09\/Wizard-C2-Pro_en_warmuusi-750x78.png 750w, https:\/\/www.huntersfriend.eu\/app\/uploads\/2021\/09\/Wizard-C2-Pro_en_warmuusi.png 801w\" sizes=\"(max-width: 600px) 100vw, 600px\" \/><\/p>\n<p>Wizard C2 Pro \u2013 die erste Multifunktionslampe im Armytek-Sortiment. Die perfekte L\u00f6sung f\u00fcr alle, die eine multifunktionale Taschenlampe f\u00fcr den kontinuierlichen professionellen und allt\u00e4glichen Gebrauch suchen. <\/p>\n<p>Das Modell bietet eine unglaubliche Helligkeit von bis zu 2500 Lumen und eine Leuchtweite von bis zu 131 Metern. Es l\u00e4dt \u00fcber jede USB-Stromquelle mit magnetischem USB-Kabel. Ein starker Magnet in der Endkappe erm\u00f6glicht die Befestigung der Taschenlampe an jeder Metalloberfl\u00e4che. Das Set enth\u00e4lt eine bequeme Stirnbandhalterung, einen Clip zur Befestigung an Kleidung oder Rucksack und eine Fahrradhalterung ABM-01. Die Wizard C2 Pro ist kompatibel mit der Helmhalterung AHM-02 und f\u00fcr Bauarbeiten geeignet.   <\/p>\n<h3>Wizard C2 Pro \u2013 Multifunktionslampe 3-in-1<\/h3>\n<p><strong>Stirnlampe<\/strong><\/p>\n<ul>\n<li>Einfache Einhandbedienung, zuverl\u00e4ssige Stirnbandhalterung zum Laufen<\/li>\n<li>Solides Geh\u00e4use ohne lange Kabel, schwache Gummiverbindungen und unn\u00f6tige K\u00e4sten<\/li>\n<li>Die Taschenlampe l\u00e4sst sich leicht in der Halterung installieren, entfernen und um 180\u00b0 drehen<\/li>\n<li>Schnellspann-Gummiring bietet zus\u00e4tzlichen Halt<\/li>\n<\/ul>\n<p><strong>T\u00e4gliches Tragelichtsystem<img decoding=\"async\" class=\"size-full wp-image-227971 alignright\" src=\"https:\/\/www.huntersfriend.eu\/app\/uploads\/2021\/09\/Uusi.png\" alt=\"\" width=\"600\" height=\"400\" srcset=\"https:\/\/www.huntersfriend.eu\/app\/uploads\/2021\/09\/Uusi.png 600w, https:\/\/www.huntersfriend.eu\/app\/uploads\/2021\/09\/Uusi-300x200.png 300w, https:\/\/www.huntersfriend.eu\/app\/uploads\/2021\/09\/Uusi-200x133.png 200w, https:\/\/www.huntersfriend.eu\/app\/uploads\/2021\/09\/Uusi-90x60.png 90w, https:\/\/www.huntersfriend.eu\/app\/uploads\/2021\/09\/Uusi-135x90.png 135w\" sizes=\"(max-width: 600px) 100vw, 600px\" \/><\/strong><\/p>\n<ul>\n<li>Kompaktes Design<\/li>\n<li>Praktischer seitlicher Knopf<\/li>\n<li>Spezielles mattes, abriebfestes Finish ohne grobe R\u00e4ndelung<\/li>\n<li>Starker eingebauter Magnet und robuster Stahlclip<\/li>\n<li>Konstantes Licht ohne Flackern<\/li>\n<\/ul>\n<p><strong>Fahrradlicht<\/strong><\/p>\n<ul>\n<li>Hergestellt aus Flugzeug-Aluminium<\/li>\n<li>Robuste Schnellspannhalterung im Set<\/li>\n<\/ul>\n<h3>Technische Daten<\/h3>\n<p><strong>Licht  Optik<\/strong><\/p>\n<ul>\n<li>Farbtemperatur: Warm<\/li>\n<li>LED: Cree XHP50.2<\/li>\n<li>Optik: TIR-Optik<\/li>\n<li>Leuchtweite: 129 m<\/li>\n<li>Art der Helligkeitsstabilisierung: Vollst\u00e4ndig (konstantes Licht)<\/li>\n<li>Hotspot: 70\u00b0<\/li>\n<li>Spill: 120\u00b0<\/li>\n<\/ul>\n<p><strong>Modi<\/strong><\/p>\n<ul>\n<li>Anzahl der Modi: 12<\/li>\n<li>Laufzeit im maximalen Modus: 2 Std. 40 Min. (605 lm nach 30 Sek.)<\/li>\n<li>Laufzeit im minimalen Modus: 200 Tage<\/li>\n<li>Stroboskopmodus: Ja<\/li>\n<\/ul>\n<p><strong>Abmessungen  Gewicht<\/strong><\/p>\n<ul>\n<li>Kopfdurchmesser: 33 mm<\/li>\n<li>K\u00f6rperdurchmesser: 20,4 mm<\/li>\n<li>L\u00e4nge: 112 mm<\/li>\n<li>Gewicht (ohne Akku): 65 g<\/li>\n<\/ul>\n<p><strong>K\u00f6rper<\/strong><\/p>\n<ul>\n<li>Material: Flugzeug-Aluminium<\/li>\n<li>Abriebfeste Oberfl\u00e4che: Premium Typ III Harteloxierung 400HV<\/li>\n<li>Wasser- und Staubdichtigkeit Standard: IP68 (h\u00f6chste)<\/li>\n<li>Sichere Tauchtiefe: 10 m<\/li>\n<li>Sichere Fallh\u00f6he: 10 m<\/li>\n<li>Betriebstemperaturen: -25..+40 \u00b0C<\/li>\n<\/ul>\n<p><strong>Elektronik<\/strong><\/p>\n<ul>\n<li>Verwendung von Akkus mit PCB: Nein<\/li>\n<li>Verwendung von Akkus ohne PCB: Nein<\/li>\n<li>Schutz vor versehentlichem Einschalten: Nein<\/li>\n<li>Farbige Akkuzustandsanzeige: Nein<\/li>\n<li>Anzeige f\u00fcr niedrigen Akkustand: Nein<\/li>\n<\/ul>\n<p>&nbsp;<\/p>\n","protected":false},"excerpt":{"rendered":"<p>2330 Lumen, inkl. Ladeger\u00e4t und 3500 mAh Akku, warmes Licht <\/p>\n","protected":false},"featured_media":227973,"comment_status":"open","ping_status":"closed","template":"","meta":[],"product_brand":[],"product_cat":[2525],"product_tag":[],"class_list":{"0":"post-218242","1":"product","2":"type-product","3":"status-publish","4":"has-post-thumbnail","6":"product_cat-jaktlampor","8":"first","9":"instock","10":"taxable","11":"shipping-taxable","12":"purchasable","13":"product-type-simple"},"composite_virtual":false,"composite_layout":"","composite_add_to_cart_form_location":"","composite_editable_in_cart":false,"composite_sold_individually_context":"","composite_shop_price_calc":"","composite_components":[],"composite_scenarios":[],"group_of_quantity":0,"min_quantity":0,"max_quantity":"","exclude_order_quantity_value_rules":"no","exclude_category_quantity_rules":"no","combine_variations":"no","exclude_global_add_ons":[],"addons":[],"_links":{"self":[{"href":"https:\/\/www.huntersfriend.eu\/de\/wp-json\/wp\/v2\/product\/218242","targetHints":{"allow":["GET"]}}],"collection":[{"href":"https:\/\/www.huntersfriend.eu\/de\/wp-json\/wp\/v2\/product"}],"about":[{"href":"https:\/\/www.huntersfriend.eu\/de\/wp-json\/wp\/v2\/types\/product"}],"replies":[{"embeddable":true,"href":"https:\/\/www.huntersfriend.eu\/de\/wp-json\/wp\/v2\/comments?post=218242"}],"wp:featuredmedia":[{"embeddable":true,"href":"https:\/\/www.huntersfriend.eu\/de\/wp-json\/wp\/v2\/media\/227973"}],"wp:attachment":[{"href":"https:\/\/www.huntersfriend.eu\/de\/wp-json\/wp\/v2\/media?parent=218242"}],"wp:term":[{"taxonomy":"product_brand","embeddable":true,"href":"https:\/\/www.huntersfriend.eu\/de\/wp-json\/wp\/v2\/product_brand?post=218242"},{"taxonomy":"product_cat","embeddable":true,"href":"https:\/\/www.huntersfriend.eu\/de\/wp-json\/wp\/v2\/product_cat?post=218242"},{"taxonomy":"product_tag","embeddable":true,"href":"https:\/\/www.huntersfriend.eu\/de\/wp-json\/wp\/v2\/product_tag?post=218242"}],"curies":[{"name":"wp","href":"https:\/\/api.w.org\/{rel}","templated":true}]}}