{"id":218241,"date":"2021-09-01T14:22:29","date_gmt":"2021-09-01T12:22:29","guid":{"rendered":"https:\/\/www.huntersfriend.eu\/product\/armytek-wizard-v4-c2-pro-usb\/"},"modified":"2026-03-18T22:00:29","modified_gmt":"2026-03-18T20:00:29","slug":"armytek-wizard-v4-c2-pro-usb","status":"publish","type":"product","link":"https:\/\/www.huntersfriend.eu\/de\/produkt\/armytek-wizard-v4-c2-pro-usb\/","title":{"rendered":"Armytek Wizard v4 C2 Pro USB Wei\u00df"},"content":{"rendered":"<h3>Die Armytek Wizard v4 C2 Pro Max USB Wei\u00df Multifunktionslampe ist jetzt noch heller, zuverl\u00e4ssiger und praktischer.<\/h3>\n<p><img decoding=\"async\" class=\"size-medium wp-image-227831 aligncenter\" src=\"https:\/\/www.huntersfriend.eu\/app\/uploads\/2021\/09\/Wizard-C2-Pro_en_white-600x57.png\" alt=\"\" width=\"600\" height=\"57\" srcset=\"https:\/\/www.huntersfriend.eu\/app\/uploads\/2021\/09\/Wizard-C2-Pro_en_white-600x57.png 600w, https:\/\/www.huntersfriend.eu\/app\/uploads\/2021\/09\/Wizard-C2-Pro_en_white-768x73.png 768w, https:\/\/www.huntersfriend.eu\/app\/uploads\/2021\/09\/Wizard-C2-Pro_en_white-300x28.png 300w, https:\/\/www.huntersfriend.eu\/app\/uploads\/2021\/09\/Wizard-C2-Pro_en_white-200x19.png 200w, https:\/\/www.huntersfriend.eu\/app\/uploads\/2021\/09\/Wizard-C2-Pro_en_white-190x18.png 190w, https:\/\/www.huntersfriend.eu\/app\/uploads\/2021\/09\/Wizard-C2-Pro_en_white-750x71.png 750w, https:\/\/www.huntersfriend.eu\/app\/uploads\/2021\/09\/Wizard-C2-Pro_en_white.png 801w\" sizes=\"(max-width: 600px) 100vw, 600px\" \/><\/p>\n<p>Wizard C2 Pro \u2014 die erste Multifunktionslampe in der neuen Armytek-Produktreihe. Perfekte L\u00f6sung f\u00fcr alle, die eine multifunktionale Taschenlampe f\u00fcr den kontinuierlichen professionellen und allt\u00e4glichen Gebrauch suchen. Das Modell besticht durch eine unglaubliche Helligkeit von bis zu 2500 Lumen und eine Leuchtweite von bis zu 131 Metern. L\u00e4dt \u00fcber jede USB-Stromquelle mit magnetischem USB-Kabel. Ein starker Magnet in der Endkappe erm\u00f6glicht die Befestigung der Taschenlampe an jeder Metalloberfl\u00e4che. Das Set enth\u00e4lt eine bequeme Stirnbandhalterung, einen Clip zur Befestigung an Kleidung oder Rucksack und eine Fahrradhalterung ABM-01. Die Wizard C2 Pro ist kompatibel mit der Helmhalterung AHM-02 und f\u00fcr Bauarbeiten geeignet.      <\/p>\n<h3>Wizard C2 Pro \u2014 Multifunktionslampe 3-in-1<\/h3>\n<p><strong>Stirnlampe<\/strong><\/p>\n<ul>\n<li>Einfache Einhandbedienung, zuverl\u00e4ssige Stirnbandhalterung zum Laufen<\/li>\n<li>Solides Geh\u00e4use ohne lange Kabel, schwache Gummiverbindungen und unn\u00f6tige K\u00e4sten<\/li>\n<li>Die Taschenlampe l\u00e4sst sich leicht in der Halterung installieren, entfernen und um 180\u00b0 drehen<\/li>\n<li>Schnellverschluss-Gummiring bietet zus\u00e4tzliche Fixierung<\/li>\n<\/ul>\n<p><strong>T\u00e4gliches Tragelichtsystem<img decoding=\"async\" class=\"size-full wp-image-227833 alignright\" src=\"https:\/\/www.huntersfriend.eu\/app\/uploads\/2021\/09\/Set_en.png\" alt=\"\" width=\"600\" height=\"400\" srcset=\"https:\/\/www.huntersfriend.eu\/app\/uploads\/2021\/09\/Set_en.png 600w, https:\/\/www.huntersfriend.eu\/app\/uploads\/2021\/09\/Set_en-300x200.png 300w, https:\/\/www.huntersfriend.eu\/app\/uploads\/2021\/09\/Set_en-200x133.png 200w, https:\/\/www.huntersfriend.eu\/app\/uploads\/2021\/09\/Set_en-90x60.png 90w, https:\/\/www.huntersfriend.eu\/app\/uploads\/2021\/09\/Set_en-135x90.png 135w\" sizes=\"(max-width: 600px) 100vw, 600px\" \/><\/strong><\/p>\n<ul>\n<li>Kompaktes Design<\/li>\n<li>Praktischer seitlicher Knopf<\/li>\n<li>Spezielles mattes, abriebfestes Finish ohne grobe R\u00e4ndelung<\/li>\n<li>Starker eingebauter Magnet und robuster Stahlclip<\/li>\n<li>Konstantes Licht ohne Flackern<\/li>\n<\/ul>\n<p><strong>Fahrradlicht<\/strong><\/p>\n<ul>\n<li>Hergestellt aus Flugzeugaluminium<\/li>\n<li>Robuste Schnellwechselhalterung im Set enthalten<\/li>\n<\/ul>\n<h3>Technische Daten<\/h3>\n<p><strong>Licht  Optik<\/strong><\/p>\n<ul>\n<li>Farbtemperatur: Wei\u00df<\/li>\n<li>LED: Cree XHP50.2<\/li>\n<li>Optik: TIR-Optik<\/li>\n<li>Leuchtweite, Meter: 131 m<\/li>\n<li>Art der Helligkeitsstabilisierung: Vollst\u00e4ndig (konstantes Licht)<\/li>\n<li>Hotspot: 70\u00b0<\/li>\n<li>Spill: 120\u00b0<\/li>\n<\/ul>\n<p><strong>Modi<\/strong><\/p>\n<ul>\n<li>Anzahl der Modi: 12<\/li>\n<li>Laufzeit im maximalen Modus: 2 h 40 min (650 lm nach 30 Sek.)<\/li>\n<li>Laufzeit im minimalen Modus: 200 Tage<\/li>\n<li>Stroboskopmodus: Ja<\/li>\n<\/ul>\n<p><strong>Abmessungen  Gewicht<\/strong><\/p>\n<ul>\n<li>Kopfdurchmesser: 33 mm<\/li>\n<li>K\u00f6rperdurchmesser: 20,4 mm<\/li>\n<li>L\u00e4nge: 112 mm<\/li>\n<li>Gewicht (ohne Batterie): 65 g<\/li>\n<\/ul>\n<p><strong>K\u00f6rper<\/strong><\/p>\n<ul>\n<li>Material: Flugzeugaluminium<\/li>\n<li>Abriebfeste Oberfl\u00e4che: Premium Typ III Harteloxierung 400HV<\/li>\n<li>Wasserdicht- und Staubdicht-Standard: IP68 (h\u00f6chste)<\/li>\n<li>Sichere Tauchtiefe: 10 m<\/li>\n<li>Sichere Fallh\u00f6he: 10 m<\/li>\n<li>Betriebstemperaturen: -25..+40 \u00b0C<\/li>\n<\/ul>\n<p><strong>Elektronik<\/strong><\/p>\n<ul>\n<li>Verwendung von Batterien mit PCB m\u00f6glich: Nein<\/li>\n<li>Verwendung von Batterien ohne PCB m\u00f6glich: Nein<\/li>\n<li>Schutz vor versehentlichem Einschalten: Nein<\/li>\n<li>Farbige Akkuzustandsanzeige: Nein<\/li>\n<li>Anzeige f\u00fcr niedrigen Batteriestand: Nein<\/li>\n<\/ul>\n","protected":false},"excerpt":{"rendered":"<p>2500 Lumen, inklusive Ladeger\u00e4t und 3500 mAh-Akku<\/p>\n","protected":false},"featured_media":227836,"comment_status":"open","ping_status":"closed","template":"","meta":[],"product_brand":[],"product_cat":[1408],"product_tag":[],"class_list":{"0":"post-218241","1":"product","2":"type-product","3":"status-publish","4":"has-post-thumbnail","6":"product_cat-jagdlampen","8":"first","9":"instock","10":"taxable","11":"shipping-taxable","12":"purchasable","13":"product-type-simple"},"composite_virtual":false,"composite_layout":"","composite_add_to_cart_form_location":"","composite_editable_in_cart":false,"composite_sold_individually_context":"","composite_shop_price_calc":"","composite_components":[],"composite_scenarios":[],"group_of_quantity":0,"min_quantity":0,"max_quantity":"","exclude_order_quantity_value_rules":"no","exclude_category_quantity_rules":"no","combine_variations":"no","exclude_global_add_ons":[],"addons":[],"_links":{"self":[{"href":"https:\/\/www.huntersfriend.eu\/de\/wp-json\/wp\/v2\/product\/218241","targetHints":{"allow":["GET"]}}],"collection":[{"href":"https:\/\/www.huntersfriend.eu\/de\/wp-json\/wp\/v2\/product"}],"about":[{"href":"https:\/\/www.huntersfriend.eu\/de\/wp-json\/wp\/v2\/types\/product"}],"replies":[{"embeddable":true,"href":"https:\/\/www.huntersfriend.eu\/de\/wp-json\/wp\/v2\/comments?post=218241"}],"wp:featuredmedia":[{"embeddable":true,"href":"https:\/\/www.huntersfriend.eu\/de\/wp-json\/wp\/v2\/media\/227836"}],"wp:attachment":[{"href":"https:\/\/www.huntersfriend.eu\/de\/wp-json\/wp\/v2\/media?parent=218241"}],"wp:term":[{"taxonomy":"product_brand","embeddable":true,"href":"https:\/\/www.huntersfriend.eu\/de\/wp-json\/wp\/v2\/product_brand?post=218241"},{"taxonomy":"product_cat","embeddable":true,"href":"https:\/\/www.huntersfriend.eu\/de\/wp-json\/wp\/v2\/product_cat?post=218241"},{"taxonomy":"product_tag","embeddable":true,"href":"https:\/\/www.huntersfriend.eu\/de\/wp-json\/wp\/v2\/product_tag?post=218241"}],"curies":[{"name":"wp","href":"https:\/\/api.w.org\/{rel}","templated":true}]}}