{"id":218240,"date":"2021-09-01T14:22:29","date_gmt":"2021-09-01T12:22:29","guid":{"rendered":"https:\/\/www.huntersfriend.eu\/product\/armytek-wizard-v4-c2-pro-max-usb-warm\/"},"modified":"2025-09-02T08:58:41","modified_gmt":"2025-09-02T06:58:41","slug":"armytek-wizard-v4-c2-pro-max-usb-warm","status":"publish","type":"product","link":"https:\/\/www.huntersfriend.eu\/de\/produkt\/armytek-wizard-v4-c2-pro-max-usb-warm\/","title":{"rendered":"Armytek Wizard v4 C2 Pro Max USB warm"},"content":{"rendered":"<h3>Die Armytek Wizard v4 C2 Pro Max USB warm Multifunktionslampe ist jetzt noch heller, zuverl\u00e4ssiger und komfortabler.<\/h3>\n<p><img decoding=\"async\" class=\"size-medium wp-image-227812 aligncenter\" src=\"https:\/\/www.huntersfriend.eu\/app\/uploads\/2021\/09\/Wizard-C2-Pro_en_warm-600x62.png\" alt=\"\" width=\"600\" height=\"62\" srcset=\"https:\/\/www.huntersfriend.eu\/app\/uploads\/2021\/09\/Wizard-C2-Pro_en_warm-600x62.png 600w, https:\/\/www.huntersfriend.eu\/app\/uploads\/2021\/09\/Wizard-C2-Pro_en_warm-768x80.png 768w, https:\/\/www.huntersfriend.eu\/app\/uploads\/2021\/09\/Wizard-C2-Pro_en_warm-300x31.png 300w, https:\/\/www.huntersfriend.eu\/app\/uploads\/2021\/09\/Wizard-C2-Pro_en_warm-200x21.png 200w, https:\/\/www.huntersfriend.eu\/app\/uploads\/2021\/09\/Wizard-C2-Pro_en_warm-190x20.png 190w, https:\/\/www.huntersfriend.eu\/app\/uploads\/2021\/09\/Wizard-C2-Pro_en_warm-750x78.png 750w, https:\/\/www.huntersfriend.eu\/app\/uploads\/2021\/09\/Wizard-C2-Pro_en_warm.png 801w\" sizes=\"(max-width: 600px) 100vw, 600px\" \/><\/p>\n<p>Wizard C2 Pro \u2014 die erste Multifunktionslampe im neuen Armytek-Sortiment. Die perfekte L\u00f6sung f\u00fcr alle, die eine multifunktionale Taschenlampe f\u00fcr den kontinuierlichen professionellen und t\u00e4glichen Gebrauch suchen. Das Modell bietet eine unglaubliche Helligkeit von bis zu 2500 Lumen und eine Leuchtweite von bis zu 131 Metern. L\u00e4dt \u00fcber jede USB-Stromquelle mit magnetischem USB-Kabel. Ein starker Magnet in der Endkappe erm\u00f6glicht die Befestigung der Taschenlampe an jeder Metalloberfl\u00e4che. Das Set enth\u00e4lt eine bequeme Stirnbandhalterung, einen Clip zur Befestigung an Kleidung oder Rucksack und eine Fahrradhalterung ABM-01. Die Wizard C2 Pro ist kompatibel mit der Helmhalterung AHM-02 und eignet sich f\u00fcr Bauarbeiten.      <\/p>\n<h3>Wizard C2 Pro \u2014 Multifunktionslampe 3-in-1<\/h3>\n<p><strong>Stirnlampe<\/strong><\/p>\n<ul>\n<li>Einfache Einhandbedienung, zuverl\u00e4ssige Stirnbandhalterung zum Laufen<\/li>\n<li>Solides Geh\u00e4use ohne lange Kabel, schwache Gummiverbindungen und unn\u00f6tige K\u00e4sten<\/li>\n<li>Die Taschenlampe l\u00e4sst sich leicht in der Halterung installieren, entfernen und um 180\u00b0 drehen<\/li>\n<li>Schnellverschluss-Gummiring bietet zus\u00e4tzliche Fixierung<\/li>\n<\/ul>\n<p><strong>T\u00e4gliches Tragelichtsystem<img decoding=\"async\" class=\"size-full wp-image-227833 alignright\" src=\"https:\/\/www.huntersfriend.eu\/app\/uploads\/2021\/09\/Set_en.png\" alt=\"\" width=\"600\" height=\"400\" srcset=\"https:\/\/www.huntersfriend.eu\/app\/uploads\/2021\/09\/Set_en.png 600w, https:\/\/www.huntersfriend.eu\/app\/uploads\/2021\/09\/Set_en-300x200.png 300w, https:\/\/www.huntersfriend.eu\/app\/uploads\/2021\/09\/Set_en-200x133.png 200w, https:\/\/www.huntersfriend.eu\/app\/uploads\/2021\/09\/Set_en-90x60.png 90w, https:\/\/www.huntersfriend.eu\/app\/uploads\/2021\/09\/Set_en-135x90.png 135w\" sizes=\"(max-width: 600px) 100vw, 600px\" \/><\/strong><\/p>\n<ul>\n<li>Kompaktes Design<\/li>\n<li>Praktischer seitlicher Knopf<\/li>\n<li>Spezielles mattes, abriebfestes Finish ohne grobe R\u00e4ndelung<\/li>\n<li>Starker eingebauter Magnet und robuster Stahlclip<\/li>\n<li>Konstantes Licht ohne Flackern<\/li>\n<\/ul>\n<p><strong>Fahrradlicht<\/strong><\/p>\n<ul>\n<li>Hergestellt aus Flugzeug-Aluminium<\/li>\n<li>Robuste Schnellwechselhalterung im Set<\/li>\n<\/ul>\n<h3>Technische Daten<\/h3>\n<div id=\"content_features\" class=\"ty-wysiwyg-content content-features\" data-ab-smc-tab-hide=\"N|N\" data-ab-smc-more=\"More\" data-ab-smc-less=\"Less\" data-ab-smc-height=\"250\">\n<div class=\"ty-subheader\"><strong>Licht &amp; Optik<\/strong><\/div>\n<div class=\"ty-product-feature-group\">\n<ul>\n<li class=\"ty-product-feature\"><span class=\"ty-product-feature__label\">Farbtemperatur:<\/span>Warm<\/li>\n<li class=\"ty-product-feature\"><span class=\"ty-product-feature__label\">LED:<\/span>Cree XHP50.2<\/li>\n<li class=\"ty-product-feature\"><span class=\"ty-product-feature__label\">Optik:<\/span>TIR-Optik<\/li>\n<li class=\"ty-product-feature\"><span class=\"ty-product-feature__label\">Leuchtweite, Meter:<\/span>129<span class=\"ty-product-feature__suffix\"> m<\/span><\/li>\n<li class=\"ty-product-feature\"><span class=\"ty-product-feature__label\">Helligkeitsstabilisierungstyp: <\/span>Voll (konstantes Licht)<\/li>\n<li class=\"ty-product-feature\"><span class=\"ty-product-feature__label\">Hotspot: <\/span>70<span class=\"ty-product-feature__suffix\">\u00b0<\/span><\/li>\n<li class=\"ty-product-feature\"><span class=\"ty-product-feature__label\">Spill: <\/span>120<span class=\"ty-product-feature__suffix\">\u00b0<\/span><\/li>\n<\/ul>\n<\/div>\n<div class=\"ty-product-feature-group\">\n<div class=\"ty-subheader\"><strong>Modi<\/strong><\/div>\n<ul>\n<li class=\"ty-product-feature\"><span class=\"ty-product-feature__label\">Anzahl der Modi: <\/span>12<\/li>\n<li class=\"ty-product-feature\"><span class=\"ty-product-feature__label\">Laufzeit im Maximalmodus: <\/span>2 h 40 min (605 lm nach 30 s)<\/li>\n<li class=\"ty-product-feature\"><span class=\"ty-product-feature__label\">Laufzeit im Minimalmodus: <\/span>200 Tage<\/li>\n<li class=\"ty-product-feature\"><span class=\"ty-product-feature__label\">Stroboskopmodus: Ja<\/span><\/li>\n<\/ul>\n<div class=\"ty-product-feature\"><strong>Abmessungen &amp; Gewicht<\/strong><\/div>\n<\/div>\n<div class=\"ty-product-feature-group\">\n<ul>\n<li class=\"ty-product-feature\"><span class=\"ty-product-feature__label\">Kopfdurchmesser: <\/span>33<span class=\"ty-product-feature__suffix\"> mm<\/span><\/li>\n<li class=\"ty-product-feature\"><span class=\"ty-product-feature__label\">Geh\u00e4usedurchmesser: <\/span>20,4<span class=\"ty-product-feature__suffix\"> mm<\/span><\/li>\n<li class=\"ty-product-feature\"><span class=\"ty-product-feature__label\">L\u00e4nge: <\/span>112<span class=\"ty-product-feature__suffix\"> mm<\/span><\/li>\n<li class=\"ty-product-feature\"><span class=\"ty-product-feature__label\">Gewicht (ohne Batterie): <\/span>65<span class=\"ty-product-feature__suffix\"> g<\/span><\/li>\n<\/ul>\n<\/div>\n<div class=\"ty-product-feature-group\">\n<div class=\"ty-subheader\"><strong>K\u00f6rper<\/strong><\/div>\n<ul>\n<li class=\"ty-product-feature\"><span class=\"ty-product-feature__label\">Material: <\/span>Flugzeug-Aluminium<\/li>\n<li class=\"ty-product-feature\"><span class=\"ty-product-feature__label\">Abriebfeste Oberfl\u00e4che: <\/span>Premium Typ III Harteloxierung 400HV<\/li>\n<li class=\"ty-product-feature\"><span class=\"ty-product-feature__label\">Wasserdicht- und Staubdicht-Standard: <\/span>IP68 (h\u00f6chste)<\/li>\n<li class=\"ty-product-feature\"><span class=\"ty-product-feature__label\">Sichere Tauchtiefe: <\/span>10<span class=\"ty-product-feature__suffix\"> m<\/span><\/li>\n<li class=\"ty-product-feature\"> <span class=\"ty-product-feature__label\">Sichere Fallh\u00f6he: <\/span>10<span class=\"ty-product-feature__suffix\"> m<\/span><\/li>\n<li class=\"ty-product-feature\"> <span class=\"ty-product-feature__label\">Betriebstemperaturen: <\/span>-25..+40<span class=\"ty-product-feature__suffix\"> \u00b0C<\/span><\/li>\n<\/ul>\n<\/div>\n<div class=\"ty-product-feature-group\">\n<div class=\"ty-product-feature\"><strong>Elektronik<\/strong><\/div>\n<ul>\n<li class=\"ty-product-feature\"><span class=\"ty-product-feature__label\">M\u00f6glichkeit, Batterien mit PCB zu verwenden: Nein<\/span><\/li>\n<li class=\"ty-product-feature\"><span class=\"ty-product-feature__label\">M\u00f6glichkeit, Batterien ohne PCB zu verwenden: Nein<\/span><\/li>\n<li class=\"ty-product-feature\"><span class=\"ty-product-feature__label\">Schutz vor versehentlichem Einschalten: Nein<\/span><\/li>\n<li class=\"ty-product-feature\"><span class=\"ty-product-feature__label\">Farbige Akkuzustandsanzeige: Nein<\/span><\/li>\n<li class=\"ty-product-feature\"><span class=\"ty-product-feature__label\">Anzeige f\u00fcr niedrigen Batteriestand: Nein<\/span>\n<div class=\"ty-product-feature\">\n<div class=\"ty-product-feature\">\n<div class=\"ty-product-feature\">\n<div class=\"ty-product-feature\">\n<div class=\"ty-product-feature__value\"><\/div>\n<\/div>\n<\/div>\n<\/div>\n<\/div>\n<\/li>\n<\/ul>\n<\/div>\n<\/div>\n","protected":false},"excerpt":{"rendered":"<p>2330 Lumen, Ladeger\u00e4t und 3500 mAh Akku, warmes Licht<\/p>\n","protected":false},"featured_media":227815,"comment_status":"open","ping_status":"closed","template":"","meta":[],"product_brand":[],"product_cat":[1408],"product_tag":[],"class_list":{"0":"post-218240","1":"product","2":"type-product","3":"status-publish","4":"has-post-thumbnail","6":"product_cat-jagdlampen","8":"first","9":"instock","10":"taxable","11":"shipping-taxable","12":"purchasable","13":"product-type-simple"},"composite_virtual":false,"composite_layout":"","composite_add_to_cart_form_location":"","composite_editable_in_cart":false,"composite_sold_individually_context":"","composite_shop_price_calc":"","composite_components":[],"composite_scenarios":[],"group_of_quantity":0,"min_quantity":0,"max_quantity":"","exclude_order_quantity_value_rules":"no","exclude_category_quantity_rules":"no","combine_variations":"no","exclude_global_add_ons":[],"addons":[],"_links":{"self":[{"href":"https:\/\/www.huntersfriend.eu\/de\/wp-json\/wp\/v2\/product\/218240","targetHints":{"allow":["GET"]}}],"collection":[{"href":"https:\/\/www.huntersfriend.eu\/de\/wp-json\/wp\/v2\/product"}],"about":[{"href":"https:\/\/www.huntersfriend.eu\/de\/wp-json\/wp\/v2\/types\/product"}],"replies":[{"embeddable":true,"href":"https:\/\/www.huntersfriend.eu\/de\/wp-json\/wp\/v2\/comments?post=218240"}],"wp:featuredmedia":[{"embeddable":true,"href":"https:\/\/www.huntersfriend.eu\/de\/wp-json\/wp\/v2\/media\/227815"}],"wp:attachment":[{"href":"https:\/\/www.huntersfriend.eu\/de\/wp-json\/wp\/v2\/media?parent=218240"}],"wp:term":[{"taxonomy":"product_brand","embeddable":true,"href":"https:\/\/www.huntersfriend.eu\/de\/wp-json\/wp\/v2\/product_brand?post=218240"},{"taxonomy":"product_cat","embeddable":true,"href":"https:\/\/www.huntersfriend.eu\/de\/wp-json\/wp\/v2\/product_cat?post=218240"},{"taxonomy":"product_tag","embeddable":true,"href":"https:\/\/www.huntersfriend.eu\/de\/wp-json\/wp\/v2\/product_tag?post=218240"}],"curies":[{"name":"wp","href":"https:\/\/api.w.org\/{rel}","templated":true}]}}