{"id":218238,"date":"2021-09-01T14:22:30","date_gmt":"2021-09-01T12:22:30","guid":{"rendered":"https:\/\/www.huntersfriend.eu\/product\/armytek-crystal-rot\/"},"modified":"2025-09-02T08:59:14","modified_gmt":"2025-09-02T06:59:14","slug":"armytek-crystal-rot","status":"publish","type":"product","link":"https:\/\/www.huntersfriend.eu\/de\/produkt\/armytek-crystal-rot\/","title":{"rendered":"Armytek Crystal Rot"},"content":{"rendered":"<p>Kompakte Multifunktions-Taschenlampe mit wei\u00dfem und rotem Licht und erweiterter Set-Konfiguration. Die Armytek Crystal Rot kann auf vielf\u00e4ltige Weise verwendet werden: <\/p>\n<p><strong>Stirnlampe<\/strong><\/p>\n<ul>\n<li>Spezielles Design mit durchdachten optischen Elementen bietet einen praktischen Abstrahlwinkel mit minimalem Lichtverlust f\u00fcr den Einsatz auf kurze Distanz<\/li>\n<li>Wird mit einem weichen, gr\u00f6\u00dfenverstellbaren Gummiband geliefert<\/li>\n<\/ul>\n<p><strong>Alltags-Tragelicht<\/strong><\/p>\n<ul>\n<li>Leichtes und kompaktes Geh\u00e4use aus strapazierf\u00e4higem, verschlei\u00dffestem Polycarbonat<\/li>\n<li>Breiter Edelstahlclip f\u00fcr vielf\u00e4ltige Befestigungsm\u00f6glichkeiten<\/li>\n<\/ul>\n<p><strong>Schl\u00fcsselanh\u00e4nger-Licht<\/strong><\/p>\n<ul>\n<li>Ringe f\u00fcr Schl\u00fcssel oder Lanyard aus strapazierf\u00e4higen Materialien<\/li>\n<\/ul>\n<p><strong>Sport-Taschenlampe<\/strong><\/p>\n<ul>\n<li>Mehrere Helligkeitsmodi f\u00fcr den bequemen Einsatz in der Stadt oder in der Natur<\/li>\n<li>Konstantes wei\u00dfes Licht und wei\u00dfes Blinklicht zur Verwendung als Stirnlampe oder Positionslicht am Fahrrad<\/li>\n<li>Zwei sichere Silikonringe unterschiedlicher Durchmesser zur Montage am Fahrrad<\/li>\n<li>Kann am Lenker oder unter dem Sattel montiert werden<\/li>\n<\/ul>\n<p><strong>Lampenmodus<\/strong><\/p>\n<ul>\n<li>Kann direkt \u00fcber eine Powerbank oder jedes USB-Netzteil betrieben werden<\/li>\n<\/ul>\n<p><strong>Rotes Licht<\/strong><\/p>\n<ul>\n<li>Zur Aufrechterhaltung der Nachtsicht beim Wechsel zwischen Ein- und Ausschalten des Lichts: im Zelt, beim Sternebeobachten oder Angeln<\/li>\n<li>F\u00fcr Tiere und Insekten fast unsichtbar<\/li>\n<li>Blinklichtmodus, um sich im Dunkeln bemerkbar zu machen<\/li>\n<\/ul>\n<p><strong>Spezifikationen:<\/strong><\/p>\n<div class=\"ty-subheader\"><strong>Licht  Optik<\/strong><\/div>\n<div class=\"ty-product-feature\"><span class=\"ty-product-feature__label\">Farbtemperatur:<\/span> <span style=\"font-size: 14.4px;\">Wei\u00df<\/span><\/div>\n<div class=\"ty-product-feature\"><span class=\"ty-product-feature__label\">LED:<\/span> <span style=\"font-size: 14.4px;\">LXNZPL696 (wei\u00df) + LXNZPL696 (rot)<\/span><\/div>\n<div class=\"ty-product-feature\"><span class=\"ty-product-feature__label\">Lichtleistung, Lumen:<\/span> <span style=\"font-size: 14.4px;\">150<\/span><span class=\"ty-product-feature__suffix\" style=\"font-size: 14.4px;\"> lm<\/span><\/div>\n<div class=\"ty-product-feature\"><span class=\"ty-product-feature__label\">Lichtleistung (rotes Licht), Lumen:<\/span> <span style=\"font-size: 14.4px;\">30<\/span><span class=\"ty-product-feature__suffix\" style=\"font-size: 14.4px;\"> lm<\/span><\/div>\n<div class=\"ty-product-feature\"><span class=\"ty-product-feature__label\">Leuchtweite, Meter:<\/span> <span style=\"font-size: 14.4px;\">12<\/span><span class=\"ty-product-feature__suffix\" style=\"font-size: 14.4px;\"> m<\/span><\/div>\n<div class=\"ty-product-feature\"><span class=\"ty-product-feature__label\">Leuchtweite (rotes Licht), Meter:<\/span> <span style=\"font-size: 14.4px;\">5<\/span><span class=\"ty-product-feature__suffix\" style=\"font-size: 14.4px;\"> m<\/span><\/div>\n<div class=\"ty-product-feature\"><span class=\"ty-product-feature__label\">Helligkeitsstabilisierungstyp: <\/span><span style=\"font-size: 14.4px;\">Digital (CPU-Helligkeitssteuerung)<\/span><\/div>\n<div class=\"ty-product-feature\"><span class=\"ty-product-feature__label\">Hotspot:Spill:<\/span> <span style=\"font-size: 14.4px;\">70\u00b0 : 140\u00b0<\/span><\/div>\n<div><\/div>\n<div>\n<div class=\"ty-subheader\"><strong>Modi<\/strong><\/div>\n<div class=\"ty-product-feature\"><span class=\"ty-product-feature__label\">Anzahl der Modi:<\/span> <span style=\"font-size: 14.4px;\">5 wei\u00dfes Licht + 5 rotes Licht<\/span><\/div>\n<div class=\"ty-product-feature\"><span class=\"ty-product-feature__label\">Laufzeit im Maximalmodus:<\/span> <span style=\"font-size: 14.4px;\">2 h 15 min<\/span><\/div>\n<div class=\"ty-product-feature\"><span class=\"ty-product-feature__label\">Laufzeit im Maximalmodus (rotes Licht):<\/span> <span style=\"font-size: 14.4px;\">3 h<\/span><\/div>\n<div class=\"ty-product-feature\"><span class=\"ty-product-feature__label\">Laufzeit im Minimalmodus:<\/span> <span style=\"font-size: 14.4px;\">50 T<\/span><\/div>\n<div class=\"ty-product-feature\"><span class=\"ty-product-feature__label\">Laufzeit im Minimalmodus (rotes Licht):<\/span> <span style=\"font-size: 14.4px;\">30 T<\/span><\/div>\n<div class=\"ty-product-feature\"><span class=\"ty-product-feature__label\">Stroboskopmodus: Ja<\/span><\/div>\n<div><\/div>\n<div>\n<div class=\"ty-subheader\"><strong>Abmessungen<\/strong><\/div>\n<div class=\"ty-product-feature\"><span class=\"ty-product-feature__label\">L\u00e4nge:<\/span> <span style=\"font-size: 14.4px;\">63 mm<\/span><\/div>\n<div class=\"ty-product-feature\"><span class=\"ty-product-feature__label\">Breite:<\/span> <span style=\"font-size: 14.4px;\">43 mm<\/span><\/div>\n<div class=\"ty-product-feature\"><span class=\"ty-product-feature__label\">Gewicht (mit Batterie):<\/span> <span style=\"font-size: 14.4px;\">34 g<\/span><\/div>\n<div class=\"ty-product-feature\"><span class=\"ty-product-feature__label\">H\u00f6he (ohne Clip):<\/span> <span style=\"font-size: 14.4px;\">15 mm<\/span><\/div>\n<div>\n<div><\/div>\n<div class=\"ty-subheader\"><strong>K\u00f6rper<\/strong><\/div>\n<div class=\"ty-product-feature\"><span class=\"ty-product-feature__label\">Material:<\/span> <span style=\"font-size: 14.4px;\">Kunststoff<\/span><\/div>\n<div class=\"ty-product-feature\"><span class=\"ty-product-feature__label\">Wasserdicht- und Staubdicht-Standard:<\/span> <span style=\"font-size: 14.4px;\">IP67<\/span><\/div>\n<div class=\"ty-product-feature\"><span class=\"ty-product-feature__label\">Sichere Tauchtiefe:<\/span> <span style=\"font-size: 14.4px;\">1<\/span><span class=\"ty-product-feature__suffix\" style=\"font-size: 14.4px;\"> m<\/span><\/div>\n<div class=\"ty-product-feature\"><span class=\"ty-product-feature__label\">Sichere Fallh\u00f6he:<\/span> <span style=\"font-size: 14.4px;\">10<\/span><span class=\"ty-product-feature__suffix\" style=\"font-size: 14.4px;\"> m<\/span><\/div>\n<div class=\"ty-product-feature\"><span class=\"ty-product-feature__label\">Betriebstemperaturen:<\/span> <span style=\"font-size: 14.4px;\">-10..+40<\/span><span class=\"ty-product-feature__suffix\" style=\"font-size: 14.4px;\"> \u00b0C<\/span><\/div>\n<\/div>\n<div><\/div>\n<\/div>\n<div><strong><span class=\"ty-product-feature__label\">Batteriekompatibilit\u00e4t:<\/span><\/strong> <span style=\"font-size: 14.4px;\">1 x Li-Pol 600<\/span><\/div>\n<\/div>\n","protected":false},"excerpt":{"rendered":"<p>150 Lumen\/Li-Ion-Akku enthalten<\/p>\n","protected":false},"featured_media":238232,"comment_status":"open","ping_status":"closed","template":"","meta":[],"product_brand":[],"product_cat":[1408],"product_tag":[],"class_list":{"0":"post-218238","1":"product","2":"type-product","3":"status-publish","4":"has-post-thumbnail","6":"product_cat-jagdlampen","8":"first","9":"instock","10":"taxable","11":"shipping-taxable","12":"purchasable","13":"product-type-simple"},"composite_virtual":false,"composite_layout":"","composite_add_to_cart_form_location":"","composite_editable_in_cart":false,"composite_sold_individually_context":"","composite_shop_price_calc":"","composite_components":[],"composite_scenarios":[],"group_of_quantity":0,"min_quantity":0,"max_quantity":"","exclude_order_quantity_value_rules":"no","exclude_category_quantity_rules":"no","combine_variations":"no","exclude_global_add_ons":[],"addons":[],"_links":{"self":[{"href":"https:\/\/www.huntersfriend.eu\/de\/wp-json\/wp\/v2\/product\/218238","targetHints":{"allow":["GET"]}}],"collection":[{"href":"https:\/\/www.huntersfriend.eu\/de\/wp-json\/wp\/v2\/product"}],"about":[{"href":"https:\/\/www.huntersfriend.eu\/de\/wp-json\/wp\/v2\/types\/product"}],"replies":[{"embeddable":true,"href":"https:\/\/www.huntersfriend.eu\/de\/wp-json\/wp\/v2\/comments?post=218238"}],"wp:featuredmedia":[{"embeddable":true,"href":"https:\/\/www.huntersfriend.eu\/de\/wp-json\/wp\/v2\/media\/238232"}],"wp:attachment":[{"href":"https:\/\/www.huntersfriend.eu\/de\/wp-json\/wp\/v2\/media?parent=218238"}],"wp:term":[{"taxonomy":"product_brand","embeddable":true,"href":"https:\/\/www.huntersfriend.eu\/de\/wp-json\/wp\/v2\/product_brand?post=218238"},{"taxonomy":"product_cat","embeddable":true,"href":"https:\/\/www.huntersfriend.eu\/de\/wp-json\/wp\/v2\/product_cat?post=218238"},{"taxonomy":"product_tag","embeddable":true,"href":"https:\/\/www.huntersfriend.eu\/de\/wp-json\/wp\/v2\/product_tag?post=218238"}],"curies":[{"name":"wp","href":"https:\/\/api.w.org\/{rel}","templated":true}]}}