{"id":218170,"date":"2021-10-01T12:55:09","date_gmt":"2021-10-01T10:55:09","guid":{"rendered":"https:\/\/www.huntersfriend.eu\/product\/total-peep-schwarz\/"},"modified":"2025-08-27T11:20:33","modified_gmt":"2025-08-27T09:20:33","slug":"total-peep-schwarz","status":"publish","type":"product","link":"https:\/\/www.huntersfriend.eu\/de\/produkt\/total-peep-schwarz\/","title":{"rendered":"Totaler Peep-Polymer &#8211; Schwarz"},"content":{"rendered":"<p>Diese leichtere Polymer-Version ist NICHT f\u00fcr den Einsatz mit 65-70+ Pfund B\u00f6gen geeignet (f\u00fcr leistungsstarke B\u00f6gen verwenden Sie bitte die Aluminium-Version!)<\/p>\n<p>&nbsp;<\/p>\n<p>Entdecken Sie das beste Peep aller Zeiten mit einem unglaublichen patentierten Design und erweitern Sie Ihre effektive Bogenjagdreichweite.<\/p>\n<ul>\n<li>Entwickelt, konstruiert und getestet von Experten im Bogenschie\u00dfen und in der Bogenjagd.<\/li>\n<li>Perfekte Sicht unter allen Lichtbedingungen. Kein Blendeffekt. <\/li>\n<li>Erm\u00f6glicht bis zu 20 Grad Peep-Rotation zu jeder Seite ohne Verzerrung des inneren Kreises.<\/li>\n<li>Garantierte Verbesserung der Treffsicherheit.<\/li>\n<li>Geeignet f\u00fcr B\u00f6gen von 28<q id=\"q-first-1\"><\/q> bis 40<q id=\"q-first-2\"><\/q> ATA<\/li>\n<li>Keine Schnitte garantiert.<\/li>\n<li>Matte schwarze Oberfl\u00e4che<\/li>\n<li>totalpeep2<\/li>\n<\/ul>\n","protected":false},"excerpt":{"rendered":"<p>Polymer-Zielscheibe 37 Grad &#8211; Schwarz<\/p>\n","protected":false},"featured_media":215168,"comment_status":"open","ping_status":"closed","template":"","meta":[],"product_brand":[],"product_cat":[1137],"product_tag":[],"class_list":{"0":"post-218170","1":"product","2":"type-product","3":"status-publish","4":"has-post-thumbnail","6":"product_cat-peeps-nocken-kisserbottons-und-zubehoer","8":"first","9":"instock","10":"taxable","11":"shipping-taxable","12":"purchasable","13":"product-type-variable"},"composite_virtual":false,"composite_layout":"","composite_add_to_cart_form_location":"","composite_editable_in_cart":false,"composite_sold_individually_context":"","composite_shop_price_calc":"","composite_components":[],"composite_scenarios":[],"group_of_quantity":0,"min_quantity":0,"max_quantity":"","exclude_order_quantity_value_rules":"no","exclude_category_quantity_rules":"no","combine_variations":"no","exclude_global_add_ons":[],"addons":[],"_links":{"self":[{"href":"https:\/\/www.huntersfriend.eu\/de\/wp-json\/wp\/v2\/product\/218170","targetHints":{"allow":["GET"]}}],"collection":[{"href":"https:\/\/www.huntersfriend.eu\/de\/wp-json\/wp\/v2\/product"}],"about":[{"href":"https:\/\/www.huntersfriend.eu\/de\/wp-json\/wp\/v2\/types\/product"}],"replies":[{"embeddable":true,"href":"https:\/\/www.huntersfriend.eu\/de\/wp-json\/wp\/v2\/comments?post=218170"}],"wp:featuredmedia":[{"embeddable":true,"href":"https:\/\/www.huntersfriend.eu\/de\/wp-json\/wp\/v2\/media\/215168"}],"wp:attachment":[{"href":"https:\/\/www.huntersfriend.eu\/de\/wp-json\/wp\/v2\/media?parent=218170"}],"wp:term":[{"taxonomy":"product_brand","embeddable":true,"href":"https:\/\/www.huntersfriend.eu\/de\/wp-json\/wp\/v2\/product_brand?post=218170"},{"taxonomy":"product_cat","embeddable":true,"href":"https:\/\/www.huntersfriend.eu\/de\/wp-json\/wp\/v2\/product_cat?post=218170"},{"taxonomy":"product_tag","embeddable":true,"href":"https:\/\/www.huntersfriend.eu\/de\/wp-json\/wp\/v2\/product_tag?post=218170"}],"curies":[{"name":"wp","href":"https:\/\/api.w.org\/{rel}","templated":true}]}}