{"id":218165,"date":"2021-09-28T10:41:22","date_gmt":"2021-09-28T08:41:22","guid":{"rendered":"https:\/\/www.huntersfriend.eu\/product\/alps-aura-18c-schlafsack\/"},"modified":"2025-07-10T05:28:28","modified_gmt":"2025-07-10T03:28:28","slug":"alps-aura-18c-schlafsack","status":"publish","type":"product","link":"https:\/\/www.huntersfriend.eu\/de\/produkt\/alps-aura-18c-schlafsack\/","title":{"rendered":"Alps Aura -18\u00b0C Schlafsack"},"content":{"rendered":"<p>Die Aura-Schlafsackserie bietet leichtes, kompaktes Schlafen mit erstklassiger W\u00e4rmeleistung. Der Aura verf\u00fcgt \u00fcber eine synthetische TechLoft Micro-Isolierung aus mehreren Denier-Stapelfasern mit silikonisierter Oberfl\u00e4che f\u00fcr maximale Isolierung, Loft und Kompaktheit. Die zweilagige Konstruktion und die konturierte Mumienform mit Kapuze sorgen f\u00fcr maximale W\u00e4rme in k\u00fchlen N\u00e4chten. Die Aura verf\u00fcgt au\u00dferdem \u00fcber eine isolierte Brust und eine Rei\u00dfverschlussblende, um W\u00e4rmeverluste zu vermeiden. Das Obermaterial aus hochwertigem Nylon-Ripstop und das weiche Polyester-Futter sorgen f\u00fcr Komfort und Haltbarkeit. Die Teilungsrei\u00dfverschl\u00fcsse mit der Nummer 8 sorgen f\u00fcr Langlebigkeit und reibungslosen Betrieb. Ein zweiter Rei\u00dfverschluss bietet au\u00dferdem mehrere Bel\u00fcftungsoptionen oder die M\u00f6glichkeit, sich einfach aufzusetzen, ohne die W\u00e4rme und den Komfort der Tasche zu verlassen. Der Aura wird in verschiedenen Gr\u00f6\u00dfen und Temperaturen angeboten, um den meisten K\u00f6rperma\u00dfen gerecht zu werden. Der leichte, kompakte Aura bietet Ihnen hochwertiges Design und Konstruktion zu einem unwiderstehlich g\u00fcnstigen Preis und wird Sie bei Ihrem n\u00e4chsten Rucksackabenteuer nicht entt\u00e4uschen!<\/p>\n<p>&#8211; TechLoft Micro-Isolierung<\/p>\n<p>&#8211; Zweiter Rei\u00dfverschluss zur Bel\u00fcftung oder zum Aufsitzen<\/p>\n<p>&#8211; Zweilagige Offset-Konstruktion<\/p>\n<p>&#8211; 8 trennende Rei\u00dfverschl\u00fcsse<\/p>\n<p>&#8211; Isolierte Brust und Rei\u00dfverschlussblende<\/p>\n<p>&#8211; Au\u00dfenmaterial Nylon Ripstop<\/p>\n<p>&#8211; Innenfutter aus Polyester<\/p>\n<p>&#8211; Kompressions-Stopfsack<\/p>\n<p>&nbsp;<\/p>\n<table style=\"height: 278px;\" border=\"3\" width=\"288\">\n<tbody>\n<tr>\n<th colspan=\"2\">Regular<\/th>\n<\/tr>\n<tr align=\"CENTER\">\n<td><b>Dimensionen<\/b><\/td>\n<td>32&#8243; x 80&#8243;<\/td>\n<\/tr>\n<tr align=\"CENTER\">\n<td><b>Gewicht F\u00fcllung<\/b><\/td>\n<td>56 oz.<\/td>\n<\/tr>\n<tr align=\"CENTER\">\n<td><b>Gesamtgewicht<\/b><\/td>\n<td>4 lbs. 13 oz.<\/td>\n<\/tr>\n<tr align=\"CENTER\">\n<td><b>Packsack Gr\u00f6\u00dfe<\/b><\/td>\n<td>10.5&#8243; x 21&#8243;<\/td>\n<\/tr>\n<tr>\n<th colspan=\"2\">Long<\/th>\n<\/tr>\n<tr align=\"CENTER\">\n<td><b>Dimensionen<\/b><\/td>\n<td>34&#8243; x 86&#8243;<\/td>\n<\/tr>\n<tr align=\"CENTER\">\n<td><b>Gewicht F\u00fcllung<\/b><\/td>\n<td>68 oz.<\/td>\n<\/tr>\n<tr align=\"CENTER\">\n<td><b>Gesamtgewicht<\/b><\/td>\n<td>5 lbs. 11 oz.<\/td>\n<\/tr>\n<tr align=\"CENTER\">\n<td><b>Packsack Gr\u00f6\u00dfe<\/b><\/td>\n<td>10&#8243; x 22&#8243;<\/td>\n<\/tr>\n<\/tbody>\n<\/table>\n","protected":false},"excerpt":{"rendered":"<p>Die Aura-Schlafsackserie bietet leichtes, kompaktes Schlafen mit erstklassiger W\u00e4rmeleistung. Der Aura verf\u00fcgt \u00fcber eine synthetische TechLoft Micro-Isolierung aus mehreren Denier-Stapelfasern mit silikonisierter Oberfl\u00e4che f\u00fcr maximale Isolierung, Loft und Kompaktheit. Die zweilagige Konstruktion und die konturierte Mumienform mit Kapuze sorgen f\u00fcr maximale W\u00e4rme in k\u00fchlen N\u00e4chten. Die Aura verf\u00fcgt au\u00dferdem \u00fcber eine isolierte Brust und eine [&#8230;]\n","protected":false},"featured_media":215881,"comment_status":"open","ping_status":"closed","template":"","meta":[],"product_brand":[],"product_cat":[1145],"product_tag":[],"class_list":{"0":"post-218165","1":"product","2":"type-product","3":"status-publish","4":"has-post-thumbnail","6":"product_cat-sonstiges","8":"first","9":"outofstock","10":"taxable","11":"shipping-taxable","12":"product-type-simple"},"composite_virtual":false,"composite_layout":"","composite_add_to_cart_form_location":"","composite_editable_in_cart":false,"composite_sold_individually_context":"","composite_shop_price_calc":"","composite_components":[],"composite_scenarios":[],"group_of_quantity":0,"min_quantity":0,"max_quantity":"","exclude_order_quantity_value_rules":"no","exclude_category_quantity_rules":"no","combine_variations":"no","exclude_global_add_ons":[],"addons":[],"_links":{"self":[{"href":"https:\/\/www.huntersfriend.eu\/de\/wp-json\/wp\/v2\/product\/218165","targetHints":{"allow":["GET"]}}],"collection":[{"href":"https:\/\/www.huntersfriend.eu\/de\/wp-json\/wp\/v2\/product"}],"about":[{"href":"https:\/\/www.huntersfriend.eu\/de\/wp-json\/wp\/v2\/types\/product"}],"replies":[{"embeddable":true,"href":"https:\/\/www.huntersfriend.eu\/de\/wp-json\/wp\/v2\/comments?post=218165"}],"wp:featuredmedia":[{"embeddable":true,"href":"https:\/\/www.huntersfriend.eu\/de\/wp-json\/wp\/v2\/media\/215881"}],"wp:attachment":[{"href":"https:\/\/www.huntersfriend.eu\/de\/wp-json\/wp\/v2\/media?parent=218165"}],"wp:term":[{"taxonomy":"product_brand","embeddable":true,"href":"https:\/\/www.huntersfriend.eu\/de\/wp-json\/wp\/v2\/product_brand?post=218165"},{"taxonomy":"product_cat","embeddable":true,"href":"https:\/\/www.huntersfriend.eu\/de\/wp-json\/wp\/v2\/product_cat?post=218165"},{"taxonomy":"product_tag","embeddable":true,"href":"https:\/\/www.huntersfriend.eu\/de\/wp-json\/wp\/v2\/product_tag?post=218165"}],"curies":[{"name":"wp","href":"https:\/\/api.w.org\/{rel}","templated":true}]}}