{"id":218158,"date":"2021-09-28T10:41:23","date_gmt":"2021-09-28T08:41:23","guid":{"rendered":"https:\/\/www.huntersfriend.eu\/product\/alps-zenith-18c-schlafsack\/"},"modified":"2025-07-10T05:28:28","modified_gmt":"2025-07-10T03:28:28","slug":"alps-zenith-18c-schlafsack","status":"publish","type":"product","link":"https:\/\/www.huntersfriend.eu\/de\/produkt\/alps-zenith-18c-schlafsack\/","title":{"rendered":"Alps Zenith -18\u00b0C Schlafsack"},"content":{"rendered":"<p>Die daunengef\u00fcllten Schlafs\u00e4cke der Zenith-Serie sind f\u00fcr hohe Leistungen konzipiert und gebaut. Der Zenith besteht aus einer strapazierf\u00e4higen Polyester-Ripstop-H\u00fclle mit weichem Polyester-Innenfutter und RDS-zertifizierten, hydrophoben 600-Fill-Daunen. Das Design zeichnet sich durch eine konturierte Kapuze und eine Mumienform aus, die dazu beitragen, die W\u00e4rme einzuschlie\u00dfen. F\u00fcr zus\u00e4tzlichen W\u00e4rmer\u00fcckhalt verf\u00fcgt die Zenith \u00fcber eine isolierte Brust und eine Rei\u00dfverschlussblende &#8211; so bleibt die W\u00e4rme drin und die kalte Nachtluft drau\u00dfen. Dank des mitgelieferten Kompressionssacks l\u00e4sst sich der leichte Daunenschlafsack kleiner komprimieren als andere Schlafs\u00e4cke, so dass Sie in Ihrem Rucksack viel Platz f\u00fcr andere Ausr\u00fcstung und wichtige Dinge haben. Der Zenith wird in verschiedenen Gr\u00f6\u00dfen und Temperaturbereichen angeboten, um den meisten K\u00f6rperma\u00dfen gerecht zu werden. Setzen Sie W\u00e4rme, Komfort und Gewichtsersparnis ganz oben auf Ihre Priorit\u00e4tenliste &#8211; probieren Sie den Zenith bei Ihrem n\u00e4chsten Rucksackabenteuer aus!<\/p>\n<p>&#8211; Hydrophobe Daune<\/p>\n<p>&#8211; 8 trennende Rei\u00dfverschl\u00fcsse<\/p>\n<p>&#8211; Isolierte Brust und Rei\u00dfverschlussblende<\/p>\n<p>&#8211; Au\u00dfenmaterial aus Polyester-Ripstop<\/p>\n<p>&#8211; Innenfutter aus Polyester<\/p>\n<p>&#8211; Kompressions-Stopfsack<\/p>\n<table style=\"height: 277px;\" border=\"3\" width=\"317\">\n<tbody>\n<tr>\n<th colspan=\"2\">Regular<\/th>\n<\/tr>\n<tr align=\"CENTER\">\n<td><b>Dimensionen<\/b><\/td>\n<td>31&#8243; x 80&#8243;<\/td>\n<\/tr>\n<tr align=\"CENTER\">\n<td><b>Gewicht F\u00fcllung<\/b><\/td>\n<td>33 oz.<\/td>\n<\/tr>\n<tr align=\"CENTER\">\n<td><b>Gesamtgewicht<\/b><\/td>\n<td>3 lbs. 5 oz.<\/td>\n<\/tr>\n<tr align=\"CENTER\">\n<td><b>Packsack Ma\u00dfe<\/b><\/td>\n<td>7&#8243; x 18&#8243;<\/td>\n<\/tr>\n<tr>\n<th colspan=\"2\">Long<\/th>\n<\/tr>\n<tr align=\"CENTER\">\n<td><b>Dimensionen<\/b><\/td>\n<td>32&#8243; x 86&#8243;<\/td>\n<\/tr>\n<tr align=\"CENTER\">\n<td><b>Gewicht F\u00fcllung<\/b><\/td>\n<td>35 oz.<\/td>\n<\/tr>\n<tr align=\"CENTER\">\n<td><b>Gesamtgewicht<\/b><\/td>\n<td>3 lbs. 10 oz.<\/td>\n<\/tr>\n<tr align=\"CENTER\">\n<td><b>Packsack Ma\u00dfe<\/b><\/td>\n<td>9&#8243; x 18&#8243;<\/td>\n<\/tr>\n<\/tbody>\n<\/table>\n","protected":false},"excerpt":{"rendered":"<p>Die daunengef\u00fcllten Schlafs\u00e4cke der Zenith-Serie sind f\u00fcr hohe Leistungen konzipiert und gebaut. Der Zenith besteht aus einer strapazierf\u00e4higen Polyester-Ripstop-H\u00fclle mit weichem Polyester-Innenfutter und RDS-zertifizierten, hydrophoben 600-Fill-Daunen. Das Design zeichnet sich durch eine konturierte Kapuze und eine Mumienform aus, die dazu beitragen, die W\u00e4rme einzuschlie\u00dfen. F\u00fcr zus\u00e4tzlichen W\u00e4rmer\u00fcckhalt verf\u00fcgt die Zenith \u00fcber eine isolierte Brust und [&#8230;]\n","protected":false},"featured_media":215844,"comment_status":"open","ping_status":"closed","template":"","meta":[],"product_brand":[],"product_cat":[1145],"product_tag":[],"class_list":{"0":"post-218158","1":"product","2":"type-product","3":"status-publish","4":"has-post-thumbnail","6":"product_cat-sonstiges","8":"first","9":"outofstock","10":"taxable","11":"shipping-taxable","12":"product-type-simple"},"composite_virtual":false,"composite_layout":"","composite_add_to_cart_form_location":"","composite_editable_in_cart":false,"composite_sold_individually_context":"","composite_shop_price_calc":"","composite_components":[],"composite_scenarios":[],"group_of_quantity":0,"min_quantity":0,"max_quantity":"","exclude_order_quantity_value_rules":"no","exclude_category_quantity_rules":"no","combine_variations":"no","exclude_global_add_ons":[],"addons":[],"_links":{"self":[{"href":"https:\/\/www.huntersfriend.eu\/de\/wp-json\/wp\/v2\/product\/218158","targetHints":{"allow":["GET"]}}],"collection":[{"href":"https:\/\/www.huntersfriend.eu\/de\/wp-json\/wp\/v2\/product"}],"about":[{"href":"https:\/\/www.huntersfriend.eu\/de\/wp-json\/wp\/v2\/types\/product"}],"replies":[{"embeddable":true,"href":"https:\/\/www.huntersfriend.eu\/de\/wp-json\/wp\/v2\/comments?post=218158"}],"wp:featuredmedia":[{"embeddable":true,"href":"https:\/\/www.huntersfriend.eu\/de\/wp-json\/wp\/v2\/media\/215844"}],"wp:attachment":[{"href":"https:\/\/www.huntersfriend.eu\/de\/wp-json\/wp\/v2\/media?parent=218158"}],"wp:term":[{"taxonomy":"product_brand","embeddable":true,"href":"https:\/\/www.huntersfriend.eu\/de\/wp-json\/wp\/v2\/product_brand?post=218158"},{"taxonomy":"product_cat","embeddable":true,"href":"https:\/\/www.huntersfriend.eu\/de\/wp-json\/wp\/v2\/product_cat?post=218158"},{"taxonomy":"product_tag","embeddable":true,"href":"https:\/\/www.huntersfriend.eu\/de\/wp-json\/wp\/v2\/product_tag?post=218158"}],"curies":[{"name":"wp","href":"https:\/\/api.w.org\/{rel}","templated":true}]}}