{"id":218152,"date":"2021-09-28T10:41:25","date_gmt":"2021-09-28T08:41:25","guid":{"rendered":"https:\/\/www.huntersfriend.eu\/product\/alps-folding-foam-pad\/"},"modified":"2025-08-27T11:18:49","modified_gmt":"2025-08-27T09:18:49","slug":"alps-folding-foam-pad","status":"publish","type":"product","link":"https:\/\/www.huntersfriend.eu\/de\/produkt\/alps-folding-foam-pad\/","title":{"rendered":"Alps faltbare Schaumstoffmatte"},"content":{"rendered":"<p>Verbessern Sie Ihr Camping-Erlebnis und schlafen Sie besser mit der faltbaren Schaumstoffmatte. Das leichte Akkordeon-Design l\u00e4sst sich auf eine kompakte Gr\u00f6\u00dfe zusammenfalten, was eine einfache Verpackung und Lagerung erm\u00f6glicht. Die eierkartonstrukturierte Oberfl\u00e4che aus geschlossenzelligem Schaumstoff bietet gepolsterten Komfort und isolierende W\u00e4rme f\u00fcr eine erholsame Nachtruhe.  <\/p>\n<p>\u2022 Akkordeon-Faltung f\u00fcr eine geringe Packgr\u00f6\u00dfe<\/p>\n<p>\u2022 Komfortable Eierkartonstruktur der Schlafoberfl\u00e4che<\/p>\n<p>\u2022 Leichtgewichtiges Design<\/p>\n<p>\u2022 Geschlossenzelliger Schaumstoff sch\u00fctzt und isoliert<\/p>\n<table border=\"3\">\n<tbody>\n<tr align=\"CENTER\">\n<td><b>Abmessungen<\/b><\/td>\n<td>55,88 cm x 180,34 cm x 1,91 cm<\/td>\n<\/tr>\n<tr align=\"CENTER\">\n<td><b>Gewicht<\/b><\/td>\n<td>283,5 g<\/td>\n<\/tr>\n<tr align=\"CENTER\">\n<td><b>Packma\u00df<\/b><\/td>\n<td>55,88 cm x 12,7 cm x 14,61 cm<\/td>\n<\/tr>\n<\/tbody>\n<\/table>\n","protected":false},"excerpt":{"rendered":"<p>Verbessern Sie Ihr Camping-Erlebnis und schlafen Sie besser mit der faltbaren Schaumstoffmatte. Das leichte Akkordeon-Design l\u00e4sst sich auf eine kompakte Gr\u00f6\u00dfe zusammenfalten, was eine einfache Verpackung und Lagerung erm\u00f6glicht. Die eierkartonstrukturierte Oberfl\u00e4che aus geschlossenzelligem Schaumstoff bietet gepolsterten Komfort und isolierende W\u00e4rme f\u00fcr eine erholsame Nachtruhe. \u2022 Akkordeon-Faltung f\u00fcr eine geringe Packgr\u00f6\u00dfe \u2022 Komfortable Eierkartonstruktur der [&#8230;]\n","protected":false},"featured_media":217056,"comment_status":"open","ping_status":"closed","template":"","meta":[],"product_brand":[],"product_cat":[2068],"product_tag":[],"class_list":{"0":"post-218152","1":"product","2":"type-product","3":"status-publish","4":"has-post-thumbnail","6":"product_cat-campingliegen-und-matten","8":"first","9":"instock","10":"taxable","11":"shipping-taxable","12":"purchasable","13":"product-type-simple"},"composite_virtual":false,"composite_layout":"","composite_add_to_cart_form_location":"","composite_editable_in_cart":false,"composite_sold_individually_context":"","composite_shop_price_calc":"","composite_components":[],"composite_scenarios":[],"group_of_quantity":0,"min_quantity":0,"max_quantity":"","exclude_order_quantity_value_rules":"no","exclude_category_quantity_rules":"no","combine_variations":"no","exclude_global_add_ons":[],"addons":[],"_links":{"self":[{"href":"https:\/\/www.huntersfriend.eu\/de\/wp-json\/wp\/v2\/product\/218152","targetHints":{"allow":["GET"]}}],"collection":[{"href":"https:\/\/www.huntersfriend.eu\/de\/wp-json\/wp\/v2\/product"}],"about":[{"href":"https:\/\/www.huntersfriend.eu\/de\/wp-json\/wp\/v2\/types\/product"}],"replies":[{"embeddable":true,"href":"https:\/\/www.huntersfriend.eu\/de\/wp-json\/wp\/v2\/comments?post=218152"}],"wp:featuredmedia":[{"embeddable":true,"href":"https:\/\/www.huntersfriend.eu\/de\/wp-json\/wp\/v2\/media\/217056"}],"wp:attachment":[{"href":"https:\/\/www.huntersfriend.eu\/de\/wp-json\/wp\/v2\/media?parent=218152"}],"wp:term":[{"taxonomy":"product_brand","embeddable":true,"href":"https:\/\/www.huntersfriend.eu\/de\/wp-json\/wp\/v2\/product_brand?post=218152"},{"taxonomy":"product_cat","embeddable":true,"href":"https:\/\/www.huntersfriend.eu\/de\/wp-json\/wp\/v2\/product_cat?post=218152"},{"taxonomy":"product_tag","embeddable":true,"href":"https:\/\/www.huntersfriend.eu\/de\/wp-json\/wp\/v2\/product_tag?post=218152"}],"curies":[{"name":"wp","href":"https:\/\/api.w.org\/{rel}","templated":true}]}}