{"id":218148,"date":"2021-09-28T10:41:25","date_gmt":"2021-09-28T08:41:25","guid":{"rendered":"https:\/\/www.huntersfriend.eu\/product\/alps-clear-passage-dry-bag\/"},"modified":"2026-05-01T22:44:30","modified_gmt":"2026-05-01T20:44:30","slug":"alps-clear-passage-dry-bag","status":"publish","type":"product","link":"https:\/\/www.huntersfriend.eu\/de\/produkt\/alps-clear-passage-dry-bag\/","title":{"rendered":"Alps Clear Passage Trockenbeutel"},"content":{"rendered":"<p>Die ALPS Mountaineering Clear Passage Serie bietet abriebfeste, mittelgewichtige Trockenbeutel, die aus strapazierf\u00e4higem, wasserdichtem TPU-Material und einem mit 420D-Nylon-TPU beschichteten Boden konstruiert sind, mit vollst\u00e4ndig verschwei\u00dften N\u00e4hten. Die \u00fcberlegene Konstruktion des Beutels zusammen mit einem sicheren Rollverschluss schlie\u00dft Wasser aus und bietet eine zuverl\u00e4ssige Wasserbarriere in feuchten Umgebungen. Ein oval geformter, flacher Boden hilft den Beuteln, selbstst\u00e4ndig zu stehen und erleichtert das Bef\u00fcllen. Ein D-Ring-Befestigungspunkt ist f\u00fcr zus\u00e4tzliche Ger\u00e4teanbindung, Stapelung oder Befestigung an Ihrem Wasserfahrzeug integriert. Selbst die Abenteuerlustigsten k\u00f6nnen mit der Clear Passage Serie nichts falsch machen. Angeboten wird sie in Kapazit\u00e4ten, die Ihren Bed\u00fcrfnissen entsprechen: 5L, 10L, 20L und 35L.     <\/p>\n<p>\u2022 Transparentes TPU-Hauptmaterial f\u00fcr schnelles Auffinden von Gegenst\u00e4nden<\/p>\n<p>\u2022 Bodenmaterial ist abriebfestes, mittelgewichtiges 420D-Nylon-TPU f\u00fcr Langlebigkeit<\/p>\n<p>\u2022 Oval geformter flacher Boden verhindert Wegrollen und erleichtert das Stapeln<\/p>\n<p>\u2022 Ein D-Ring-Befestigungspunkt<\/p>\n<p>\u2022 Sicherer Rollverschluss<\/p>\n<p>\u2022 Starke, vollst\u00e4ndig verschwei\u00dfte N\u00e4hte<\/p>\n<table border=\"3\">\n<tbody>\n<tr>\n<th colspan=\"2\">5 L<\/th>\n<\/tr>\n<tr align=\"CENTER\">\n<td><b>Kapazit\u00e4t<\/b><\/td>\n<td>5 L \/ 305 in\u00b3<\/td>\n<\/tr>\n<tr align=\"CENTER\">\n<td><b>L\u00e4nge<\/b><\/td>\n<td>7&#8243;<\/td>\n<\/tr>\n<tr align=\"CENTER\">\n<td><b>Durchmesser<\/b><\/td>\n<td>4&#8243;<\/td>\n<\/tr>\n<tr align=\"CENTER\">\n<td><b>H\u00f6he<\/b><\/td>\n<td>11&#8243;<\/td>\n<\/tr>\n<tr align=\"CENTER\">\n<td><b>Gewicht<\/b><\/td>\n<td>4 oz.<\/td>\n<\/tr>\n<tr>\n<th colspan=\"2\">10 L<\/th>\n<\/tr>\n<tr align=\"CENTER\">\n<td><b>Kapazit\u00e4t<\/b><\/td>\n<td>10 L \/ 610 in\u00b3<\/td>\n<\/tr>\n<tr align=\"CENTER\">\n<td><b>L\u00e4nge<\/b><\/td>\n<td>9&#8243;<\/td>\n<\/tr>\n<tr align=\"CENTER\">\n<td><b>Durchmesser<\/b><\/td>\n<td>5&#8243;<\/td>\n<\/tr>\n<tr align=\"CENTER\">\n<td><b>H\u00f6he<\/b><\/td>\n<td>14&#8243;<\/td>\n<\/tr>\n<tr align=\"CENTER\">\n<td><b>Gewicht<\/b><\/td>\n<td>4,8 oz.<\/td>\n<\/tr>\n<tr>\n<th colspan=\"2\">20 L<\/th>\n<\/tr>\n<tr align=\"CENTER\">\n<td><b>Kapazit\u00e4t<\/b><\/td>\n<td>20 L \/ 1220 in\u00b3<\/td>\n<\/tr>\n<tr align=\"CENTER\">\n<td><b>L\u00e4nge<\/b><\/td>\n<td>11&#8243;<\/td>\n<\/tr>\n<tr align=\"CENTER\">\n<td><b>Durchmesser<\/b><\/td>\n<td>7&#8243;<\/td>\n<\/tr>\n<tr align=\"CENTER\">\n<td><b>H\u00f6he<\/b><\/td>\n<td>16&#8243;<\/td>\n<\/tr>\n<tr align=\"CENTER\">\n<td><b>Gewicht<\/b><\/td>\n<td>6,4 oz.<\/td>\n<\/tr>\n<tr>\n<th colspan=\"2\">35 L<\/th>\n<\/tr>\n<tr align=\"CENTER\">\n<td><b>Kapazit\u00e4t<\/b><\/td>\n<td>35 L \/ 2135 in\u00b3<\/td>\n<\/tr>\n<tr align=\"CENTER\">\n<td><b>L\u00e4nge<\/b><\/td>\n<td>13&#8243;<\/td>\n<\/tr>\n<tr align=\"CENTER\">\n<td><b>Durchmesser<\/b><\/td>\n<td>8&#8243;<\/td>\n<\/tr>\n<tr align=\"CENTER\">\n<td><b>H\u00f6he<\/b><\/td>\n<td>21&#8243;<\/td>\n<\/tr>\n<tr align=\"CENTER\">\n<td><b>Gewicht<\/b><\/td>\n<td>9.6 oz.<\/td>\n<\/tr>\n<\/tbody>\n<\/table>\n","protected":false},"excerpt":{"rendered":"<p>Die ALPS Mountaineering Clear Passage Serie bietet abriebfeste, mittelgewichtige Trockenbeutel, die aus strapazierf\u00e4higem, wasserdichtem TPU-Material und einem mit 420D-Nylon-TPU beschichteten Boden konstruiert sind, mit vollst\u00e4ndig verschwei\u00dften N\u00e4hten. Die \u00fcberlegene Konstruktion des Beutels zusammen mit einem sicheren Rollverschluss schlie\u00dft Wasser aus und bietet eine zuverl\u00e4ssige Wasserbarriere in feuchten Umgebungen. Ein oval geformter, flacher Boden hilft den [&#8230;]\n","protected":false},"featured_media":215777,"comment_status":"open","ping_status":"closed","template":"","meta":[],"product_brand":[],"product_cat":[2050],"product_tag":[],"class_list":{"0":"post-218148","1":"product","2":"type-product","3":"status-publish","4":"has-post-thumbnail","6":"product_cat-campingzubehor","8":"first","9":"instock","10":"taxable","11":"shipping-taxable","12":"purchasable","13":"product-type-variable"},"composite_virtual":false,"composite_layout":"","composite_add_to_cart_form_location":"","composite_editable_in_cart":false,"composite_sold_individually_context":"","composite_shop_price_calc":"","composite_components":[],"composite_scenarios":[],"group_of_quantity":0,"min_quantity":0,"max_quantity":"","exclude_order_quantity_value_rules":"no","exclude_category_quantity_rules":"no","combine_variations":"no","exclude_global_add_ons":[],"addons":[],"_links":{"self":[{"href":"https:\/\/www.huntersfriend.eu\/de\/wp-json\/wp\/v2\/product\/218148","targetHints":{"allow":["GET"]}}],"collection":[{"href":"https:\/\/www.huntersfriend.eu\/de\/wp-json\/wp\/v2\/product"}],"about":[{"href":"https:\/\/www.huntersfriend.eu\/de\/wp-json\/wp\/v2\/types\/product"}],"replies":[{"embeddable":true,"href":"https:\/\/www.huntersfriend.eu\/de\/wp-json\/wp\/v2\/comments?post=218148"}],"wp:featuredmedia":[{"embeddable":true,"href":"https:\/\/www.huntersfriend.eu\/de\/wp-json\/wp\/v2\/media\/215777"}],"wp:attachment":[{"href":"https:\/\/www.huntersfriend.eu\/de\/wp-json\/wp\/v2\/media?parent=218148"}],"wp:term":[{"taxonomy":"product_brand","embeddable":true,"href":"https:\/\/www.huntersfriend.eu\/de\/wp-json\/wp\/v2\/product_brand?post=218148"},{"taxonomy":"product_cat","embeddable":true,"href":"https:\/\/www.huntersfriend.eu\/de\/wp-json\/wp\/v2\/product_cat?post=218148"},{"taxonomy":"product_tag","embeddable":true,"href":"https:\/\/www.huntersfriend.eu\/de\/wp-json\/wp\/v2\/product_tag?post=218148"}],"curies":[{"name":"wp","href":"https:\/\/api.w.org\/{rel}","templated":true}]}}