{"id":218146,"date":"2021-09-28T10:41:26","date_gmt":"2021-09-28T08:41:26","guid":{"rendered":"https:\/\/www.huntersfriend.eu\/product\/alps-zephyr-2-zelt\/"},"modified":"2024-08-29T08:01:17","modified_gmt":"2024-08-29T06:01:17","slug":"alps-zephyr-2-zelt","status":"publish","type":"product","link":"https:\/\/www.huntersfriend.eu\/de\/produkt\/alps-zephyr-2-zelt\/","title":{"rendered":"Alps Zephyr 2 &#8211; Zelt"},"content":{"rendered":"<p>Das Modell Zephyr ist ideal f\u00fcr hei\u00dfe, schw\u00fcle N\u00e4chte, wenn Sie eine Brise in Ihrem Zelt sp\u00fcren m\u00f6chten. Die W\u00e4nde bestehen vollst\u00e4ndig aus Mesh, was eine maximale Bel\u00fcftung und Frischluft erm\u00f6glicht. Das einzigartige 2-Stangen-Design bietet Ihnen mehr Kopffreiheit, ohne dass Sie sich eingeengt f\u00fchlen. Das Zephyr verf\u00fcgt \u00fcber Aluminiumstangen aus einer Flugzeuglegierung, die stark und leicht sind. Zwei T\u00fcren erleichtern den Ein- und Ausstieg und eine Apsis \u00fcber beiden T\u00fcren bietet einen gro\u00dfartigen Stauraum f\u00fcr Ihre zus\u00e4tzliche Ausr\u00fcstung. Das Au\u00dfenzelt l\u00e4sst sich mit Schnallen befestigen, was im Vergleich zu elastischen Schn\u00fcren eine viel sicherere Befestigung erm\u00f6glicht. Unglaubliche Bel\u00fcftung, gro\u00dfe Kopffreiheit und geringes Gewicht&#8230; eine gro\u00dfartige Kombination, die ein hochwertiges Zelt ergibt!<\/p>\n<p>-Freistehendes Design mit Aluminiumgest\u00e4nge der Serie 7000<\/p>\n<p>-Neu gestaltete Gest\u00e4ngeform vergr\u00f6\u00dfert den Wohnbereich bei gleichbleibenden Bodenma\u00dfen<\/p>\n<p>-Einfacher Aufbau mit Stangenclips, die schnell \u00fcber die Zeltstangen geschoben werden k\u00f6nnen<\/p>\n<p>75D 185T Polyester Au\u00dfenzelt mit 1500mm Beschichtung ist UV-best\u00e4ndig und bleibt straff<\/p>\n<p>-Werkseitig versiegelte N\u00e4hte an Au\u00dfenzelt und Boden bieten den besten Wetterschutz<\/p>\n<p>-75D 185T Poly Taffeta Boden mit 3000mm Beschichtung<\/p>\n<p>-Extragro\u00dfe #8 Rei\u00dfverschl\u00fcsse<\/p>\n<p>-Zwei T\u00fcren und zwei Vorzelte<\/p>\n<p>-Hervorragende Bel\u00fcftung durch durchgehende Netzw\u00e4nde<\/p>\n<p>-Vorzelt zur Aufbewahrung von Ausr\u00fcstung und zus\u00e4tzlichem Wetterschutz<\/p>\n<p>-Wetterfeste Schnallen am Au\u00dfenzelt f\u00fcr maximale Befestigung und Schutz<\/p>\n<p>Netzstaufach, Ausr\u00fcstungsboden, 7075-Aluminiumpf\u00e4hle und Abspannseile im Lieferumfang enthalten<\/p>\n<p>Grundfl\u00e4che\u00a0 4&#8217;10 x 7&#8217;4<br \/>H\u00f6he Mitte 3&#8217;2<br \/>Tiefe des Vorzelts 28&#8243;<br \/>Zeltfl\u00e4che 31 ft\u00b2<br \/>Vorzelt Fl\u00e4che17 ft\u00b2<br \/>Mindestgewicht 4 lbs. 14 oz.T<br \/>Gesamtgewicht 5 lbs. 11 oz.<br \/>Packma\u00df6 ,5&#8243; x 19&#8243;<br \/>Mastdurchmesser 8,5 mm<br \/>Zwei Stangen-\u00a0 Freistehend<br \/>3-Jahreszeiten<\/p>\n","protected":false},"excerpt":{"rendered":"<p>Das Modell Zephyr ist ideal f\u00fcr hei\u00dfe, schw\u00fcle N\u00e4chte, wenn Sie eine Brise in Ihrem Zelt sp\u00fcren m\u00f6chten. Die W\u00e4nde bestehen vollst\u00e4ndig aus Mesh, was eine maximale Bel\u00fcftung und Frischluft erm\u00f6glicht. Das einzigartige 2-Stangen-Design bietet Ihnen mehr Kopffreiheit, ohne dass Sie sich eingeengt f\u00fchlen. Das Zephyr verf\u00fcgt \u00fcber Aluminiumstangen aus einer Flugzeuglegierung, die stark und [&#8230;]\n","protected":false},"featured_media":217074,"comment_status":"open","ping_status":"closed","template":"","meta":[],"product_brand":[],"product_cat":[1145],"product_tag":[],"class_list":{"0":"post-218146","1":"product","2":"type-product","3":"status-publish","4":"has-post-thumbnail","6":"product_cat-sonstiges","7":"product_shipping_class-medium-de","9":"first","10":"onbackorder","11":"taxable","12":"shipping-taxable","13":"purchasable","14":"product-type-simple"},"composite_virtual":false,"composite_layout":"","composite_add_to_cart_form_location":"","composite_editable_in_cart":false,"composite_sold_individually_context":"","composite_shop_price_calc":"","composite_components":[],"composite_scenarios":[],"group_of_quantity":0,"min_quantity":0,"max_quantity":"","exclude_order_quantity_value_rules":"no","exclude_category_quantity_rules":"no","combine_variations":"no","exclude_global_add_ons":[],"addons":[],"_links":{"self":[{"href":"https:\/\/www.huntersfriend.eu\/de\/wp-json\/wp\/v2\/product\/218146","targetHints":{"allow":["GET"]}}],"collection":[{"href":"https:\/\/www.huntersfriend.eu\/de\/wp-json\/wp\/v2\/product"}],"about":[{"href":"https:\/\/www.huntersfriend.eu\/de\/wp-json\/wp\/v2\/types\/product"}],"replies":[{"embeddable":true,"href":"https:\/\/www.huntersfriend.eu\/de\/wp-json\/wp\/v2\/comments?post=218146"}],"wp:featuredmedia":[{"embeddable":true,"href":"https:\/\/www.huntersfriend.eu\/de\/wp-json\/wp\/v2\/media\/217074"}],"wp:attachment":[{"href":"https:\/\/www.huntersfriend.eu\/de\/wp-json\/wp\/v2\/media?parent=218146"}],"wp:term":[{"taxonomy":"product_brand","embeddable":true,"href":"https:\/\/www.huntersfriend.eu\/de\/wp-json\/wp\/v2\/product_brand?post=218146"},{"taxonomy":"product_cat","embeddable":true,"href":"https:\/\/www.huntersfriend.eu\/de\/wp-json\/wp\/v2\/product_cat?post=218146"},{"taxonomy":"product_tag","embeddable":true,"href":"https:\/\/www.huntersfriend.eu\/de\/wp-json\/wp\/v2\/product_tag?post=218146"}],"curies":[{"name":"wp","href":"https:\/\/api.w.org\/{rel}","templated":true}]}}