{"id":218114,"date":"2021-10-12T11:20:51","date_gmt":"2021-10-12T09:20:51","guid":{"rendered":"https:\/\/www.huntersfriend.eu\/product\/muzzy-trocar-offset\/"},"modified":"2026-03-18T14:26:04","modified_gmt":"2026-03-18T12:26:04","slug":"muzzy-trocar-offset","status":"publish","type":"product","link":"https:\/\/www.huntersfriend.eu\/de\/produkt\/muzzy-trocar-offset\/","title":{"rendered":"Muzzy Trocar Offset"},"content":{"rendered":"<h2><strong>Muzzy Trocar 3-Klingen-Jagdspitze<\/strong><\/h2>\n<h3><strong>Eigenschaften:<\/strong><\/h3>\n<ul>\n<li>3-Klingen-Jagdspitze<\/li>\n<li>Erh\u00e4ltlich in 100 Grain<\/li>\n<li>Trokar-Spitze<\/li>\n<li>Massiver Edelstahl-Schaft<\/li>\n<li>0,035 Zoll dicke, rechtsdrehende Edelstahlklingen<\/li>\n<li>1 3\/16 Zoll Schnittdurchmesser<\/li>\n<li>3 St\u00fcck pro Packung<\/li>\n<\/ul>\n<p>Die <strong>Muzzy Trocar Broadheads<\/strong> zeichnen sich durch einen massiven einteiligen Edelstahlschaft und ein nach rechts versetztes Klingendesign aus, was f\u00fcr einen au\u00dfergew\u00f6hnlichen Flug der Jagdspitze und Konsistenz mit rechts versetzter, rechtsdrehender oder gerader Befiederung sorgt, was zu erh\u00f6hter Genauigkeit auf gr\u00f6\u00dfere Entfernungen f\u00fchrt. Die Trokar-Spitze ist bekannt f\u00fcr ihre knochenbrechende Durchdringungskraft, und das superkurze, kompakte Design sorgt f\u00fcr pr\u00e4zisen Flug sowie exzellente Ein- und Austrittsl\u00f6cher f\u00fcr erh\u00f6hten Blutverlust und deutlichere Blutspuren. <\/p>\n","protected":false},"excerpt":{"rendered":"<p>3er-Pack, 3 Klingen, 100 Grain<\/p>\n","protected":false},"featured_media":220156,"comment_status":"open","ping_status":"closed","template":"","meta":[],"product_brand":[],"product_cat":[1145],"product_tag":[],"class_list":{"0":"post-218114","1":"product","2":"type-product","3":"status-publish","4":"has-post-thumbnail","6":"product_cat-sonstiges","8":"first","9":"outofstock","10":"taxable","11":"shipping-taxable","12":"purchasable","13":"product-type-simple"},"composite_virtual":false,"composite_layout":"","composite_add_to_cart_form_location":"","composite_editable_in_cart":false,"composite_sold_individually_context":"","composite_shop_price_calc":"","composite_components":[],"composite_scenarios":[],"group_of_quantity":0,"min_quantity":0,"max_quantity":"","exclude_order_quantity_value_rules":"no","exclude_category_quantity_rules":"no","combine_variations":"no","exclude_global_add_ons":[],"addons":[],"_links":{"self":[{"href":"https:\/\/www.huntersfriend.eu\/de\/wp-json\/wp\/v2\/product\/218114","targetHints":{"allow":["GET"]}}],"collection":[{"href":"https:\/\/www.huntersfriend.eu\/de\/wp-json\/wp\/v2\/product"}],"about":[{"href":"https:\/\/www.huntersfriend.eu\/de\/wp-json\/wp\/v2\/types\/product"}],"replies":[{"embeddable":true,"href":"https:\/\/www.huntersfriend.eu\/de\/wp-json\/wp\/v2\/comments?post=218114"}],"wp:featuredmedia":[{"embeddable":true,"href":"https:\/\/www.huntersfriend.eu\/de\/wp-json\/wp\/v2\/media\/220156"}],"wp:attachment":[{"href":"https:\/\/www.huntersfriend.eu\/de\/wp-json\/wp\/v2\/media?parent=218114"}],"wp:term":[{"taxonomy":"product_brand","embeddable":true,"href":"https:\/\/www.huntersfriend.eu\/de\/wp-json\/wp\/v2\/product_brand?post=218114"},{"taxonomy":"product_cat","embeddable":true,"href":"https:\/\/www.huntersfriend.eu\/de\/wp-json\/wp\/v2\/product_cat?post=218114"},{"taxonomy":"product_tag","embeddable":true,"href":"https:\/\/www.huntersfriend.eu\/de\/wp-json\/wp\/v2\/product_tag?post=218114"}],"curies":[{"name":"wp","href":"https:\/\/api.w.org\/{rel}","templated":true}]}}