{"id":218112,"date":"2021-10-12T11:20:52","date_gmt":"2021-10-12T09:20:52","guid":{"rendered":"https:\/\/www.huntersfriend.eu\/product\/muzzy-trocar-hb-hybrid-expandable\/"},"modified":"2025-11-11T15:40:05","modified_gmt":"2025-11-11T13:40:05","slug":"muzzy-trocar-hb-hybrid-expandable","status":"publish","type":"product","link":"https:\/\/www.huntersfriend.eu\/de\/produkt\/muzzy-trocar-hb-hybrid-expandable\/","title":{"rendered":"Muzzy Trocar HB Hybrid-Expanderbroadhead"},"content":{"rendered":"<h2><strong>Muzzy Trocar HB<\/strong><\/h2>\n<h3><strong>Eigenschaften:<\/strong><\/h3>\n<ul>\n<li>4-Klingen (2 feststehende und 2 mechanische)<\/li>\n<li>Erh\u00e4ltlich in 100<\/li>\n<li>Mei\u00dfelspitze<\/li>\n<li>Edelstahl-Zwinge<\/li>\n<li>0,035 Zoll dicke Klingen<\/li>\n<li>1 Zoll feststehender Klingen-Schnittdurchmesser<\/li>\n<li>1 5\/8 Zoll expandierbarer Schnittdurchmesser<\/li>\n<li>2 5\/8 Zoll Gesamtschnittdurchmesser<\/li>\n<li>Versetzte feststehende Klingen zur Induktion von Rotation<\/li>\n<li>3 St\u00fcck pro Packung<\/li>\n<\/ul>\n<p>Sowohl der <strong>Trocar HB als auch der HBX<\/strong> verf\u00fcgen \u00fcber 0,035 Zoll dicke, chirurgisch scharfe, mechanische Klingen aus Edelstahl, die w\u00e4hrend des Fluges eng an der massiven Stahlzwinge anliegen, sich jedoch zuverl\u00e4ssig mit einem expandierbaren Schnittdurchmesser von 1 5\/8 Zoll entfalten. Die feststehenden Klingen sind ebenfalls 0,035 Zoll dick und haben einen Schnittdurchmesser von 1 Zoll. Sie sind versetzt angeordnet, um eine erh\u00f6hte Pr\u00e4zision und Stabilit\u00e4t zu gew\u00e4hrleisten. Der Gesamtschnittdurchmesser des HB und HBX betr\u00e4gt 2 5\/8 Zoll. Der Trocar HB und HBX verf\u00fcgen \u00fcber eine knochenzerschmetternde Mei\u00dfelspitze.    <\/p>\n","protected":false},"excerpt":{"rendered":"<p>3er-Pack, 4-Klingen 100 gr<\/p>\n","protected":false},"featured_media":220159,"comment_status":"open","ping_status":"closed","template":"","meta":[],"product_brand":[],"product_cat":[1145],"product_tag":[],"class_list":{"0":"post-218112","1":"product","2":"type-product","3":"status-publish","4":"has-post-thumbnail","6":"product_cat-sonstiges","8":"first","9":"outofstock","10":"taxable","11":"shipping-taxable","12":"purchasable","13":"product-type-simple"},"composite_virtual":false,"composite_layout":"","composite_add_to_cart_form_location":"","composite_editable_in_cart":false,"composite_sold_individually_context":"","composite_shop_price_calc":"","composite_components":[],"composite_scenarios":[],"group_of_quantity":0,"min_quantity":0,"max_quantity":"","exclude_order_quantity_value_rules":"no","exclude_category_quantity_rules":"no","combine_variations":"no","exclude_global_add_ons":[],"addons":[],"_links":{"self":[{"href":"https:\/\/www.huntersfriend.eu\/de\/wp-json\/wp\/v2\/product\/218112","targetHints":{"allow":["GET"]}}],"collection":[{"href":"https:\/\/www.huntersfriend.eu\/de\/wp-json\/wp\/v2\/product"}],"about":[{"href":"https:\/\/www.huntersfriend.eu\/de\/wp-json\/wp\/v2\/types\/product"}],"replies":[{"embeddable":true,"href":"https:\/\/www.huntersfriend.eu\/de\/wp-json\/wp\/v2\/comments?post=218112"}],"wp:featuredmedia":[{"embeddable":true,"href":"https:\/\/www.huntersfriend.eu\/de\/wp-json\/wp\/v2\/media\/220159"}],"wp:attachment":[{"href":"https:\/\/www.huntersfriend.eu\/de\/wp-json\/wp\/v2\/media?parent=218112"}],"wp:term":[{"taxonomy":"product_brand","embeddable":true,"href":"https:\/\/www.huntersfriend.eu\/de\/wp-json\/wp\/v2\/product_brand?post=218112"},{"taxonomy":"product_cat","embeddable":true,"href":"https:\/\/www.huntersfriend.eu\/de\/wp-json\/wp\/v2\/product_cat?post=218112"},{"taxonomy":"product_tag","embeddable":true,"href":"https:\/\/www.huntersfriend.eu\/de\/wp-json\/wp\/v2\/product_tag?post=218112"}],"curies":[{"name":"wp","href":"https:\/\/api.w.org\/{rel}","templated":true}]}}