{"id":218109,"date":"2021-10-20T14:20:18","date_gmt":"2021-10-20T12:20:18","guid":{"rendered":"https:\/\/www.huntersfriend.eu\/product\/maximal-lethal-judo-small-game-head\/"},"modified":"2025-08-27T11:14:12","modified_gmt":"2025-08-27T09:14:12","slug":"maximal-lethal-judo-small-game-head","status":"publish","type":"product","link":"https:\/\/www.huntersfriend.eu\/de\/produkt\/maximal-lethal-judo-small-game-head\/","title":{"rendered":"Maximaler t\u00f6dlicher Judo-Kleinwildkopf"},"content":{"rendered":"<p>Maximale t\u00f6dliche Judo-Spitzen, speziell f\u00fcr die Kleinwildjagd konzipiert. Judo-Spitzen verfangen sich in allem, was sie treffen. Dies verhindert, dass Ihre Pfeile im Gras verschwinden.  <\/p>\n<p>Sie passen auf alle Carbon- und Aluminiumpfeile, die Standard-8-32-Gewindeeins\u00e4tze verwenden (nicht kompatibel mit Pfeilen mit Easton Deep Six-Eins\u00e4tzen)<\/p>\n<ol>\n<li>Hervorragend geeignet f\u00fcr Kleinwild<\/li>\n<li>Langlebig<\/li>\n<li>Passend f\u00fcr die meisten Carbon- und Aluminiumpfeile auf dem Markt<\/li>\n<\/ol>\n","protected":false},"excerpt":{"rendered":"<p>6er-Packung, 100 Grain<\/p>\n","protected":false},"featured_media":220173,"comment_status":"open","ping_status":"closed","template":"","meta":[],"product_brand":[],"product_cat":[1080],"product_tag":[],"class_list":{"0":"post-218109","1":"product","2":"type-product","3":"status-publish","4":"has-post-thumbnail","6":"product_cat-klein-wild-jagd","8":"first","9":"instock","10":"taxable","11":"shipping-taxable","12":"purchasable","13":"product-type-simple"},"composite_virtual":false,"composite_layout":"","composite_add_to_cart_form_location":"","composite_editable_in_cart":false,"composite_sold_individually_context":"","composite_shop_price_calc":"","composite_components":[],"composite_scenarios":[],"group_of_quantity":0,"min_quantity":0,"max_quantity":"","exclude_order_quantity_value_rules":"no","exclude_category_quantity_rules":"no","combine_variations":"no","exclude_global_add_ons":[],"addons":[],"_links":{"self":[{"href":"https:\/\/www.huntersfriend.eu\/de\/wp-json\/wp\/v2\/product\/218109","targetHints":{"allow":["GET"]}}],"collection":[{"href":"https:\/\/www.huntersfriend.eu\/de\/wp-json\/wp\/v2\/product"}],"about":[{"href":"https:\/\/www.huntersfriend.eu\/de\/wp-json\/wp\/v2\/types\/product"}],"replies":[{"embeddable":true,"href":"https:\/\/www.huntersfriend.eu\/de\/wp-json\/wp\/v2\/comments?post=218109"}],"wp:featuredmedia":[{"embeddable":true,"href":"https:\/\/www.huntersfriend.eu\/de\/wp-json\/wp\/v2\/media\/220173"}],"wp:attachment":[{"href":"https:\/\/www.huntersfriend.eu\/de\/wp-json\/wp\/v2\/media?parent=218109"}],"wp:term":[{"taxonomy":"product_brand","embeddable":true,"href":"https:\/\/www.huntersfriend.eu\/de\/wp-json\/wp\/v2\/product_brand?post=218109"},{"taxonomy":"product_cat","embeddable":true,"href":"https:\/\/www.huntersfriend.eu\/de\/wp-json\/wp\/v2\/product_cat?post=218109"},{"taxonomy":"product_tag","embeddable":true,"href":"https:\/\/www.huntersfriend.eu\/de\/wp-json\/wp\/v2\/product_tag?post=218109"}],"curies":[{"name":"wp","href":"https:\/\/api.w.org\/{rel}","templated":true}]}}