{"id":218106,"date":"2021-10-20T14:20:19","date_gmt":"2021-10-20T12:20:19","guid":{"rendered":"https:\/\/www.huntersfriend.eu\/product\/g5-megameat\/"},"modified":"2026-03-18T22:00:55","modified_gmt":"2026-03-18T20:00:55","slug":"g5-megameat","status":"publish","type":"product","link":"https:\/\/www.huntersfriend.eu\/de\/produkt\/g5-megameat\/","title":{"rendered":"G5 Megameat Breitkopfspitze"},"content":{"rendered":"<p>Mit 3 Klingen und einem enormen 2 \u201e-Zoll-Schnittdurchmesser richtet die G5 Megameat Mechanische Breitkopfspitze mehr als genug Schaden an, was kurze Blutspuren und einfachere Bergungen f\u00fcr Sie bedeutet! Ein benutzerfreundlicher Schnappverschluss h\u00e4lt die Klingen w\u00e4hrend des Fluges sicher f\u00fcr eine Feldspitzengenauigkeit, w\u00e4hrend sie sich beim Aufprall \u00f6ffnen, um einen massiven 2\u201c-Zoll-Schnittdurchmesser zu liefern. Die Mei\u00dfelspitze verbessert die F\u00e4higkeit der G5 Megameat Mechanischen Breitkopfspitze, Knochen zu durchdringen. <\/p>\n<ul>\n<li>Enormer 2-Zoll-Schnittdurchmesser<\/li>\n<li>Schnappverschluss h\u00e4lt die Klingen w\u00e4hrend des Fluges sicher<\/li>\n<li>\u00c4u\u00dferst scharfe Klingen \u00f6ffnen sich zuverl\u00e4ssig beim Aufprall<\/li>\n<li>Klingen und Verschluss sind austauschbar<\/li>\n<\/ul>\n","protected":false},"excerpt":{"rendered":"<p>3er-Pack<\/p>\n","protected":false},"featured_media":216326,"comment_status":"open","ping_status":"closed","template":"","meta":[],"product_brand":[],"product_cat":[1079],"product_tag":[],"class_list":{"0":"post-218106","1":"product","2":"type-product","3":"status-publish","4":"has-post-thumbnail","6":"product_cat-jagd-spitzen","8":"first","9":"instock","10":"taxable","11":"shipping-taxable","12":"purchasable","13":"product-type-variable"},"composite_virtual":false,"composite_layout":"","composite_add_to_cart_form_location":"","composite_editable_in_cart":false,"composite_sold_individually_context":"","composite_shop_price_calc":"","composite_components":[],"composite_scenarios":[],"group_of_quantity":0,"min_quantity":0,"max_quantity":"","exclude_order_quantity_value_rules":"no","exclude_category_quantity_rules":"no","combine_variations":"no","exclude_global_add_ons":[],"addons":[],"_links":{"self":[{"href":"https:\/\/www.huntersfriend.eu\/de\/wp-json\/wp\/v2\/product\/218106","targetHints":{"allow":["GET"]}}],"collection":[{"href":"https:\/\/www.huntersfriend.eu\/de\/wp-json\/wp\/v2\/product"}],"about":[{"href":"https:\/\/www.huntersfriend.eu\/de\/wp-json\/wp\/v2\/types\/product"}],"replies":[{"embeddable":true,"href":"https:\/\/www.huntersfriend.eu\/de\/wp-json\/wp\/v2\/comments?post=218106"}],"wp:featuredmedia":[{"embeddable":true,"href":"https:\/\/www.huntersfriend.eu\/de\/wp-json\/wp\/v2\/media\/216326"}],"wp:attachment":[{"href":"https:\/\/www.huntersfriend.eu\/de\/wp-json\/wp\/v2\/media?parent=218106"}],"wp:term":[{"taxonomy":"product_brand","embeddable":true,"href":"https:\/\/www.huntersfriend.eu\/de\/wp-json\/wp\/v2\/product_brand?post=218106"},{"taxonomy":"product_cat","embeddable":true,"href":"https:\/\/www.huntersfriend.eu\/de\/wp-json\/wp\/v2\/product_cat?post=218106"},{"taxonomy":"product_tag","embeddable":true,"href":"https:\/\/www.huntersfriend.eu\/de\/wp-json\/wp\/v2\/product_tag?post=218106"}],"curies":[{"name":"wp","href":"https:\/\/api.w.org\/{rel}","templated":true}]}}