{"id":217835,"date":"2018-12-21T10:24:50","date_gmt":"2018-12-21T08:24:50","guid":{"rendered":"https:\/\/www.huntersfriend.eu\/product\/field-logic-black-hole-ziel\/"},"modified":"2026-03-18T22:00:54","modified_gmt":"2026-03-18T20:00:54","slug":"field-logic-black-hole-ziel","status":"publish","type":"product","link":"https:\/\/www.huntersfriend.eu\/de\/produkt\/field-logic-black-hole-ziel\/","title":{"rendered":"Feldlogik-Schwarzloch-Zielscheibe"},"content":{"rendered":"<ul>\n<li>4-seitiges Schie\u00dfen<\/li>\n<li>\u201eUmwickelte\u201c Seiten &#8211; Schie\u00dfen Sie Feldspitzen (ausschlie\u00dflich) auf beide gewebten Polypropylen-umwickelten Seiten! <\/li>\n<li>\u201eOffene\u201c Schichtenkonstruktion &#8211; Schie\u00dfen Sie Feldspitzen, feststehende Klingen und aufklappbare Jagdspitzen auf Vorder- und R\u00fcckseite der Zielscheibe!<\/li>\n<li>Stoppt alle Feldspitzen und Jagdspitzen<\/li>\n<li>\u00d6konomisch und langlebig<\/li>\n<li>Kontrastierende Zielpunkte auf allen 4 Seiten<\/li>\n<\/ul>\n<p><strong>Black Hole<\/strong> ist eine \u00f6konomische Zielscheiben-Option f\u00fcr diejenigen, die einen gro\u00dfen Wert suchen. Sie stoppt alle Feldspitzen und Jagdspitzen. Jagdspitzen sollten nur auf die offene Vorder- und R\u00fcckseite der Zielscheibe geschossen werden. Feldspitzen k\u00f6nnen auf die umwickelten, gewebten Seiten der Zielscheibe geschossen werden. Leicht und einfach \u00fcberallhin zu transportieren.<\/p>\n<p><strong>**Nicht geeignet f\u00fcr Hochgeschwindigkeits-Armbr\u00fcste oder Hochleistungs-Compoundb\u00f6gen im Nahbereich.<\/strong><\/p>\n<h2>Black Hole ist in 2 verschiedenen Gr\u00f6\u00dfen erh\u00e4ltlich!<\/h2>\n<p><strong>Black Hole 18 &#8211; Mittelgro\u00df<\/strong><br \/>\nGr\u00f6\u00dfe: 45,72 cm x 40,64 cm x 27,94 cm<\/p>\n<p><strong>Black Hole 22 &#8211; Gro\u00df<\/strong><br \/>\nGr\u00f6\u00dfe: 55,88 cm x 50,80 cm x 27,94 cm<\/p>\n<p>Perfekt als tragbare Zielscheibe in Ihrem Fahrzeug, um die Einstellung Ihres Bogens w\u00e4hrend der Jagd zu \u00fcberpr\u00fcfen. Diese Zielscheibe ist nicht f\u00fcr den t\u00e4glichen Hochvolumen-Gebrauch konzipiert. <\/p>\n<p><strong>Achtung: Online-Bestellungen sind auf eine Packung pro Bestellung begrenzt. F\u00fcr gr\u00f6\u00dfere Mengen kontaktieren Sie bitte direkt den Kundenservice, um Informationen zu den Lieferkosten zu erhalten. <\/strong><\/p>\n","protected":false},"excerpt":{"rendered":"<p>Abmessungen: 45,72 \u201ex45,72\u201c x40,64 \u201eoder 55,88\u201c x 50,80 \u201ex 27,94\u201c cm<\/p>\n","protected":false},"featured_media":203284,"comment_status":"open","ping_status":"closed","template":"","meta":[],"product_brand":[],"product_cat":[1147,1222],"product_tag":[],"class_list":{"0":"post-217835","1":"product","2":"type-product","3":"status-publish","4":"has-post-thumbnail","6":"product_cat-wuerfel-und-block-ziele","7":"product_cat-sonderangebote","8":"product_shipping_class-big-de","10":"first","11":"instock","12":"sale","13":"taxable","14":"shipping-taxable","15":"purchasable","16":"product-type-variable"},"composite_virtual":false,"composite_layout":"","composite_add_to_cart_form_location":"","composite_editable_in_cart":false,"composite_sold_individually_context":"","composite_shop_price_calc":"","composite_components":[],"composite_scenarios":[],"group_of_quantity":0,"min_quantity":0,"max_quantity":"","exclude_order_quantity_value_rules":"no","exclude_category_quantity_rules":"no","combine_variations":"no","exclude_global_add_ons":[],"addons":[],"_links":{"self":[{"href":"https:\/\/www.huntersfriend.eu\/de\/wp-json\/wp\/v2\/product\/217835","targetHints":{"allow":["GET"]}}],"collection":[{"href":"https:\/\/www.huntersfriend.eu\/de\/wp-json\/wp\/v2\/product"}],"about":[{"href":"https:\/\/www.huntersfriend.eu\/de\/wp-json\/wp\/v2\/types\/product"}],"replies":[{"embeddable":true,"href":"https:\/\/www.huntersfriend.eu\/de\/wp-json\/wp\/v2\/comments?post=217835"}],"wp:featuredmedia":[{"embeddable":true,"href":"https:\/\/www.huntersfriend.eu\/de\/wp-json\/wp\/v2\/media\/203284"}],"wp:attachment":[{"href":"https:\/\/www.huntersfriend.eu\/de\/wp-json\/wp\/v2\/media?parent=217835"}],"wp:term":[{"taxonomy":"product_brand","embeddable":true,"href":"https:\/\/www.huntersfriend.eu\/de\/wp-json\/wp\/v2\/product_brand?post=217835"},{"taxonomy":"product_cat","embeddable":true,"href":"https:\/\/www.huntersfriend.eu\/de\/wp-json\/wp\/v2\/product_cat?post=217835"},{"taxonomy":"product_tag","embeddable":true,"href":"https:\/\/www.huntersfriend.eu\/de\/wp-json\/wp\/v2\/product_tag?post=217835"}],"curies":[{"name":"wp","href":"https:\/\/api.w.org\/{rel}","templated":true}]}}