{"id":217692,"date":"2021-03-29T14:20:43","date_gmt":"2021-03-29T12:20:43","guid":{"rendered":"https:\/\/www.huntersfriend.eu\/product\/kicks-high-flyer-schrotflinten-chokes\/"},"modified":"2026-04-16T07:30:03","modified_gmt":"2026-04-16T05:30:03","slug":"kicks-high-flyer-schrotflinten-chokes","status":"publish","type":"product","link":"https:\/\/www.huntersfriend.eu\/de\/produkt\/kicks-high-flyer-schrotflinten-chokes\/","title":{"rendered":"Kicks High Flyer Schrotflinten-Choke-Eins\u00e4tze Kaliber 12."},"content":{"rendered":"<p>Kick`s High Flyer Chokes werden auf computergesteuerten Maschinen pr\u00e4zisionsgefertigt nach hohen Toleranzstandards. Das Material der Chokes ist 17-4 PH-Edelstahl, um die besten Schrotflinten-Chokes auf dem heutigen Markt herzustellen. High Flyer zeichnet sich durch ein einzigartiges konisches\/paralleles Innendesign und die exklusiven, nach au\u00dfen abgewinkelten diagonalen Anschl\u00fcsse von Kicks aus. Diese Eigenschaften verbessern die Deckung um bis zu 20 %. Der verl\u00e4ngerte, kompensierte Bereich erm\u00f6glicht zudem schnellere und pr\u00e4zisere Folgesch\u00fcsse durch Reduzierung von R\u00fccksto\u00df und M\u00fcndungssprung.    <\/p>\n<p>Kick\u2019s High Flyer Chokes sind speziell f\u00fcr die Verwendung mit Hevi-Shot, Stahl oder Blei konzipiert.<\/p>\n<p>Kick&#8217;s High Flyer Choke-Eins\u00e4tze haben sich bew\u00e4hrt. High Flyer Choke-Empfehlungen basieren auf der Distanz, die Sie erreichen m\u00f6chten. Neben Wasserv\u00f6geln eignen sich Kick&#8217;s High Flyer Chokes hervorragend f\u00fcr die Jagd auf Tauben, Niederwild oder Wachteln.  <\/p>\n<p>Um zu bestimmen, welche Choke-Gr\u00f6\u00dfen f\u00fcr Sie am besten geeignet sind oder um das richtige Choke-Gewinde f\u00fcr Ihre Schrotflinte zu finden, verwenden Sie das Kicks<strong> <a href=\"https:\/\/www.kicks-ind.com\/pages\/choke-selector\">CHOKE SELECTOR TOOL<\/a><\/strong>.<\/p>\n<p>Das Beretta Optima HP Gewinde ist g\u00fcltig f\u00fcr Beretta Schrotflintenmodelle A400, SV10 usw.<\/p>\n","protected":false},"excerpt":{"rendered":"<p>Kick`s High Flyer Chokes werden auf computergesteuerten Maschinen pr\u00e4zisionsgefertigt nach hohen Toleranzstandards. Das Material der Chokes ist 17-4 PH-Edelstahl, um die besten Schrotflinten-Chokes auf dem heutigen Markt herzustellen. High Flyer zeichnet sich durch ein einzigartiges konisches\/paralleles Innendesign und die exklusiven, nach au\u00dfen abgewinkelten diagonalen Anschl\u00fcsse von Kicks aus. Diese Eigenschaften verbessern die Deckung um bis [&#8230;]\n","protected":false},"featured_media":201792,"comment_status":"open","ping_status":"closed","template":"","meta":[],"product_brand":[],"product_cat":[1423],"product_tag":[],"class_list":{"0":"post-217692","1":"product","2":"type-product","3":"status-publish","4":"has-post-thumbnail","6":"product_cat-chokes","8":"first","9":"instock","10":"taxable","11":"shipping-taxable","12":"purchasable","13":"product-type-variable"},"composite_virtual":false,"composite_layout":"","composite_add_to_cart_form_location":"","composite_editable_in_cart":false,"composite_sold_individually_context":"","composite_shop_price_calc":"","composite_components":[],"composite_scenarios":[],"group_of_quantity":0,"min_quantity":0,"max_quantity":"","exclude_order_quantity_value_rules":"no","exclude_category_quantity_rules":"no","combine_variations":"no","exclude_global_add_ons":[],"addons":[],"_links":{"self":[{"href":"https:\/\/www.huntersfriend.eu\/de\/wp-json\/wp\/v2\/product\/217692","targetHints":{"allow":["GET"]}}],"collection":[{"href":"https:\/\/www.huntersfriend.eu\/de\/wp-json\/wp\/v2\/product"}],"about":[{"href":"https:\/\/www.huntersfriend.eu\/de\/wp-json\/wp\/v2\/types\/product"}],"replies":[{"embeddable":true,"href":"https:\/\/www.huntersfriend.eu\/de\/wp-json\/wp\/v2\/comments?post=217692"}],"wp:featuredmedia":[{"embeddable":true,"href":"https:\/\/www.huntersfriend.eu\/de\/wp-json\/wp\/v2\/media\/201792"}],"wp:attachment":[{"href":"https:\/\/www.huntersfriend.eu\/de\/wp-json\/wp\/v2\/media?parent=217692"}],"wp:term":[{"taxonomy":"product_brand","embeddable":true,"href":"https:\/\/www.huntersfriend.eu\/de\/wp-json\/wp\/v2\/product_brand?post=217692"},{"taxonomy":"product_cat","embeddable":true,"href":"https:\/\/www.huntersfriend.eu\/de\/wp-json\/wp\/v2\/product_cat?post=217692"},{"taxonomy":"product_tag","embeddable":true,"href":"https:\/\/www.huntersfriend.eu\/de\/wp-json\/wp\/v2\/product_tag?post=217692"}],"curies":[{"name":"wp","href":"https:\/\/api.w.org\/{rel}","templated":true}]}}