{"id":217664,"date":"2020-10-07T14:20:56","date_gmt":"2020-10-07T12:20:56","guid":{"rendered":"https:\/\/www.huntersfriend.eu\/product\/carlson-sporting-clays-choke\/"},"modified":"2026-03-11T14:36:10","modified_gmt":"2026-03-11T12:36:10","slug":"carlson-sporting-clays-choke","status":"publish","type":"product","link":"https:\/\/www.huntersfriend.eu\/de\/produkt\/carlson-sporting-clays-choke\/","title":{"rendered":"Carlson Sporting Clays Choke-Tubes"},"content":{"rendered":"<p>Carlson&#8217;s Sporting Clays Choke-Tubes werden aus 17-4-Edelstahl gefertigt und pr\u00e4zisionsbearbeitet. Sporting Clays erzielt bessere Schussbilder als Standard-Choke-Tubes. Diese Choke-Tubes verf\u00fcgen \u00fcber einen um 25 % gr\u00f6\u00dferen Parallelbereich im Choke. Aufgrund des gr\u00f6\u00dferen Parallelbereichs erzeugen Sporting Clays Chokes konsistentere Schussbilder als herk\u00f6mmliche Choke-Tubes. Jeder Choke-Tube ist am Ende ger\u00e4ndelt, um ein schnelles und einfaches Entfernen zu erm\u00f6glichen. Jeder Choke-Tube hat die Verengung zur einfachen Referenzierung laserbeschriftet.     <\/p>\n<p>Sie k\u00f6nnen Blei-, Stahl-, Nickel-, verkupferte, Hevi-Shotshells\u2122 und Buckshots verwenden, wenn Sie Carlson&#8217;s Sporting Clays Chokes nutzen. Stahlschrot, das gr\u00f6\u00dfer als BB ist, sollte in keinem Sporting Clays Choke verwendet werden, der enger als Full-Konstriktion ist. <\/p>\n<p>Invector-Gewinde passt zu Winchester (Shadow etc.), Browning Invector, Mossberg, Ruger (vor 1993), Savage Arms und Weatherby Flinten.<\/p>\n<p><strong>HINWEIS!<\/strong> Winchester SX-2, SX-3, SX-4 &amp; SXP verwenden Browning <strong>Invector Plus<\/strong> Choke-Tubes.<\/p>\n","protected":false},"excerpt":{"rendered":"<p>Kaliber 12<\/p>\n","protected":false},"featured_media":202855,"comment_status":"open","ping_status":"closed","template":"","meta":[],"product_brand":[],"product_cat":[1423],"product_tag":[],"class_list":{"0":"post-217664","1":"product","2":"type-product","3":"status-publish","4":"has-post-thumbnail","6":"product_cat-chokes","8":"first","9":"instock","10":"taxable","11":"shipping-taxable","12":"purchasable","13":"product-type-variable"},"composite_virtual":false,"composite_layout":"","composite_add_to_cart_form_location":"","composite_editable_in_cart":false,"composite_sold_individually_context":"","composite_shop_price_calc":"","composite_components":[],"composite_scenarios":[],"group_of_quantity":0,"min_quantity":0,"max_quantity":"","exclude_order_quantity_value_rules":"no","exclude_category_quantity_rules":"no","combine_variations":"no","exclude_global_add_ons":[],"addons":[],"_links":{"self":[{"href":"https:\/\/www.huntersfriend.eu\/de\/wp-json\/wp\/v2\/product\/217664","targetHints":{"allow":["GET"]}}],"collection":[{"href":"https:\/\/www.huntersfriend.eu\/de\/wp-json\/wp\/v2\/product"}],"about":[{"href":"https:\/\/www.huntersfriend.eu\/de\/wp-json\/wp\/v2\/types\/product"}],"replies":[{"embeddable":true,"href":"https:\/\/www.huntersfriend.eu\/de\/wp-json\/wp\/v2\/comments?post=217664"}],"wp:featuredmedia":[{"embeddable":true,"href":"https:\/\/www.huntersfriend.eu\/de\/wp-json\/wp\/v2\/media\/202855"}],"wp:attachment":[{"href":"https:\/\/www.huntersfriend.eu\/de\/wp-json\/wp\/v2\/media?parent=217664"}],"wp:term":[{"taxonomy":"product_brand","embeddable":true,"href":"https:\/\/www.huntersfriend.eu\/de\/wp-json\/wp\/v2\/product_brand?post=217664"},{"taxonomy":"product_cat","embeddable":true,"href":"https:\/\/www.huntersfriend.eu\/de\/wp-json\/wp\/v2\/product_cat?post=217664"},{"taxonomy":"product_tag","embeddable":true,"href":"https:\/\/www.huntersfriend.eu\/de\/wp-json\/wp\/v2\/product_tag?post=217664"}],"curies":[{"name":"wp","href":"https:\/\/api.w.org\/{rel}","templated":true}]}}