{"id":217652,"date":"2020-10-07T14:20:43","date_gmt":"2020-10-07T12:20:43","guid":{"rendered":"https:\/\/www.huntersfriend.eu\/product\/carlson-cremator-choke\/"},"modified":"2024-04-10T00:18:26","modified_gmt":"2024-04-09T22:18:26","slug":"carlson-cremator-choke","status":"publish","type":"product","link":"https:\/\/www.huntersfriend.eu\/de\/produkt\/carlson-cremator-choke\/","title":{"rendered":"Carlson Cremator Choke"},"content":{"rendered":"<p>Die Cremator-Chokes von Carlson sind mit der Triple Shot Technology (TST) von Carlson ausgestattet und werden in den Verengungen f\u00fcr mittlere und lange Distanzen angeboten. TST ist eine Reihe von drei abgestuften Ringen im konischen Teil des Choke-Rohrs, die einen allm\u00e4hlicheren \u00dcbergang von der Flintenlaufbahn zur endg\u00fcltigen Verengung erm\u00f6glichen. Dieses Design bietet eine geringere Deformation der Schrote, weniger Querschl\u00e4ger und ein dichteres Schussbild. Dank dieser Vorteile eignet sich dieser Ported Choke f\u00fcr alle Arten von Wasserv\u00f6geln w\u00e4hrend der gesamten Saison.<\/p>\n<p>Der Cremator hat keine Gr\u00f6\u00dfen- oder Geschwindigkeitsbeschr\u00e4nkungen mit Stahlschrot in einer der Verengungen. Sie erhalten auch alle Vorteile eines verl\u00e4ngerten Choke-Rohrs, einschlie\u00dflich eines 25 % l\u00e4ngeren parallelen Abschnitts f\u00fcr engere und dichtere Schussbilder, schraubenlose Installation, schnelles Entfernen und Unterst\u00fctzung beim M\u00fcndungsschutz. Sie werden in den Konfigurationen mit oder ohne Port angeboten.<\/p>\n<p>Carlson&#8217;s Cremator Chokes werden in den Vereinigten Staaten von Amerika hergestellt und sind aus w\u00e4rmebehandeltem 17-4 Edelstahl pr\u00e4zisionsgefertigt.<\/p>\n<p>Diese Chokes sind f\u00fcr Schrotflinten des Kalibers 12. Das Remington-Gewinde ist g\u00fcltig f\u00fcr die Remington-Modelle 870, 887, 11-87, 1100 &amp; V3 und Akkar-Flinten.<\/p>\n","protected":false},"excerpt":{"rendered":"<p>12 cal., port, mittlere Entfernung<\/p>\n","protected":false},"featured_media":202896,"comment_status":"open","ping_status":"closed","template":"","meta":[],"product_brand":[],"product_cat":[1423],"product_tag":[],"class_list":{"0":"post-217652","1":"product","2":"type-product","3":"status-publish","4":"has-post-thumbnail","6":"product_cat-chokes","8":"first","9":"outofstock","10":"taxable","11":"shipping-taxable","12":"purchasable","13":"product-type-variable"},"composite_virtual":false,"composite_layout":"","composite_add_to_cart_form_location":"","composite_editable_in_cart":false,"composite_sold_individually_context":"","composite_shop_price_calc":"","composite_components":[],"composite_scenarios":[],"group_of_quantity":0,"min_quantity":0,"max_quantity":"","exclude_order_quantity_value_rules":"no","exclude_category_quantity_rules":"no","combine_variations":"no","exclude_global_add_ons":[],"addons":[],"_links":{"self":[{"href":"https:\/\/www.huntersfriend.eu\/de\/wp-json\/wp\/v2\/product\/217652","targetHints":{"allow":["GET"]}}],"collection":[{"href":"https:\/\/www.huntersfriend.eu\/de\/wp-json\/wp\/v2\/product"}],"about":[{"href":"https:\/\/www.huntersfriend.eu\/de\/wp-json\/wp\/v2\/types\/product"}],"replies":[{"embeddable":true,"href":"https:\/\/www.huntersfriend.eu\/de\/wp-json\/wp\/v2\/comments?post=217652"}],"wp:featuredmedia":[{"embeddable":true,"href":"https:\/\/www.huntersfriend.eu\/de\/wp-json\/wp\/v2\/media\/202896"}],"wp:attachment":[{"href":"https:\/\/www.huntersfriend.eu\/de\/wp-json\/wp\/v2\/media?parent=217652"}],"wp:term":[{"taxonomy":"product_brand","embeddable":true,"href":"https:\/\/www.huntersfriend.eu\/de\/wp-json\/wp\/v2\/product_brand?post=217652"},{"taxonomy":"product_cat","embeddable":true,"href":"https:\/\/www.huntersfriend.eu\/de\/wp-json\/wp\/v2\/product_cat?post=217652"},{"taxonomy":"product_tag","embeddable":true,"href":"https:\/\/www.huntersfriend.eu\/de\/wp-json\/wp\/v2\/product_tag?post=217652"}],"curies":[{"name":"wp","href":"https:\/\/api.w.org\/{rel}","templated":true}]}}