{"id":217533,"date":"2020-07-04T02:00:46","date_gmt":"2020-07-04T00:00:46","guid":{"rendered":"https:\/\/www.huntersfriend.eu\/product\/shootnc-2-inch-bulls-eye\/"},"modified":"2025-09-02T09:04:01","modified_gmt":"2025-09-02T07:04:01","slug":"shootnc-2-inch-bulls-eye","status":"publish","type":"product","link":"https:\/\/www.huntersfriend.eu\/de\/produkt\/shootnc-2-inch-bulls-eye\/","title":{"rendered":"Shoot\u2022n\u2022c\u00ae 2 Zoll Bulls-Eye 108 Zielscheiben"},"content":{"rendered":"<p>Diese reaktiven Zielscheiben eignen sich hervorragend f\u00fcr das Schie\u00dfen auf kurze Distanz mit Luftgewehren und .22 Randfeuer- oder Zentralfeuerwaffen.<\/p>\n<p>Hauptmerkmale:<\/p>\n<ul>\n<li>Einschussl\u00f6cher werden durch leuchtend chartreusefarbene Ringe sichtbar.<\/li>\n<li>Selbstklebende R\u00fcckseite erm\u00f6glicht einfaches Anbringen der Zielscheiben<\/li>\n<li>Sofortiges Feedback \u2013 man muss nicht zum Ziel gehen oder ein Fernglas benutzen, um Ihren Treffer zu sehen.<\/li>\n<li>Hervorragend geeignet f\u00fcr den Innen- oder Au\u00dfenbereich sowie bei schwachen Lichtverh\u00e4ltnissen<\/li>\n<\/ul>\n","protected":false},"excerpt":{"rendered":"<p>Diese reaktiven Zielscheiben eignen sich hervorragend f\u00fcr das Schie\u00dfen auf kurze Distanz mit Luftgewehren und .22 Randfeuer- oder Zentralfeuerwaffen. Hauptmerkmale: Einschussl\u00f6cher werden durch leuchtend chartreusefarbene Ringe sichtbar. Selbstklebende R\u00fcckseite erm\u00f6glicht einfaches Anbringen der Zielscheiben Sofortiges Feedback \u2013 man muss nicht zum Ziel gehen oder ein Fernglas benutzen, um Ihren Treffer zu sehen. Hervorragend geeignet f\u00fcr [&#8230;]\n","protected":false},"featured_media":209066,"comment_status":"open","ping_status":"closed","template":"","meta":[],"product_brand":[],"product_cat":[1425],"product_tag":[],"class_list":{"0":"post-217533","1":"product","2":"type-product","3":"status-publish","4":"has-post-thumbnail","6":"product_cat-ziele","8":"first","9":"instock","10":"taxable","11":"shipping-taxable","12":"purchasable","13":"product-type-simple"},"composite_virtual":false,"composite_layout":"","composite_add_to_cart_form_location":"","composite_editable_in_cart":false,"composite_sold_individually_context":"","composite_shop_price_calc":"","composite_components":[],"composite_scenarios":[],"group_of_quantity":0,"min_quantity":0,"max_quantity":"","exclude_order_quantity_value_rules":"no","exclude_category_quantity_rules":"no","combine_variations":"no","exclude_global_add_ons":[],"addons":[],"_links":{"self":[{"href":"https:\/\/www.huntersfriend.eu\/de\/wp-json\/wp\/v2\/product\/217533","targetHints":{"allow":["GET"]}}],"collection":[{"href":"https:\/\/www.huntersfriend.eu\/de\/wp-json\/wp\/v2\/product"}],"about":[{"href":"https:\/\/www.huntersfriend.eu\/de\/wp-json\/wp\/v2\/types\/product"}],"replies":[{"embeddable":true,"href":"https:\/\/www.huntersfriend.eu\/de\/wp-json\/wp\/v2\/comments?post=217533"}],"wp:featuredmedia":[{"embeddable":true,"href":"https:\/\/www.huntersfriend.eu\/de\/wp-json\/wp\/v2\/media\/209066"}],"wp:attachment":[{"href":"https:\/\/www.huntersfriend.eu\/de\/wp-json\/wp\/v2\/media?parent=217533"}],"wp:term":[{"taxonomy":"product_brand","embeddable":true,"href":"https:\/\/www.huntersfriend.eu\/de\/wp-json\/wp\/v2\/product_brand?post=217533"},{"taxonomy":"product_cat","embeddable":true,"href":"https:\/\/www.huntersfriend.eu\/de\/wp-json\/wp\/v2\/product_cat?post=217533"},{"taxonomy":"product_tag","embeddable":true,"href":"https:\/\/www.huntersfriend.eu\/de\/wp-json\/wp\/v2\/product_tag?post=217533"}],"curies":[{"name":"wp","href":"https:\/\/api.w.org\/{rel}","templated":true}]}}