{"id":217149,"date":"2021-09-28T10:41:20","date_gmt":"2021-09-28T08:41:20","guid":{"rendered":"https:\/\/www.huntersfriend.eu\/product\/final-approach-schwimmendes-flinten-futteral\/"},"modified":"2024-08-29T08:01:17","modified_gmt":"2024-08-29T06:01:17","slug":"final-approach-schwimmendes-flinten-futteral","status":"publish","type":"product","link":"https:\/\/www.huntersfriend.eu\/de\/produkt\/final-approach-schwimmendes-flinten-futteral\/","title":{"rendered":"Final Approach Schwimmendes Flinten Futteral"},"content":{"rendered":"<p>Egal, ob Sie zu Fu\u00df, watend, reitend oder mit dem Boot zur Entenjagd unterwegs sind, Sie k\u00f6nnen sich immer darauf verlassen, dass Ihre Waffe in dieser schwimmenden Flinten-Futteral gesch\u00fctzt ist. Esvbesteht aus 600D-Polyester mit wetterfester Beschichtung und sch\u00fctzt Ihre Waffe vor Schlamm, Wasser, Schrammen und Kratzern, die bei der Jagd entstehen. Die Tasche ist f\u00fcr Gewehre mit einer L\u00e4nge von bis zu 127 cm geeignet und kann Gewehre mit bis zu einem Gewicht von 5,5 kg transportieren.<\/p>\n<p>Hauptmerkmale:<\/p>\n<ul>\n<li>Der verl\u00e4ngerte Rei\u00dfverschluss l\u00e4sst sich zum leichten Reinigen und Trocknen vollst\u00e4ndig \u00f6ffnen<\/li>\n<li>Au\u00dfen liegende Rei\u00dfverschlusstaschen mit Rei\u00dfverschlussz\u00fcgen<\/li>\n<li>Farbe: Mossy Oak Bottomland<\/li>\n<\/ul>\n","protected":false},"excerpt":{"rendered":"<p>Mossy Oak\u00ae Bottomland\u2122<\/p>\n","protected":false},"featured_media":215235,"comment_status":"open","ping_status":"closed","template":"","meta":[],"product_brand":[],"product_cat":[1420],"product_tag":[],"class_list":{"0":"post-217149","1":"product","2":"type-product","3":"status-publish","4":"has-post-thumbnail","6":"product_cat-futterale","8":"first","9":"onbackorder","10":"taxable","11":"shipping-taxable","12":"purchasable","13":"product-type-simple"},"composite_virtual":false,"composite_layout":"","composite_add_to_cart_form_location":"","composite_editable_in_cart":false,"composite_sold_individually_context":"","composite_shop_price_calc":"","composite_components":[],"composite_scenarios":[],"group_of_quantity":0,"min_quantity":0,"max_quantity":"","exclude_order_quantity_value_rules":"no","exclude_category_quantity_rules":"no","combine_variations":"no","exclude_global_add_ons":[],"addons":[],"_links":{"self":[{"href":"https:\/\/www.huntersfriend.eu\/de\/wp-json\/wp\/v2\/product\/217149","targetHints":{"allow":["GET"]}}],"collection":[{"href":"https:\/\/www.huntersfriend.eu\/de\/wp-json\/wp\/v2\/product"}],"about":[{"href":"https:\/\/www.huntersfriend.eu\/de\/wp-json\/wp\/v2\/types\/product"}],"replies":[{"embeddable":true,"href":"https:\/\/www.huntersfriend.eu\/de\/wp-json\/wp\/v2\/comments?post=217149"}],"wp:featuredmedia":[{"embeddable":true,"href":"https:\/\/www.huntersfriend.eu\/de\/wp-json\/wp\/v2\/media\/215235"}],"wp:attachment":[{"href":"https:\/\/www.huntersfriend.eu\/de\/wp-json\/wp\/v2\/media?parent=217149"}],"wp:term":[{"taxonomy":"product_brand","embeddable":true,"href":"https:\/\/www.huntersfriend.eu\/de\/wp-json\/wp\/v2\/product_brand?post=217149"},{"taxonomy":"product_cat","embeddable":true,"href":"https:\/\/www.huntersfriend.eu\/de\/wp-json\/wp\/v2\/product_cat?post=217149"},{"taxonomy":"product_tag","embeddable":true,"href":"https:\/\/www.huntersfriend.eu\/de\/wp-json\/wp\/v2\/product_tag?post=217149"}],"curies":[{"name":"wp","href":"https:\/\/api.w.org\/{rel}","templated":true}]}}