{"id":217135,"date":"2021-06-03T14:20:18","date_gmt":"2021-06-03T12:20:18","guid":{"rendered":"https:\/\/www.huntersfriend.eu\/product\/pard-sa19-warmebildzielfernrohr\/"},"modified":"2024-08-27T08:15:48","modified_gmt":"2024-08-27T06:15:48","slug":"pard-sa19-warmebildzielfernrohr","status":"publish","type":"product","link":"https:\/\/www.huntersfriend.eu\/de\/produkt\/pard-sa19-warmebildzielfernrohr\/","title":{"rendered":"Pard SA19 W\u00e4rmebildzielfernrohr"},"content":{"rendered":"<p>PARD SA 19 W\u00c4RMEBILDZIELFERNROHR<\/p>\n<p>Die Pard SA Serie bietet eine hervorragende Leistung und einen gro\u00dfen Funktionsumfang und ist dabei einfach zu bedienen. Pard hat viel Zeit investiert, das Design so zu gestalten, dass Sie optimal schie\u00dfen k\u00f6nnen. Das SA19 ist kompakt und leicht und sorgt daf\u00fcr, dass Ihr Gewehr bei wichtigen Sch\u00fcssen nicht aus dem Gleichgewicht ger\u00e4t. Dar\u00fcber hinaus bietet die SA-Serie W\u00e4rmeverfolgung und Bild-in-Bild-Modi, damit Sie sowohl Ihr Ziel als auch die Umgebung im Auge behalten k\u00f6nnen.<\/p>\n<p>Auf der Jagd, wo sich die Bedingungen schnell \u00e4ndern, ist Robustheit unerl\u00e4sslich. Pard hat daf\u00fcr gesorgt, dass das SA19 wasser- und staubdicht ist, mit einer hohen IP67-Klassifizierung und einer R\u00fccksto\u00dffestigkeit von bis zu 6000j. Dies ist wirklich ein W\u00e4rmezielfernrohr, das auch unter Druck funktionieren kann.<\/p>\n<p>Verschlussloses Design<\/p>\n<p>Schnelle und fl\u00fcssige Anzeige<\/p>\n<p>Picatinny-Schienenmontage<\/p>\n<p>Konstruktion aus einer 6061er Aluminiumlegierung<\/p>\n<p>Wasserdicht nach IP67<\/p>\n<p>Vergr\u00f6\u00dferung 1,5x-4,5x<\/p>\n<p>Objektiv 19mm\/F1.0<\/p>\n<p>Sensor 384&#215;288 px, 17\u00b5m, 50hz<\/p>\n<p>Aufl\u00f6sung des Okulars 1024&#215;768<\/p>\n<p>Augenabstand 45mm<\/p>\n<p>Austrittspupille 8mm<\/p>\n<p>Dioptrienanpassung \/- 5<\/p>\n<p>Bildwinkel (HxV) Grad 19,5 x 14,7<\/p>\n<p>Auswechselbare Absehen Ja (5 Optionen)<\/p>\n<p>Erkennungsweite Menschen 700m<\/p>\n<p>Fahrzeug-Erkennungsreichweite 1000m<\/p>\n<p>Anzeigeformat Wei\u00df hei\u00df \/ Schwarz hei\u00df \/ Rot hei\u00df \/ Eisenrot \/ Himmel<\/p>\n<p>Entfernungsmesser &#8211; Nein<\/p>\n<p>Videoausgang Composite-Videoausgang<\/p>\n<p>Defekte Pixel Reparatur &#8211; Ja<\/p>\n<p>3D-Gyroskop &#8211; Ja<\/p>\n<p>E-Kompass &#8211; Ja<\/p>\n<p>Akku Typ 18650 Li-Ion<\/p>\n<p>Gewicht (ohne Batterie) 330g<\/p>\n<p>Einschaltzeit Weniger als 2 Sekunden<\/p>\n<p>Abmessungen 147mm x 51mm x 65.5mm<\/p>\n","protected":false},"excerpt":{"rendered":"<p>PARD SA 19 W\u00c4RMEBILDZIELFERNROHR Die Pard SA Serie bietet eine hervorragende Leistung und einen gro\u00dfen Funktionsumfang und ist dabei einfach zu bedienen. Pard hat viel Zeit investiert, das Design so zu gestalten, dass Sie optimal schie\u00dfen k\u00f6nnen. Das SA19 ist kompakt und leicht und sorgt daf\u00fcr, dass Ihr Gewehr bei wichtigen Sch\u00fcssen nicht aus dem [&#8230;]\n","protected":false},"featured_media":209547,"comment_status":"open","ping_status":"closed","template":"","meta":[],"product_brand":[],"product_cat":[1376,1132],"product_tag":[],"class_list":{"0":"post-217135","1":"product","2":"type-product","3":"status-publish","4":"has-post-thumbnail","6":"product_cat-warmebildtechnik","7":"product_cat-zielfernrohre","9":"first","10":"onbackorder","11":"taxable","12":"shipping-taxable","13":"purchasable","14":"product-type-simple"},"composite_virtual":false,"composite_layout":"","composite_add_to_cart_form_location":"","composite_editable_in_cart":false,"composite_sold_individually_context":"","composite_shop_price_calc":"","composite_components":[],"composite_scenarios":[],"group_of_quantity":0,"min_quantity":0,"max_quantity":"","exclude_order_quantity_value_rules":"no","exclude_category_quantity_rules":"no","combine_variations":"no","exclude_global_add_ons":[],"addons":[],"_links":{"self":[{"href":"https:\/\/www.huntersfriend.eu\/de\/wp-json\/wp\/v2\/product\/217135","targetHints":{"allow":["GET"]}}],"collection":[{"href":"https:\/\/www.huntersfriend.eu\/de\/wp-json\/wp\/v2\/product"}],"about":[{"href":"https:\/\/www.huntersfriend.eu\/de\/wp-json\/wp\/v2\/types\/product"}],"replies":[{"embeddable":true,"href":"https:\/\/www.huntersfriend.eu\/de\/wp-json\/wp\/v2\/comments?post=217135"}],"wp:featuredmedia":[{"embeddable":true,"href":"https:\/\/www.huntersfriend.eu\/de\/wp-json\/wp\/v2\/media\/209547"}],"wp:attachment":[{"href":"https:\/\/www.huntersfriend.eu\/de\/wp-json\/wp\/v2\/media?parent=217135"}],"wp:term":[{"taxonomy":"product_brand","embeddable":true,"href":"https:\/\/www.huntersfriend.eu\/de\/wp-json\/wp\/v2\/product_brand?post=217135"},{"taxonomy":"product_cat","embeddable":true,"href":"https:\/\/www.huntersfriend.eu\/de\/wp-json\/wp\/v2\/product_cat?post=217135"},{"taxonomy":"product_tag","embeddable":true,"href":"https:\/\/www.huntersfriend.eu\/de\/wp-json\/wp\/v2\/product_tag?post=217135"}],"curies":[{"name":"wp","href":"https:\/\/api.w.org\/{rel}","templated":true}]}}