{"id":216697,"date":"2020-10-07T11:20:36","date_gmt":"2020-10-07T09:20:36","guid":{"rendered":"https:\/\/www.huntersfriend.eu\/product\/skull-hooker-bone-bracket\/"},"modified":"2025-12-22T12:18:26","modified_gmt":"2025-12-22T10:18:26","slug":"skull-hooker-bone-bracket","status":"publish","type":"product","link":"https:\/\/www.huntersfriend.eu\/de\/produkt\/skull-hooker-bone-bracket\/","title":{"rendered":"Sch\u00e4delhaken Knochenhalterung"},"content":{"rendered":"<p>Die neu \u00fcberarbeitete Bone Bracket<sup>\u00ae<\/sup> bietet einen st\u00e4rkeren Arm und eine st\u00e4rkere Platte f\u00fcr kleinere Troph\u00e4en mit Sch\u00e4delplatte, wie z. B. Hirsch- und Antilopenarten weltweit. Die Bone Bracket<sup>\u00ae<\/sup> erm\u00f6glicht Drehverstellungen nach oben oder unten und Winkelverstellungen nach links oder rechts \u2013 f\u00fcr die optimale Pr\u00e4sentation Ihrer Troph\u00e4e. Die Bone Bracket<sup>\u00ae<\/sup> l\u00e4sst sich in nur wenigen Minuten zusammenbauen und aufh\u00e4ngen. Befestigen Sie einfach die Wandplatte mit den mitgelieferten Schrauben an einem Wandpfosten, befestigen Sie den Sch\u00e4delplattenadapter am Arm, lokalisieren und bohren Sie zwei L\u00f6cher in die Sch\u00e4delplatte und installieren Sie zwei Schrauben, um die Sch\u00e4delplatte am Sch\u00e4delplattenadapter zu befestigen. F\u00fchren Sie dann einfach die konischen Armstifte in die Aufnahmen der Wandplatte ein und nehmen Sie die letzten Anpassungen an der Troph\u00e4enpositionierung vor, um die perfekte Pr\u00e4sentation zu erzielen.    <\/p>\n<p>Lieferumfang: Wandplatte (1), Arm (1), Sch\u00e4delplattenadapter (1) und s\u00e4mtliches ben\u00f6tigtes Montagematerial<\/p>\n","protected":false},"excerpt":{"rendered":"<p>Tumma, kalloteline<\/p>\n","protected":false},"featured_media":209270,"comment_status":"open","ping_status":"closed","template":"","meta":[],"product_brand":[],"product_cat":[1409],"product_tag":[],"class_list":{"0":"post-216697","1":"product","2":"type-product","3":"status-publish","4":"has-post-thumbnail","6":"product_cat-tierpraparation","8":"first","9":"outofstock","10":"taxable","11":"shipping-taxable","12":"purchasable","13":"product-type-simple"},"composite_virtual":false,"composite_layout":"","composite_add_to_cart_form_location":"","composite_editable_in_cart":false,"composite_sold_individually_context":"","composite_shop_price_calc":"","composite_components":[],"composite_scenarios":[],"group_of_quantity":0,"min_quantity":0,"max_quantity":"","exclude_order_quantity_value_rules":"no","exclude_category_quantity_rules":"no","combine_variations":"no","exclude_global_add_ons":[],"addons":[],"_links":{"self":[{"href":"https:\/\/www.huntersfriend.eu\/de\/wp-json\/wp\/v2\/product\/216697","targetHints":{"allow":["GET"]}}],"collection":[{"href":"https:\/\/www.huntersfriend.eu\/de\/wp-json\/wp\/v2\/product"}],"about":[{"href":"https:\/\/www.huntersfriend.eu\/de\/wp-json\/wp\/v2\/types\/product"}],"replies":[{"embeddable":true,"href":"https:\/\/www.huntersfriend.eu\/de\/wp-json\/wp\/v2\/comments?post=216697"}],"wp:featuredmedia":[{"embeddable":true,"href":"https:\/\/www.huntersfriend.eu\/de\/wp-json\/wp\/v2\/media\/209270"}],"wp:attachment":[{"href":"https:\/\/www.huntersfriend.eu\/de\/wp-json\/wp\/v2\/media?parent=216697"}],"wp:term":[{"taxonomy":"product_brand","embeddable":true,"href":"https:\/\/www.huntersfriend.eu\/de\/wp-json\/wp\/v2\/product_brand?post=216697"},{"taxonomy":"product_cat","embeddable":true,"href":"https:\/\/www.huntersfriend.eu\/de\/wp-json\/wp\/v2\/product_cat?post=216697"},{"taxonomy":"product_tag","embeddable":true,"href":"https:\/\/www.huntersfriend.eu\/de\/wp-json\/wp\/v2\/product_tag?post=216697"}],"curies":[{"name":"wp","href":"https:\/\/api.w.org\/{rel}","templated":true}]}}