{"id":216696,"date":"2021-04-21T11:21:37","date_gmt":"2021-04-21T09:21:37","guid":{"rendered":"https:\/\/www.huntersfriend.eu\/product\/skull-hooker-little-hooker-braun\/"},"modified":"2025-09-02T09:02:31","modified_gmt":"2025-09-02T07:02:31","slug":"skull-hooker-little-hooker-braun","status":"publish","type":"product","link":"https:\/\/www.huntersfriend.eu\/de\/produkt\/skull-hooker-little-hooker-braun\/","title":{"rendered":"Little Hooker Sch\u00e4delhaken Braun"},"content":{"rendered":"<p>Der Little Hooker<sup>\u00ae<\/sup> ist eine elegante und stromlinienf\u00f6rmige L\u00f6sung zum Aufh\u00e4ngen kleiner bis mittelgro\u00dfer europ\u00e4ischer Troph\u00e4en. Der Little Hooker<sup>\u00ae<\/sup> ist sowohl vertikal als auch horizontal vollst\u00e4ndig anpassbar, um Ihre Troph\u00e4e perfekt aufrecht und nat\u00fcrlich zu pr\u00e4sentieren. Der Little Hooker<sup>\u00ae<\/sup> Sch\u00e4delhalter wurde speziell f\u00fcr kleineres Wild (etwa Sch\u00e4del in der Gr\u00f6\u00dfe eines gro\u00dfen Hirsches und kleiner) wie Wildschwein, Schwarzb\u00e4r, Hirsch, Antilope und exotisches mittelgro\u00dfes Wild wie Gazelle, Impala und viele weitere Troph\u00e4enwildarten weltweit entwickelt. Der Little Hooker<sup>\u00ae<\/sup> erfordert kein Bohren oder Besch\u00e4digen Ihres Sch\u00e4dels, da der Dorn sicher und nat\u00fcrlich in die R\u00fcckseite des Sch\u00e4dels passt.    *Der Sch\u00e4del darf nicht um das nat\u00fcrliche Loch oder das Halsgelenk an der R\u00fcckseite des Sch\u00e4dels herum geschnitten oder ver\u00e4ndert werden.<\/p>\n<p>Enthaltene Teile: Wandplatte (1), Arm (1), Dorn (1) und alle notwendigen Befestigungsmaterialien<\/p>\n","protected":false},"excerpt":{"rendered":"<p>Braune Sch\u00e4delhalterung<\/p>\n","protected":false},"featured_media":209460,"comment_status":"open","ping_status":"closed","template":"","meta":[],"product_brand":[],"product_cat":[1409],"product_tag":[],"class_list":{"0":"post-216696","1":"product","2":"type-product","3":"status-publish","4":"has-post-thumbnail","6":"product_cat-tierpraparation","8":"first","9":"instock","10":"featured","11":"taxable","12":"shipping-taxable","13":"purchasable","14":"product-type-simple"},"composite_virtual":false,"composite_layout":"","composite_add_to_cart_form_location":"","composite_editable_in_cart":false,"composite_sold_individually_context":"","composite_shop_price_calc":"","composite_components":[],"composite_scenarios":[],"group_of_quantity":0,"min_quantity":0,"max_quantity":"","exclude_order_quantity_value_rules":"no","exclude_category_quantity_rules":"no","combine_variations":"no","exclude_global_add_ons":[],"addons":[],"_links":{"self":[{"href":"https:\/\/www.huntersfriend.eu\/de\/wp-json\/wp\/v2\/product\/216696","targetHints":{"allow":["GET"]}}],"collection":[{"href":"https:\/\/www.huntersfriend.eu\/de\/wp-json\/wp\/v2\/product"}],"about":[{"href":"https:\/\/www.huntersfriend.eu\/de\/wp-json\/wp\/v2\/types\/product"}],"replies":[{"embeddable":true,"href":"https:\/\/www.huntersfriend.eu\/de\/wp-json\/wp\/v2\/comments?post=216696"}],"wp:featuredmedia":[{"embeddable":true,"href":"https:\/\/www.huntersfriend.eu\/de\/wp-json\/wp\/v2\/media\/209460"}],"wp:attachment":[{"href":"https:\/\/www.huntersfriend.eu\/de\/wp-json\/wp\/v2\/media?parent=216696"}],"wp:term":[{"taxonomy":"product_brand","embeddable":true,"href":"https:\/\/www.huntersfriend.eu\/de\/wp-json\/wp\/v2\/product_brand?post=216696"},{"taxonomy":"product_cat","embeddable":true,"href":"https:\/\/www.huntersfriend.eu\/de\/wp-json\/wp\/v2\/product_cat?post=216696"},{"taxonomy":"product_tag","embeddable":true,"href":"https:\/\/www.huntersfriend.eu\/de\/wp-json\/wp\/v2\/product_tag?post=216696"}],"curies":[{"name":"wp","href":"https:\/\/api.w.org\/{rel}","templated":true}]}}