{"id":216693,"date":"2021-04-21T11:21:39","date_gmt":"2021-04-21T09:21:39","guid":{"rendered":"https:\/\/www.huntersfriend.eu\/product\/skull-hooker-big-hooker\/"},"modified":"2025-10-07T09:57:26","modified_gmt":"2025-10-07T07:57:26","slug":"skull-hooker-big-hooker","status":"publish","type":"product","link":"https:\/\/www.huntersfriend.eu\/de\/produkt\/skull-hooker-big-hooker\/","title":{"rendered":"Sch\u00e4delhalter Gro\u00dfer Halter"},"content":{"rendered":"<p>Der Big Hooker<sup>\u00ae<\/sup> ist eine elegante und stromlinienf\u00f6rmige L\u00f6sung zum Aufh\u00e4ngen gro\u00dfer bis sehr gro\u00dfer europ\u00e4ischer Troph\u00e4en. Der Big Hooker<sup>\u00ae<\/sup> ist vollst\u00e4ndig anpassbar, sowohl in der H\u00f6he als auch seitlich, um Ihre Troph\u00e4e perfekt aufrecht und nat\u00fcrlich zu pr\u00e4sentieren. Die Big Hooker<sup>\u00ae<\/sup> Sch\u00e4delhalterung wurde speziell f\u00fcr gro\u00dfe bis sehr gro\u00dfe Sch\u00e4del (ungef\u00e4hr Elch-Sch\u00e4delgr\u00f6\u00dfe und gr\u00f6\u00dfer) entwickelt, darunter Wapiti, Bison, Elch, Karibu, Rothirsch, Grizzly-\/Braun-\/Eisb\u00e4ren, Hausrind, Kudu, Giraffe, Gnu, Oryx, Hirsch, Kaffernb\u00fcffel und viele weitere gro\u00dfe und sehr gro\u00dfe Troph\u00e4en-Gro\u00dfwildarten der Welt. Hergestellt aus starkem pulverbeschichtetem Stahl und erh\u00e4ltlich in zwei auff\u00e4lligen Farben (Robustbraun und Graphitschwarz). Der Big Hooker<sup>\u00ae<\/sup> erfordert kein Bohren oder Besch\u00e4digen Ihres Sch\u00e4dels, da der Dorn sicher und nat\u00fcrlich in die R\u00fcckseite des Sch\u00e4dels passt.     *Der Sch\u00e4del darf nicht um das nat\u00fcrliche Loch oder das Halsgelenk an der R\u00fcckseite des Sch\u00e4dels herum geschnitten oder ver\u00e4ndert werden.<\/p>\n<p>Lieferumfang: Wandplatte (1), Arm (1), Dorn (2) und alle notwendigen Befestigungsmaterialien<\/p>\n","protected":false},"excerpt":{"rendered":"<p>Schwarze Sch\u00e4delplatte f\u00fcr Elch<\/p>\n","protected":false},"featured_media":209487,"comment_status":"open","ping_status":"closed","template":"","meta":[],"product_brand":[],"product_cat":[1409],"product_tag":[],"class_list":{"0":"post-216693","1":"product","2":"type-product","3":"status-publish","4":"has-post-thumbnail","6":"product_cat-tierpraparation","8":"first","9":"outofstock","10":"taxable","11":"shipping-taxable","12":"purchasable","13":"product-type-simple"},"composite_virtual":false,"composite_layout":"","composite_add_to_cart_form_location":"","composite_editable_in_cart":false,"composite_sold_individually_context":"","composite_shop_price_calc":"","composite_components":[],"composite_scenarios":[],"group_of_quantity":0,"min_quantity":0,"max_quantity":"","exclude_order_quantity_value_rules":"no","exclude_category_quantity_rules":"no","combine_variations":"no","exclude_global_add_ons":[],"addons":[],"_links":{"self":[{"href":"https:\/\/www.huntersfriend.eu\/de\/wp-json\/wp\/v2\/product\/216693","targetHints":{"allow":["GET"]}}],"collection":[{"href":"https:\/\/www.huntersfriend.eu\/de\/wp-json\/wp\/v2\/product"}],"about":[{"href":"https:\/\/www.huntersfriend.eu\/de\/wp-json\/wp\/v2\/types\/product"}],"replies":[{"embeddable":true,"href":"https:\/\/www.huntersfriend.eu\/de\/wp-json\/wp\/v2\/comments?post=216693"}],"wp:featuredmedia":[{"embeddable":true,"href":"https:\/\/www.huntersfriend.eu\/de\/wp-json\/wp\/v2\/media\/209487"}],"wp:attachment":[{"href":"https:\/\/www.huntersfriend.eu\/de\/wp-json\/wp\/v2\/media?parent=216693"}],"wp:term":[{"taxonomy":"product_brand","embeddable":true,"href":"https:\/\/www.huntersfriend.eu\/de\/wp-json\/wp\/v2\/product_brand?post=216693"},{"taxonomy":"product_cat","embeddable":true,"href":"https:\/\/www.huntersfriend.eu\/de\/wp-json\/wp\/v2\/product_cat?post=216693"},{"taxonomy":"product_tag","embeddable":true,"href":"https:\/\/www.huntersfriend.eu\/de\/wp-json\/wp\/v2\/product_tag?post=216693"}],"curies":[{"name":"wp","href":"https:\/\/api.w.org\/{rel}","templated":true}]}}