{"id":216692,"date":"2021-04-21T11:21:39","date_gmt":"2021-04-21T09:21:39","guid":{"rendered":"https:\/\/www.huntersfriend.eu\/product\/skull-hooker-bone-bracket-xxl\/"},"modified":"2026-01-06T13:54:15","modified_gmt":"2026-01-06T11:54:15","slug":"skull-hooker-bone-bracket-xxl","status":"publish","type":"product","link":"https:\/\/www.huntersfriend.eu\/de\/produkt\/skull-hooker-bone-bracket-xxl\/","title":{"rendered":"Skull Hooker Knochenhalterung XXL"},"content":{"rendered":"<p>Die XXL Bone Bracket<sup>\u00ae<\/sup> ist daf\u00fcr konzipiert, die Sch\u00e4delplatten von Geweih- und Horntr\u00e4gerarten wie Wapiti, Karibu, B\u00fcffel, Elch und schwergeh\u00f6rnten Schafen wie Mufflon aufzunehmen. Wie ihr kleineres Gegenst\u00fcck bietet die XXL eine vollst\u00e4ndige H\u00f6henanpassung Ihrer Troph\u00e4e, um diese perfekt zu pr\u00e4sentieren.  Farbe: Schwarz<\/p>\n<p>Die XXL Bone Bracket<sup>\u00ae<\/sup> l\u00e4sst sich in nur wenigen Minuten montieren und aufh\u00e4ngen. Befestigen Sie einfach die Wandplatte mit den mitgelieferten Schrauben an einem Wandst\u00e4nder, befestigen Sie den Sch\u00e4delplatten-Einsteller am Arm, lokalisieren und bohren Sie zwei L\u00f6cher in die Sch\u00e4delplatte und installieren Sie zwei Schrauben, um die Sch\u00e4delkappe am Sch\u00e4delplatten-Einsteller zu befestigen. Stecken Sie dann einfach die konischen Armstifte in die Aufnahmen der Wandplatte und nehmen Sie die letzten Anpassungen an der Troph\u00e4enpositionierung f\u00fcr die perfekte Pr\u00e4sentation vor.  <\/p>\n<p>Lieferumfang: Wandplatte (1), Arm (1), Sch\u00e4delplattenadapter (1) und alle notwendigen Befestigungsmaterialien.<\/p>\n","protected":false},"excerpt":{"rendered":"<p>Musta, kalloteline hirvelle<\/p>\n","protected":false},"featured_media":209478,"comment_status":"open","ping_status":"closed","template":"","meta":[],"product_brand":[],"product_cat":[1145],"product_tag":[],"class_list":{"0":"post-216692","1":"product","2":"type-product","3":"status-publish","4":"has-post-thumbnail","6":"product_cat-sonstiges","8":"first","9":"outofstock","10":"taxable","11":"shipping-taxable","12":"purchasable","13":"product-type-simple"},"composite_virtual":false,"composite_layout":"","composite_add_to_cart_form_location":"","composite_editable_in_cart":false,"composite_sold_individually_context":"","composite_shop_price_calc":"","composite_components":[],"composite_scenarios":[],"group_of_quantity":0,"min_quantity":0,"max_quantity":"","exclude_order_quantity_value_rules":"no","exclude_category_quantity_rules":"no","combine_variations":"no","exclude_global_add_ons":[],"addons":[],"_links":{"self":[{"href":"https:\/\/www.huntersfriend.eu\/de\/wp-json\/wp\/v2\/product\/216692","targetHints":{"allow":["GET"]}}],"collection":[{"href":"https:\/\/www.huntersfriend.eu\/de\/wp-json\/wp\/v2\/product"}],"about":[{"href":"https:\/\/www.huntersfriend.eu\/de\/wp-json\/wp\/v2\/types\/product"}],"replies":[{"embeddable":true,"href":"https:\/\/www.huntersfriend.eu\/de\/wp-json\/wp\/v2\/comments?post=216692"}],"wp:featuredmedia":[{"embeddable":true,"href":"https:\/\/www.huntersfriend.eu\/de\/wp-json\/wp\/v2\/media\/209478"}],"wp:attachment":[{"href":"https:\/\/www.huntersfriend.eu\/de\/wp-json\/wp\/v2\/media?parent=216692"}],"wp:term":[{"taxonomy":"product_brand","embeddable":true,"href":"https:\/\/www.huntersfriend.eu\/de\/wp-json\/wp\/v2\/product_brand?post=216692"},{"taxonomy":"product_cat","embeddable":true,"href":"https:\/\/www.huntersfriend.eu\/de\/wp-json\/wp\/v2\/product_cat?post=216692"},{"taxonomy":"product_tag","embeddable":true,"href":"https:\/\/www.huntersfriend.eu\/de\/wp-json\/wp\/v2\/product_tag?post=216692"}],"curies":[{"name":"wp","href":"https:\/\/api.w.org\/{rel}","templated":true}]}}