{"id":216690,"date":"2021-04-21T11:21:40","date_gmt":"2021-04-21T09:21:40","guid":{"rendered":"https:\/\/www.huntersfriend.eu\/product\/skull-hooker-tisch-hooker-schwarz\/"},"modified":"2025-09-02T09:01:15","modified_gmt":"2025-09-02T07:01:15","slug":"skull-hooker-tisch-hooker-schwarz","status":"publish","type":"product","link":"https:\/\/www.huntersfriend.eu\/de\/produkt\/skull-hooker-tisch-hooker-schwarz\/","title":{"rendered":"Skull Hooker Table Hooker Schwarz"},"content":{"rendered":"<p class=\"price\"><span style=\"font-size: 14.4px;\">Die neueste Kreation von Skull Hooker, der Table Hooker, ist perfekt f\u00fcr B\u00fcroschreibtische oder Regale im Haus. Der Table Hooker pr\u00e4sentiert elegant B\u00e4ren, Impalas, Wei\u00dfwedelhirsche, Rehe und viele andere kleine bis mittelgro\u00dfe Troph\u00e4en weltweit. Der Table Hooker ist vollst\u00e4ndig in der H\u00f6he verstellbar, um Ihre Troph\u00e4e perfekt aufrecht und nat\u00fcrlich zu pr\u00e4sentieren. Hergestellt aus starkem, pulverbeschichtetem Stahl. Der Table Hooker erfordert kein Bohren oder Besch\u00e4digen Ihres Sch\u00e4dels, da die Zinke sicher und nat\u00fcrlich in die R\u00fcckseite des Sch\u00e4dels passt.     *Der Sch\u00e4del darf nicht um das nat\u00fcrliche Loch oder das Halsgelenk an der R\u00fcckseite des Sch\u00e4dels herum geschnitten oder ver\u00e4ndert werden.<\/span><\/p>\n<div class=\"woocommerce-product-details__short-description\">\n<p>Enthaltene Teile: Grundplatte (1), Arm (1), Dorn (1) und s\u00e4mtliches erforderliches Befestigungsmaterial<\/p>\n<\/div>\n","protected":false},"excerpt":{"rendered":"<p>Schwarz, Sch\u00e4delhalterung Tischmodell<\/p>\n","protected":false},"featured_media":209496,"comment_status":"open","ping_status":"closed","template":"","meta":[],"product_brand":[],"product_cat":[1409],"product_tag":[],"class_list":{"0":"post-216690","1":"product","2":"type-product","3":"status-publish","4":"has-post-thumbnail","6":"product_cat-tierpraparation","8":"first","9":"instock","10":"taxable","11":"shipping-taxable","12":"purchasable","13":"product-type-simple"},"composite_virtual":false,"composite_layout":"","composite_add_to_cart_form_location":"","composite_editable_in_cart":false,"composite_sold_individually_context":"","composite_shop_price_calc":"","composite_components":[],"composite_scenarios":[],"group_of_quantity":0,"min_quantity":0,"max_quantity":"","exclude_order_quantity_value_rules":"no","exclude_category_quantity_rules":"no","combine_variations":"no","exclude_global_add_ons":[],"addons":[],"_links":{"self":[{"href":"https:\/\/www.huntersfriend.eu\/de\/wp-json\/wp\/v2\/product\/216690","targetHints":{"allow":["GET"]}}],"collection":[{"href":"https:\/\/www.huntersfriend.eu\/de\/wp-json\/wp\/v2\/product"}],"about":[{"href":"https:\/\/www.huntersfriend.eu\/de\/wp-json\/wp\/v2\/types\/product"}],"replies":[{"embeddable":true,"href":"https:\/\/www.huntersfriend.eu\/de\/wp-json\/wp\/v2\/comments?post=216690"}],"wp:featuredmedia":[{"embeddable":true,"href":"https:\/\/www.huntersfriend.eu\/de\/wp-json\/wp\/v2\/media\/209496"}],"wp:attachment":[{"href":"https:\/\/www.huntersfriend.eu\/de\/wp-json\/wp\/v2\/media?parent=216690"}],"wp:term":[{"taxonomy":"product_brand","embeddable":true,"href":"https:\/\/www.huntersfriend.eu\/de\/wp-json\/wp\/v2\/product_brand?post=216690"},{"taxonomy":"product_cat","embeddable":true,"href":"https:\/\/www.huntersfriend.eu\/de\/wp-json\/wp\/v2\/product_cat?post=216690"},{"taxonomy":"product_tag","embeddable":true,"href":"https:\/\/www.huntersfriend.eu\/de\/wp-json\/wp\/v2\/product_tag?post=216690"}],"curies":[{"name":"wp","href":"https:\/\/api.w.org\/{rel}","templated":true}]}}