{"id":207563,"date":"2021-06-03T14:20:19","date_gmt":"2021-06-03T12:20:19","guid":{"rendered":"https:\/\/www.huntersfriend.eu\/product\/pard-sa25lrf-thermal-zielfernrohr\/"},"modified":"2024-08-27T08:15:48","modified_gmt":"2024-08-27T06:15:48","slug":"pard-sa25lrf-thermal-zielfernrohr","status":"publish","type":"product","link":"https:\/\/www.huntersfriend.eu\/de\/produkt\/pard-sa25lrf-thermal-zielfernrohr\/","title":{"rendered":"Pard SA25LRF Thermal Zielfernrohr"},"content":{"rendered":"<p><strong>PARD SA 25LRF W\u00c4RMEBILD ZIELFERNROHR<\/strong><\/p>\n<p>Die Pard SA-Serie bietet eine hervorragende Leistung und einen gro\u00dfen Funktionsumfang bei gleichzeitig einfacher Bedienung. Pard hat viel Zeit damit verbracht, das Design so zu gestalten, dass Sie optimal schie\u00dfen k\u00f6nnen; das SA25LRF ist kompakt und leicht, damit Sie Ihr Gewehr bei den entscheidenden Sch\u00fcssen nicht aus dem Gleichgewicht bringen. Dar\u00fcber hinaus bietet die SA-Serie W\u00e4rmeverfolgung und Bild-in-Bild-Modi, damit Sie sowohl Ihr Ziel als auch die Umgebung im Auge behalten k\u00f6nnen. Das SA25LRF verf\u00fcgt au\u00dferdem \u00fcber einen Laser-Entfernungsmesser, mit dem Sie die Entfernung zu Ihrem Ziel in bis zu 600 m Entfernung bestimmen k\u00f6nnen.<\/p>\n<p>Wenn Sie auf der Jagd sind und sich die Bedingungen w\u00e4hrend der Jagd \u00e4ndern, ist Robustheit unerl\u00e4sslich. Pard hat daf\u00fcr gesorgt, dass das SA25LRF wasser- und staubdicht sind (IP67) und eine R\u00fccksto\u00dffestigkeit von bis zu 6000j aufweist. Dies ist wirklich ein W\u00e4rmebildzielfernrohr, das auch unter Druck Leistung bringen kann.<\/p>\n<p>&nbsp;<\/p>\n<ul>\n<li>Verschlussloses Design<\/li>\n<li>Schnelle Display<\/li>\n<li>Picatinny-Schienen-Montage<\/li>\n<li>Konstruktion aus 6061er Aluminium-Legierung<\/li>\n<li>Wasserdicht nach IP67<\/li>\n<li>Vergr\u00f6\u00dferung 2,5x-7,5x<\/li>\n<li>Objektiv 25mm\/F1.0<\/li>\n<li>Sensor 384&#215;288 px, 17\u00b5m, 50hz<\/li>\n<li>Dioptrieneinstellung +\/- 5<\/li>\n<li>Aufl\u00f6sung des Okulars 1024&#215;768<\/li>\n<li>Augenabstand 45mm<\/li>\n<li>Austrittspupille 8mm<\/li>\n<li>Bildwinkel (HxV) Grad 14,9 x 11,2<\/li>\n<li>Auswechselbare Absehen (5 Optionen)<\/li>\n<li>Erkennungsweite von Menschen 980m<\/li>\n<li>Fahrzeug-Erkennungsreichweite 1960m<\/li>\n<li>Anzeigeformat Wei\u00df hei\u00df \/ Schwarz hei\u00df \/ Rot hei\u00df \/ Eisenrot \/ Himmel<\/li>\n<li>Entfernungsmesser<\/li>\n<li>Entfernungsmesser Max. Entfernung bis zu 600 m<\/li>\n<li>Genauigkeit des Entfernungsmessers +\/- 0,5 m<\/li>\n<li>Videoausgang Composite Video Out<\/li>\n<li>Defekte Pixel Reparatur<\/li>\n<li>3D-Gyroskop<\/li>\n<li>E-Kompass<\/li>\n<li>Akku Typ 18650 Li-Ion<\/li>\n<li>Gewicht (ohne Batterie) 360g<\/li>\n<li>Einschaltzeit von weniger als 2 Sekunden<\/li>\n<li>Abmessungen 155mm x 74,6mm x 65,5mm<\/li>\n<\/ul>\n","protected":false},"excerpt":{"rendered":"<p>PARD SA 25LRF W\u00c4RMEBILD ZIELFERNROHR Die Pard SA-Serie bietet eine hervorragende Leistung und einen gro\u00dfen Funktionsumfang bei gleichzeitig einfacher Bedienung. Pard hat viel Zeit damit verbracht, das Design so zu gestalten, dass Sie optimal schie\u00dfen k\u00f6nnen; das SA25LRF ist kompakt und leicht, damit Sie Ihr Gewehr bei den entscheidenden Sch\u00fcssen nicht aus dem Gleichgewicht bringen. [&#8230;]\n","protected":false},"featured_media":209553,"comment_status":"open","ping_status":"closed","template":"","meta":[],"product_brand":[],"product_cat":[1376,1132],"product_tag":[],"class_list":{"0":"post-207563","1":"product","2":"type-product","3":"status-publish","4":"has-post-thumbnail","6":"product_cat-warmebildtechnik","7":"product_cat-zielfernrohre","9":"first","10":"onbackorder","11":"taxable","12":"shipping-taxable","13":"purchasable","14":"product-type-simple"},"composite_virtual":false,"composite_layout":"","composite_add_to_cart_form_location":"","composite_editable_in_cart":false,"composite_sold_individually_context":"","composite_shop_price_calc":"","composite_components":[],"composite_scenarios":[],"group_of_quantity":0,"min_quantity":0,"max_quantity":"","exclude_order_quantity_value_rules":"no","exclude_category_quantity_rules":"no","combine_variations":"no","exclude_global_add_ons":[],"addons":[],"_links":{"self":[{"href":"https:\/\/www.huntersfriend.eu\/de\/wp-json\/wp\/v2\/product\/207563","targetHints":{"allow":["GET"]}}],"collection":[{"href":"https:\/\/www.huntersfriend.eu\/de\/wp-json\/wp\/v2\/product"}],"about":[{"href":"https:\/\/www.huntersfriend.eu\/de\/wp-json\/wp\/v2\/types\/product"}],"replies":[{"embeddable":true,"href":"https:\/\/www.huntersfriend.eu\/de\/wp-json\/wp\/v2\/comments?post=207563"}],"wp:featuredmedia":[{"embeddable":true,"href":"https:\/\/www.huntersfriend.eu\/de\/wp-json\/wp\/v2\/media\/209553"}],"wp:attachment":[{"href":"https:\/\/www.huntersfriend.eu\/de\/wp-json\/wp\/v2\/media?parent=207563"}],"wp:term":[{"taxonomy":"product_brand","embeddable":true,"href":"https:\/\/www.huntersfriend.eu\/de\/wp-json\/wp\/v2\/product_brand?post=207563"},{"taxonomy":"product_cat","embeddable":true,"href":"https:\/\/www.huntersfriend.eu\/de\/wp-json\/wp\/v2\/product_cat?post=207563"},{"taxonomy":"product_tag","embeddable":true,"href":"https:\/\/www.huntersfriend.eu\/de\/wp-json\/wp\/v2\/product_tag?post=207563"}],"curies":[{"name":"wp","href":"https:\/\/api.w.org\/{rel}","templated":true}]}}