{"id":207477,"date":"2019-06-19T11:20:11","date_gmt":"2019-06-19T09:20:11","guid":{"rendered":"https:\/\/www.huntersfriend.eu\/product\/207477\/"},"modified":"2026-03-26T13:44:24","modified_gmt":"2026-03-26T11:44:24","slug":"rack-one-boost-hangende-leck-power-station","status":"publish","type":"product","link":"https:\/\/www.huntersfriend.eu\/de\/produkt\/rack-one-boost-hangende-leck-power-station\/","title":{"rendered":"Rack One Boost h\u00e4ngende Lockstation"},"content":{"rendered":"<p>Jagdsaison-Lockmittel in 3 Geschmacksrichtungen:<\/p>\n<p>Apfel, Zuckerr\u00fcbe und Eichel<\/p>\n<p><span lang=\"EN-US\" style=\"margin: 0px; line-height: 107%; font-family: 'Helvetica',sans-serif; font-size: 11.5pt;\"><span style=\"color: #000000;\">Intensivieren Sie Ihre Jagd mit der Rack One Power Station h\u00e4ngendem Lockmittel! Das intensive Aroma von Herbsteichel, knackigem Apfel oder Zuckerr\u00fcbe, aufgeh\u00e4ngt am mitgelieferten Riemen, lockt Rotwild aus ihren Verstecken hervor und erm\u00f6glicht Ihnen beste Chancen, sei es f\u00fcr einen Kamerastandort oder einen Jagdansitz. Mit nat\u00fcrlichen Mineralien zur Geweihentwicklung und Enzymen zur Unterst\u00fctzung einer gesunden Verdauung verbessern Sie Ihre Erfolgsaussichten mit einem Power Station Premium-Lockmittel.  <\/span><\/span><\/p>\n<p>2,18 kg Block<\/p>\n","protected":false},"excerpt":{"rendered":"<p>2,18 kg Block<\/p>\n","protected":false},"featured_media":40546,"comment_status":"open","ping_status":"closed","template":"","meta":[],"product_brand":[],"product_cat":[1200,1222],"product_tag":[],"class_list":{"0":"post-207477","1":"product","2":"type-product","3":"status-publish","4":"has-post-thumbnail","6":"product_cat-lockstoffe-und-mineralien","7":"product_cat-sonderangebote","9":"first","10":"instock","11":"sale","12":"taxable","13":"shipping-taxable","14":"purchasable","15":"product-type-variable"},"composite_virtual":false,"composite_layout":"","composite_add_to_cart_form_location":"","composite_editable_in_cart":false,"composite_sold_individually_context":"","composite_shop_price_calc":"","composite_components":[],"composite_scenarios":[],"group_of_quantity":0,"min_quantity":0,"max_quantity":"","exclude_order_quantity_value_rules":"no","exclude_category_quantity_rules":"no","combine_variations":"no","exclude_global_add_ons":[],"addons":[],"_links":{"self":[{"href":"https:\/\/www.huntersfriend.eu\/de\/wp-json\/wp\/v2\/product\/207477","targetHints":{"allow":["GET"]}}],"collection":[{"href":"https:\/\/www.huntersfriend.eu\/de\/wp-json\/wp\/v2\/product"}],"about":[{"href":"https:\/\/www.huntersfriend.eu\/de\/wp-json\/wp\/v2\/types\/product"}],"replies":[{"embeddable":true,"href":"https:\/\/www.huntersfriend.eu\/de\/wp-json\/wp\/v2\/comments?post=207477"}],"wp:featuredmedia":[{"embeddable":true,"href":"https:\/\/www.huntersfriend.eu\/de\/wp-json\/wp\/v2\/media\/40546"}],"wp:attachment":[{"href":"https:\/\/www.huntersfriend.eu\/de\/wp-json\/wp\/v2\/media?parent=207477"}],"wp:term":[{"taxonomy":"product_brand","embeddable":true,"href":"https:\/\/www.huntersfriend.eu\/de\/wp-json\/wp\/v2\/product_brand?post=207477"},{"taxonomy":"product_cat","embeddable":true,"href":"https:\/\/www.huntersfriend.eu\/de\/wp-json\/wp\/v2\/product_cat?post=207477"},{"taxonomy":"product_tag","embeddable":true,"href":"https:\/\/www.huntersfriend.eu\/de\/wp-json\/wp\/v2\/product_tag?post=207477"}],"curies":[{"name":"wp","href":"https:\/\/api.w.org\/{rel}","templated":true}]}}